{"id":993,"date":"2018-02-03T18:28:02","date_gmt":"2018-02-03T18:28:02","guid":{"rendered":"http:\/\/burgspiele-altleiningen.net\/?page_id=993"},"modified":"2018-02-03T18:44:40","modified_gmt":"2018-02-03T18:44:40","slug":"2014-weltuntergang-2","status":"publish","type":"page","link":"https:\/\/burgspiele-test.net\/?page_id=993","title":{"rendered":"2014 &#8211; Weltuntergang"},"content":{"rendered":"<h6 style=\"text-align: center;\"><strong>&#8222;<\/strong><strong><em>Wenn die Sph\u00e4renharmonie gest\u00f6rt ist<\/em><\/strong><strong>&#8220; <\/strong><em>(Benjamin Fiege)<\/em><\/h6>\n<p>&nbsp;<\/p>\n<p style=\"text-align: center;\"><em>Quelle: Verlag: DIE RHEINPFALZ,<br \/>\nPublikation: Unterhaardter Rundschau, 1. Juli 2014<\/em><\/p>\n<p>&nbsp;<\/p>\n<h6 style=\"text-align: center;\">ALTLEININGEN:<br \/>\nGelungene Premiere der Kom\u00f6die &#8222;Weltuntergang&#8220;<br \/>\nbei den Burgspielen Altleiningen<\/h6>\n<p>&nbsp;<\/p>\n<p>Trotz harter Konkurrenz durch die Fu\u00dfball-Weltmeisterschaft zog es am Samstag doch der eine oder andere vor, das heimische Sofa Sofa sein zu lassen und bei den Burgspielen Altleiningen vorbeizuschauen. Und diese Wagemutigen wurden nicht entt\u00e4uscht: Das Theater-Ensemble brillierte vor fast ausverkauftem Haus bei der Umsetzung der Kom\u00f6die &#8222;Weltuntergang&#8220; (1936) des \u00f6sterreichischen Autoren Jura Soyfer.<\/p>\n<p>Die drohende Apokalypse &#8211; ohnehin dramatischer, als es das Spiel Brasilien-Chile jemals sein k\u00f6nnte.<br \/>\nNein, es ist trotz des hohen unterhaltsamen Werts dieses St\u00fccks beileibe kein leichter Stoff, den sich die Altleininger Kulturschaffenden da f\u00fcr diesen Sommer ausgesucht haben. Das St\u00fcck ist, mit dem heutigen Wissen, von nahezu unheimlicher prophetischer Qualit\u00e4t. Das B\u00f6se liegt in der Luft. Es scheint, als h\u00e4tte Autor Soyfer die dunkeln Wolken der herannahenden Katastrophe, des Zweiten Weltkriegs, irgendwie vorhergesehen.<\/p>\n<figure id=\"attachment_669\" aria-describedby=\"caption-attachment-669\" style=\"width: 300px\" class=\"wp-caption alignleft\"><img loading=\"lazy\" decoding=\"async\" class=\"wp-image-669 size-medium\" src=\"https:\/\/burgspiele-test.net\/wp-content\/uploads\/2017\/12\/weltuntergang-planeten-300x240.jpg\" alt=\"\" width=\"300\" height=\"240\" srcset=\"https:\/\/burgspiele-test.net\/wp-content\/uploads\/2017\/12\/weltuntergang-planeten-300x240.jpg 300w, https:\/\/burgspiele-test.net\/wp-content\/uploads\/2017\/12\/weltuntergang-planeten-338x270.jpg 338w, https:\/\/burgspiele-test.net\/wp-content\/uploads\/2017\/12\/weltuntergang-planeten.jpg 600w\" sizes=\"auto, (max-width: 300px) 100vw, 300px\" \/><figcaption id=\"caption-attachment-669\" class=\"wp-caption-text\"><em>Der &#8222;Planetenreigen&#8220;: Mond, Komet &#8222;Konrad&#8220;, Venus, Mars und Saturn kreisen um die Sonne<\/em><\/figcaption><\/figure>\n<p>Das St\u00fcck beginnt miteinem Planetenwalzer. Die Sonne dirigiert dabei Mars, Venus und Saturn. Hervorragend: die Kost\u00fcmierung. Schon alleine f\u00fcr den Fleisch gewordenen Saturn (Alexander Maier) h\u00e4tte sich die Anreise zur Burg gelohnt.<\/p>\n<p>Die kosmische Harmonie wird aber von der Erde gest\u00f6rt, die aus dem Takt ger\u00e4t. Schnell ist der Schuldige ausgemacht: der Mensch. Das planetarische Gericht entschlie\u00dft sich daher, dem Menschen den Garaus zu machen, um wieder sph\u00e4rische Vollkommenheit herzustellen. Die Vernichtung soll durch einen Aufprall des Kometen Konrad bewerkstelligt werden.<\/p>\n<figure id=\"attachment_667\" aria-describedby=\"caption-attachment-667\" style=\"width: 257px\" class=\"wp-caption alignright\"><img loading=\"lazy\" decoding=\"async\" class=\"wp-image-667 \" src=\"https:\/\/burgspiele-test.net\/wp-content\/uploads\/2017\/12\/weltuntergang-guck-196x300.jpg\" alt=\"\" width=\"257\" height=\"393\" srcset=\"https:\/\/burgspiele-test.net\/wp-content\/uploads\/2017\/12\/weltuntergang-guck-196x300.jpg 196w, https:\/\/burgspiele-test.net\/wp-content\/uploads\/2017\/12\/weltuntergang-guck-176x270.jpg 176w, https:\/\/burgspiele-test.net\/wp-content\/uploads\/2017\/12\/weltuntergang-guck.jpg 400w\" sizes=\"auto, (max-width: 257px) 100vw, 257px\" \/><figcaption id=\"caption-attachment-667\" class=\"wp-caption-text\"><em>Professor Guck alias Alexander Maier<\/em><\/figcaption><\/figure>\n<p>Auf der Erde ist Professor Guck der einzige, der den drohenden Weltuntergang verhindern k\u00f6nnte. Er hat sogar eine Erfindung entwickelt, die den Kometen Konrad von der Erde ablenken k\u00f6nnte. Doch niemand will ihm zuh\u00f6ren &#8230;<\/p>\n<p>32 Charaktere hat Jura Soyfer in seine satirische Kom\u00f6die gepackt. Unter der Leitung von Susanne Rechner und Manuela Spie\u00df schl\u00fcpfen 13 Schauspieler in jeweils zwei bis vier Rollen. Das bedeutete: Hinter den Kulissen war immer m\u00e4chtig Betrieb. Binnen k\u00fcrzester Zeit musste sich umgeschminkt und umgezogen werden. Eine gro\u00dfe, logistische Herausforderung f\u00fcr das Ensemble, die dieses fantastisch gemeistert hat.<\/p>\n<p>&nbsp;<\/p>\n<figure id=\"attachment_672\" aria-describedby=\"caption-attachment-672\" style=\"width: 300px\" class=\"wp-caption alignnone\"><img loading=\"lazy\" decoding=\"async\" class=\"wp-image-672 size-medium\" src=\"https:\/\/burgspiele-test.net\/wp-content\/uploads\/2017\/12\/weltuntergang-amerika-300x206.jpg\" alt=\"\" width=\"300\" height=\"206\" srcset=\"https:\/\/burgspiele-test.net\/wp-content\/uploads\/2017\/12\/weltuntergang-amerika-300x206.jpg 300w, https:\/\/burgspiele-test.net\/wp-content\/uploads\/2017\/12\/weltuntergang-amerika-393x270.jpg 393w, https:\/\/burgspiele-test.net\/wp-content\/uploads\/2017\/12\/weltuntergang-amerika.jpg 400w\" sizes=\"auto, (max-width: 300px) 100vw, 300px\" \/><figcaption id=\"caption-attachment-672\" class=\"wp-caption-text\"><em>Der amerikanische Jet-Set kurz vor dem Start der rettenden Rakete &#8230;<\/em><\/figcaption><\/figure>\n<figure id=\"attachment_668\" aria-describedby=\"caption-attachment-668\" style=\"width: 300px\" class=\"wp-caption aligncenter\"><img loading=\"lazy\" decoding=\"async\" class=\"wp-image-668 size-medium\" src=\"https:\/\/burgspiele-test.net\/wp-content\/uploads\/2017\/12\/weltuntergang-journalisten-300x192.jpg\" alt=\"\" width=\"300\" height=\"192\" srcset=\"https:\/\/burgspiele-test.net\/wp-content\/uploads\/2017\/12\/weltuntergang-journalisten-300x192.jpg 300w, https:\/\/burgspiele-test.net\/wp-content\/uploads\/2017\/12\/weltuntergang-journalisten.jpg 400w\" sizes=\"auto, (max-width: 300px) 100vw, 300px\" \/><figcaption id=\"caption-attachment-668\" class=\"wp-caption-text\"><em>&#8230; w\u00e4hrend Journalisten permanent das Geschehen auf dem Erdball verfolgen<\/em><\/figcaption><\/figure>\n<p>Fantastisch gemeistert hat auch Alexander Maier seine(n) Job(s). Seine Darstellung des an seinen Mitmenschen schier verzweifelnden Professor Gucks war auf den Punkt gebracht. Man konnte fast Mitleid mit ihm haben.<\/p>\n<figure id=\"attachment_671\" aria-describedby=\"caption-attachment-671\" style=\"width: 223px\" class=\"wp-caption alignright\"><img loading=\"lazy\" decoding=\"async\" class=\"wp-image-671 size-medium\" src=\"https:\/\/burgspiele-test.net\/wp-content\/uploads\/2017\/12\/weltuntergang-fuehrer-223x300.jpg\" alt=\"\" width=\"223\" height=\"300\" srcset=\"https:\/\/burgspiele-test.net\/wp-content\/uploads\/2017\/12\/weltuntergang-fuehrer-223x300.jpg 223w, https:\/\/burgspiele-test.net\/wp-content\/uploads\/2017\/12\/weltuntergang-fuehrer-200x270.jpg 200w, https:\/\/burgspiele-test.net\/wp-content\/uploads\/2017\/12\/weltuntergang-fuehrer.jpg 400w\" sizes=\"auto, (max-width: 223px) 100vw, 223px\" \/><figcaption id=\"caption-attachment-671\" class=\"wp-caption-text\"><em>Moses Back in der Rolle des &#8222;F\u00fchrers&#8220;<\/em><\/figcaption><\/figure>\n<p>Auch Moses Back wusste in seiner Rolle besonders zu gefallen. Back gab in dem St\u00fcck den &#8222;F\u00fchrer&#8220;, eine Figur, die unzweifelhaft Adolf Hitler nachempfunden war. Da gab es anfangs nur zaghafte Lacher, man traute sich im Publikum nicht so richtig. \u00dcber Hitler lachen, darf man das? Der altbekannte &#8222;Ho-ho-ho&#8220;-Effekt, den schon TV-Entertainer Harald Schmidt immer bei seinem Publikum ausmachte, sobald der Name &#8222;Hitler&#8220; in einem Gag fiel. Da will schlie\u00dflich niemand der erste sein, der sich beim Losprusten wild auf die Schenkel klopft. Es spricht sowohl f\u00fcr das St\u00fcck als auch f\u00fcr Darsteller Back, dass er dieses Eis zu brechen wusste. Als sp\u00e4ter des &#8222;F\u00fchrers&#8220; Stiefel immer wieder slapstickm\u00e4\u00dfig im St\u00fcck auftauchte, um Guck in den Allerwertesten zu treten, da lachte das Publikum lauthals mit.<\/p>\n<p>Und der Rest des Ensembles, zu dem auch T\u00e4nzerinnen der Showtanzgruppe Dauth geh\u00f6rten?<\/p>\n<figure id=\"attachment_673\" aria-describedby=\"caption-attachment-673\" style=\"width: 300px\" class=\"wp-caption aligncenter\"><img loading=\"lazy\" decoding=\"async\" class=\"wp-image-673 size-medium\" src=\"https:\/\/burgspiele-test.net\/wp-content\/uploads\/2017\/12\/weltuntergang-diplomaten-300x205.jpg\" alt=\"\" width=\"300\" height=\"205\" srcset=\"https:\/\/burgspiele-test.net\/wp-content\/uploads\/2017\/12\/weltuntergang-diplomaten-300x205.jpg 300w, https:\/\/burgspiele-test.net\/wp-content\/uploads\/2017\/12\/weltuntergang-diplomaten-395x270.jpg 395w, https:\/\/burgspiele-test.net\/wp-content\/uploads\/2017\/12\/weltuntergang-diplomaten.jpg 500w\" sizes=\"auto, (max-width: 300px) 100vw, 300px\" \/><figcaption id=\"caption-attachment-673\" class=\"wp-caption-text\"><em>Zwei Diplomaten unterhalten sich \u00fcber die &#8222;B\u00fcrden&#8220; des Lebens<\/em><\/figcaption><\/figure>\n<p>Geschlossene Mannschaftsleistung, w\u00fcrde man im Fu\u00dfball sagen. Wir freuen uns auf die n\u00e4chsten Spiele.<\/p>\n<figure id=\"attachment_670\" aria-describedby=\"caption-attachment-670\" style=\"width: 371px\" class=\"wp-caption aligncenter\"><img loading=\"lazy\" decoding=\"async\" class=\"wp-image-670 \" src=\"https:\/\/burgspiele-test.net\/wp-content\/uploads\/2017\/12\/weltuntergang-schlussapplaus-300x106.jpg\" alt=\"\" width=\"371\" height=\"131\" srcset=\"https:\/\/burgspiele-test.net\/wp-content\/uploads\/2017\/12\/weltuntergang-schlussapplaus-300x106.jpg 300w, https:\/\/burgspiele-test.net\/wp-content\/uploads\/2017\/12\/weltuntergang-schlussapplaus.jpg 600w\" sizes=\"auto, (max-width: 371px) 100vw, 371px\" \/><figcaption id=\"caption-attachment-670\" class=\"wp-caption-text\"><em>Schlussapplaus bei der Premiere 2014<\/em><\/figcaption><\/figure>\n","protected":false},"excerpt":{"rendered":"<p>&#8222;Wenn die Sph\u00e4renharmonie gest\u00f6rt ist&#8220; (Benjamin Fiege) &nbsp; Quelle: Verlag: DIE RHEINPFALZ, Publikation: Unterhaardter Rundschau, 1. Juli 2014 &nbsp; ALTLEININGEN: Gelungene Premiere der Kom\u00f6die &#8222;Weltuntergang&#8220; bei den Burgspielen Altleiningen &nbsp; Trotz harter Konkurrenz durch die Fu\u00dfball-Weltmeisterschaft zog es am Samstag&hellip; <\/p>\n","protected":false},"author":1,"featured_media":0,"parent":187,"menu_order":0,"comment_status":"closed","ping_status":"closed","template":"","meta":{"footnotes":""},"class_list":["post-993","page","type-page","status-publish","hentry"],"_links":{"self":[{"href":"https:\/\/burgspiele-test.net\/index.php?rest_route=\/wp\/v2\/pages\/993","targetHints":{"allow":["GET"]}}],"collection":[{"href":"https:\/\/burgspiele-test.net\/index.php?rest_route=\/wp\/v2\/pages"}],"about":[{"href":"https:\/\/burgspiele-test.net\/index.php?rest_route=\/wp\/v2\/types\/page"}],"author":[{"embeddable":true,"href":"https:\/\/burgspiele-test.net\/index.php?rest_route=\/wp\/v2\/users\/1"}],"replies":[{"embeddable":true,"href":"https:\/\/burgspiele-test.net\/index.php?rest_route=%2Fwp%2Fv2%2Fcomments&post=993"}],"version-history":[{"count":12,"href":"https:\/\/burgspiele-test.net\/index.php?rest_route=\/wp\/v2\/pages\/993\/revisions"}],"predecessor-version":[{"id":1462,"href":"https:\/\/burgspiele-test.net\/index.php?rest_route=\/wp\/v2\/pages\/993\/revisions\/1462"}],"up":[{"embeddable":true,"href":"https:\/\/burgspiele-test.net\/index.php?rest_route=\/wp\/v2\/pages\/187"}],"wp:attachment":[{"href":"https:\/\/burgspiele-test.net\/index.php?rest_route=%2Fwp%2Fv2%2Fmedia&parent=993"}],"curies":[{"name":"wp","href":"https:\/\/api.w.org\/{rel}","templated":true}]}}