{"id":986,"date":"2018-02-03T18:17:41","date_gmt":"2018-02-03T18:17:41","guid":{"rendered":"http:\/\/burgspiele-altleiningen.net\/?page_id=986"},"modified":"2018-02-03T18:46:07","modified_gmt":"2018-02-03T18:46:07","slug":"2015-buergerpreis","status":"publish","type":"page","link":"https:\/\/burgspiele-test.net\/?page_id=986","title":{"rendered":"2015 &#8211; B\u00fcrgerpreis"},"content":{"rendered":"<h6 style=\"text-align: center;\">&#8222;<em>Applaus und klingende M\u00fcnze f\u00fcr K\u00fcnstler<\/em>&#8220; <em>(gel)<\/em><\/h6>\n<p>&nbsp;<\/p>\n<h6 style=\"text-align: center;\"><em>Quelle: Verlag: DIE RHEINPFALZ, Publikation:<br \/>\nUnterhaardter Rundschau, 15. Juni 2015<\/em><\/h6>\n<h6 style=\"text-align: center;\"><em>\u00a0<\/em><\/h6>\n<h6 style=\"text-align: center;\">BAD D\u00dcRKHEIM:<br \/>\nB\u00fcrgerpreis des Landkreises geht an die Burgspiele Altleiningen<\/h6>\n<p>&nbsp;<\/p>\n<p>Im Rahmen des Tags der offenen T\u00fcr in der Kreisverwaltung Bad D\u00fcrkheim wurden am Samstag die Burgspiele Altleiningen, das Deutsche Film- und Fototechnikmuseum Deidesheim sowie die Blumenfrauen aus Kallstadt mit dem B\u00fcrgerpreis des Landkreises ausgezeichnet.<\/p>\n<figure id=\"attachment_339\" aria-describedby=\"caption-attachment-339\" style=\"width: 300px\" class=\"wp-caption aligncenter\"><img loading=\"lazy\" decoding=\"async\" class=\"wp-image-339 size-medium\" src=\"https:\/\/burgspiele-test.net\/wp-content\/uploads\/2017\/12\/buergerpreis1-300x182.jpg\" alt=\"\" width=\"300\" height=\"182\" srcset=\"https:\/\/burgspiele-test.net\/wp-content\/uploads\/2017\/12\/buergerpreis1-300x182.jpg 300w, https:\/\/burgspiele-test.net\/wp-content\/uploads\/2017\/12\/buergerpreis1-768x467.jpg 768w, https:\/\/burgspiele-test.net\/wp-content\/uploads\/2017\/12\/buergerpreis1-444x270.jpg 444w, https:\/\/burgspiele-test.net\/wp-content\/uploads\/2017\/12\/buergerpreis1.jpg 850w\" sizes=\"auto, (max-width: 300px) 100vw, 300px\" \/><figcaption id=\"caption-attachment-339\" class=\"wp-caption-text\"><em>Landrat Ihlenfeld bei seiner Laudatio<\/em><\/figcaption><\/figure>\n<p>&#8222;Wir haben im Kreis Bad D\u00fcrkheim ein gewaltiges ehrenamtliches Engagement&#8220;, stellte Landrat Hans-Ulrich Ihlenfeld in seiner Laudatio fest. Der Staat k\u00f6nne all die damit verbundenen Leistungen gar nicht bezahlen. Insofern sei das &#8222;ein St\u00fcck Gl\u00fcck&#8220; f\u00fcr jeden, der davon profitiere &#8211; und ebenso f\u00fcr alle, die sich engagierten und in ihrem Tun Erf\u00fcllung f\u00e4nden. Mit ihrem B\u00fcrgerpreis wolle die Stiftung des Landkreises diesen Einsatz unterst\u00fctzen und gleichzeitig daf\u00fcr danken.<\/p>\n<p>Unter 17 eingereichten Vorschl\u00e4gen wurden die Burgspiele Altleiningen mit dem ersten Preis ausgezeichnet. Der Landrat schw\u00e4rmte von Lage und Atmosph\u00e4re der Spielst\u00e4tte, die zu dem &#8222;wunderbaren Erlebnis&#8220; dort beitr\u00fcgen. Vor allem aber w\u00fcrdigte er die Menschen, die dazu beigetragen haben, dass sich seit 1980 auf der Burg ein weit \u00fcber die Grenzen des Landkreises hinaus renommiertes Amateurtheater entwickeln konnte.<\/p>\n<p>Die 50 Mitglieder zwischen zehn und 80 Jahren z\u00e4hlende Truppe erweise sich als Generationen \u00fcbergreifendes Projekt und habe mittlerweile zw\u00f6lf Inszenierungen auf die B\u00fchne gebracht. Als &#8222;Theaterburg Altleiningen&#8220; biete die Gruppe seit 2007 in Kooperation mit dem Deutschen Jugendherbergswerk, der Kreisvolkshochschule und der Verbandsgemeinde Hettenleidelheim au\u00dferdem Wochenend- und Ferienkurse sowie Aus- und Weiterbildung an.<\/p>\n<p>&#8222;Der Applaus ist das Brot des K\u00fcnstlers&#8220; &#8211; mit launigen Worten bedankte sich die Vereinsvorsitzende Susanne Rechner bei der Festgesellschaft f\u00fcr &#8222;die erhaltene Nahrung&#8220; und bei der Jury daf\u00fcr, dass in Form von klingender M\u00fcnze &#8222;Butter bei die Fische&#8220; gekommen sei.<\/p>\n<figure id=\"attachment_340\" aria-describedby=\"caption-attachment-340\" style=\"width: 300px\" class=\"wp-caption aligncenter\"><img loading=\"lazy\" decoding=\"async\" class=\"wp-image-340 size-medium\" src=\"https:\/\/burgspiele-test.net\/wp-content\/uploads\/2017\/12\/buergerpreis2-300x153.jpg\" alt=\"\" width=\"300\" height=\"153\" srcset=\"https:\/\/burgspiele-test.net\/wp-content\/uploads\/2017\/12\/buergerpreis2-300x153.jpg 300w, https:\/\/burgspiele-test.net\/wp-content\/uploads\/2017\/12\/buergerpreis2-768x391.jpg 768w, https:\/\/burgspiele-test.net\/wp-content\/uploads\/2017\/12\/buergerpreis2-530x270.jpg 530w, https:\/\/burgspiele-test.net\/wp-content\/uploads\/2017\/12\/buergerpreis2.jpg 850w\" sizes=\"auto, (max-width: 300px) 100vw, 300px\" \/><figcaption id=\"caption-attachment-340\" class=\"wp-caption-text\"><em>Die Vorsitzende Susanne Rechner nimmt die Auszeichnung entgegen.<\/em><\/figcaption><\/figure>\n<p>Wer ihre tolle Truppe weiter &#8222;f\u00fcttern&#8220; wolle, der sei herzlich eingeladen zu den aktuellen Auff\u00fchrungen. Gespielt wird ab 20. Juni &#8222;Katharina Knie&#8220;, ein Seilt\u00e4nzerst\u00fcck von Carl Zuckmayer.<\/p>\n<p>Musikalisch umrahmt wurde die Preisverleihung, der zahlreiche Kreistagsabgeordnete und politische Entscheidungstr\u00e4ger aus den Orts- und Verbandsgemeinden beiwohnten, durch den Violinisten Istvan Kuruc, der an der Musikschule Ha\u00dfloch unterrichtet. (gel)<\/p>\n","protected":false},"excerpt":{"rendered":"<p>&#8222;Applaus und klingende M\u00fcnze f\u00fcr K\u00fcnstler&#8220; (gel) &nbsp; Quelle: Verlag: DIE RHEINPFALZ, Publikation: Unterhaardter Rundschau, 15. Juni 2015 \u00a0 BAD D\u00dcRKHEIM: B\u00fcrgerpreis des Landkreises geht an die Burgspiele Altleiningen &nbsp; Im Rahmen des Tags der offenen T\u00fcr in der Kreisverwaltung&hellip; <\/p>\n","protected":false},"author":1,"featured_media":0,"parent":187,"menu_order":0,"comment_status":"closed","ping_status":"closed","template":"","meta":{"footnotes":""},"class_list":["post-986","page","type-page","status-publish","hentry"],"_links":{"self":[{"href":"https:\/\/burgspiele-test.net\/index.php?rest_route=\/wp\/v2\/pages\/986","targetHints":{"allow":["GET"]}}],"collection":[{"href":"https:\/\/burgspiele-test.net\/index.php?rest_route=\/wp\/v2\/pages"}],"about":[{"href":"https:\/\/burgspiele-test.net\/index.php?rest_route=\/wp\/v2\/types\/page"}],"author":[{"embeddable":true,"href":"https:\/\/burgspiele-test.net\/index.php?rest_route=\/wp\/v2\/users\/1"}],"replies":[{"embeddable":true,"href":"https:\/\/burgspiele-test.net\/index.php?rest_route=%2Fwp%2Fv2%2Fcomments&post=986"}],"version-history":[{"count":3,"href":"https:\/\/burgspiele-test.net\/index.php?rest_route=\/wp\/v2\/pages\/986\/revisions"}],"predecessor-version":[{"id":989,"href":"https:\/\/burgspiele-test.net\/index.php?rest_route=\/wp\/v2\/pages\/986\/revisions\/989"}],"up":[{"embeddable":true,"href":"https:\/\/burgspiele-test.net\/index.php?rest_route=\/wp\/v2\/pages\/187"}],"wp:attachment":[{"href":"https:\/\/burgspiele-test.net\/index.php?rest_route=%2Fwp%2Fv2%2Fmedia&parent=986"}],"curies":[{"name":"wp","href":"https:\/\/api.w.org\/{rel}","templated":true}]}}