{"id":975,"date":"2018-02-03T18:01:33","date_gmt":"2018-02-03T18:01:33","guid":{"rendered":"http:\/\/burgspiele-altleiningen.net\/?page_id=975"},"modified":"2018-02-10T14:19:10","modified_gmt":"2018-02-10T14:19:10","slug":"2016-die-baronin-und-die-sau","status":"publish","type":"page","link":"https:\/\/burgspiele-test.net\/?page_id=975","title":{"rendered":"2016 &#8211; Die Baronin und die Sau"},"content":{"rendered":"<h3 style=\"text-align: center;\" align=\"center\"><span class=\"style10\">Die Baronin und die Sau <\/span><\/h3>\n<p style=\"text-align: center;\" align=\"center\"><em>(Kom\u00f6die von Michael Mackenzie)<\/em><\/p>\n<p>Ein Landsitz &#8222;im S\u00fcden&#8220; zum Beginn des 20. Jahrhunderts: die Baronin sucht bereits zum dritten Mal im Verlauf des Jahres ein Dienstm\u00e4dchen &#8211; immer erweisen diese sich als undankbar und k\u00fcndigen nach kurzer Zeit. Nun nimmt sie die Dinge in die Hand und will sich ein M\u00e4dchen, das im Schweinestall aufgewachsen ist zur perfekten Zofe erziehen.<\/p>\n<h6 style=\"text-align: center;\" align=\"center\"><span class=\"style10\"><img loading=\"lazy\" decoding=\"async\" class=\"size-medium wp-image-674 alignleft\" src=\"https:\/\/burgspiele-test.net\/wp-content\/uploads\/2017\/12\/baronin-gruppe3-225x300.jpg\" alt=\"\" width=\"225\" height=\"300\" srcset=\"https:\/\/burgspiele-test.net\/wp-content\/uploads\/2017\/12\/baronin-gruppe3-225x300.jpg 225w, https:\/\/burgspiele-test.net\/wp-content\/uploads\/2017\/12\/baronin-gruppe3-203x270.jpg 203w, https:\/\/burgspiele-test.net\/wp-content\/uploads\/2017\/12\/baronin-gruppe3.jpg 319w\" sizes=\"auto, (max-width: 225px) 100vw, 225px\" \/><\/span><\/h6>\n<p>Eine Entwicklungsgeschichte mit Ankl\u00e4ngen an &#8222;Kaspar Hauser&#8220; und &#8222;Emile&#8220; von Rousseau: zwei augenscheinlich ungleiche Frauen, die sich im Laufe der Zeit einander ann\u00e4hern und zu einer Gemeinschaft werden. Die spannende Frage dabei ist: Wer erzieht hier wen? Wer verhilft wem zu W\u00fcrde und Menschlichkeit?<\/p>\n<p>Das St\u00fcck des kanadischen Autors Mackenzie (2002 auch erfolgreich verfilmt) ist eine wunderbar leichte Groteske mit zum Teil absurder Komik!<\/p>\n","protected":false},"excerpt":{"rendered":"<p>Die Baronin und die Sau (Kom\u00f6die von Michael Mackenzie) Ein Landsitz &#8222;im S\u00fcden&#8220; zum Beginn des 20. Jahrhunderts: die Baronin sucht bereits zum dritten Mal im Verlauf des Jahres ein Dienstm\u00e4dchen &#8211; immer erweisen diese sich als undankbar und k\u00fcndigen&hellip; <\/p>\n","protected":false},"author":1,"featured_media":0,"parent":71,"menu_order":0,"comment_status":"closed","ping_status":"closed","template":"","meta":{"footnotes":""},"class_list":["post-975","page","type-page","status-publish","hentry"],"_links":{"self":[{"href":"https:\/\/burgspiele-test.net\/index.php?rest_route=\/wp\/v2\/pages\/975","targetHints":{"allow":["GET"]}}],"collection":[{"href":"https:\/\/burgspiele-test.net\/index.php?rest_route=\/wp\/v2\/pages"}],"about":[{"href":"https:\/\/burgspiele-test.net\/index.php?rest_route=\/wp\/v2\/types\/page"}],"author":[{"embeddable":true,"href":"https:\/\/burgspiele-test.net\/index.php?rest_route=\/wp\/v2\/users\/1"}],"replies":[{"embeddable":true,"href":"https:\/\/burgspiele-test.net\/index.php?rest_route=%2Fwp%2Fv2%2Fcomments&post=975"}],"version-history":[{"count":5,"href":"https:\/\/burgspiele-test.net\/index.php?rest_route=\/wp\/v2\/pages\/975\/revisions"}],"predecessor-version":[{"id":1084,"href":"https:\/\/burgspiele-test.net\/index.php?rest_route=\/wp\/v2\/pages\/975\/revisions\/1084"}],"up":[{"embeddable":true,"href":"https:\/\/burgspiele-test.net\/index.php?rest_route=\/wp\/v2\/pages\/71"}],"wp:attachment":[{"href":"https:\/\/burgspiele-test.net\/index.php?rest_route=%2Fwp%2Fv2%2Fmedia&parent=975"}],"curies":[{"name":"wp","href":"https:\/\/api.w.org\/{rel}","templated":true}]}}