{"id":959,"date":"2018-02-03T17:14:41","date_gmt":"2018-02-03T17:14:41","guid":{"rendered":"http:\/\/burgspiele-altleiningen.net\/?page_id=959"},"modified":"2018-02-23T18:56:03","modified_gmt":"2018-02-23T18:56:03","slug":"2015-katharina-knie","status":"publish","type":"page","link":"https:\/\/burgspiele-test.net\/?page_id=959","title":{"rendered":"2015 &#8211; Katharina Knie"},"content":{"rendered":"<h5 style=\"text-align: center;\">\u201eKatharina Knie\u201c bei den Burgspielen<\/h5>\n<p>&nbsp;<\/p>\n<p style=\"text-align: center;\"><em>Quelle: Ausgabe S\u00dcWE &#8211; Wochenblatt Gr\u00fcnstadt &#8211;<br \/>\nNr. 101. Datum: Donnerstag, 2. Juli 2015<\/em><\/p>\n<h6 style=\"text-align: center;\">Altleiningen:<br \/>\nBer\u00fchrend und unterhaltsam:<br \/>\nerfolgreiche Premiere der Burgspiele Altleiningen<\/h6>\n<p>&nbsp;<\/p>\n<p>Carl Zuckmayers \u201eKatharina Knie\u201c geh\u00f6rt zu seinen St\u00fccken, die eher selten auf den Spielpl\u00e4nen der Theater zu finden sind \u2013 dass dieses von ihm so genannte Seilt\u00e4nzerst\u00fcck aber durchaus auch heute noch reizvoll und sehenswert ist, zeigen die Burgspieler seit dem 21. Juni 2015 auf ihrer B\u00fchne in Altleiningen.<\/p>\n<p>Die Geschichte ist relativ einfach erz\u00e4hlt: eine junge Frau \u2013 die designierte Nachfolgerin im Zirkus-Unternehmen ihres Vaters \u2013 verliebt sich in einen Mann und ist infolgedessen hin- und hergerissen zwischen dem Anspruch, ihrer Pflicht zu gen\u00fcgen und den Betrieb zu erhalten, und dem Wunsch, sesshaft zu werden und eine Familie zu gr\u00fcnden.<\/p>\n<p>Insofern also eine Geschichte, die zeitlos ist und sich so \u00e4hnlich auch heute noch zutr\u00e4gt. Zuckmayer setzt diese \u201eStory\u201c in den Zusammenhang von Mega-Inflation 1923\/1924, sinkendem Stern der Wander-Zirkusse und aufkommendem Kino, und w\u00fcrzt das Ganze mit bodenst\u00e4ndigen Typen, die mit viel Mutterwitz daf\u00fcr sorgen, dass die Geschichte nicht sentimental wird.<\/p>\n<p>Und in den Burgspielen Altleiningen findet sich f\u00fcr diese St\u00fcck der richtige Anwalt: in der Inszenierung von Wolfgang Mettenberger (Heidelberg) machen zw\u00f6lf famos aufspielende Schauspieler das Zuschauen zum Genuss:<\/p>\n<figure id=\"attachment_353\" aria-describedby=\"caption-attachment-353\" style=\"width: 246px\" class=\"wp-caption alignleft\"><img loading=\"lazy\" decoding=\"async\" class=\"wp-image-353 size-medium\" src=\"https:\/\/burgspiele-test.net\/wp-content\/uploads\/2017\/12\/katharinaknie11-246x300.jpg\" alt=\"\" width=\"246\" height=\"300\" srcset=\"https:\/\/burgspiele-test.net\/wp-content\/uploads\/2017\/12\/katharinaknie11-246x300.jpg 246w, https:\/\/burgspiele-test.net\/wp-content\/uploads\/2017\/12\/katharinaknie11-222x270.jpg 222w, https:\/\/burgspiele-test.net\/wp-content\/uploads\/2017\/12\/katharinaknie11.jpg 340w\" sizes=\"auto, (max-width: 246px) 100vw, 246px\" \/><figcaption id=\"caption-attachment-353\" class=\"wp-caption-text\"><em>Kommiss\u00e4r Dillinger (Franz-Josef Busch)<\/em><\/figcaption><\/figure>\n<figure id=\"attachment_352\" aria-describedby=\"caption-attachment-352\" style=\"width: 276px\" class=\"wp-caption alignright\"><img loading=\"lazy\" decoding=\"async\" class=\"wp-image-352 size-medium\" src=\"https:\/\/burgspiele-test.net\/wp-content\/uploads\/2017\/12\/katharinaknie10-276x300.jpg\" alt=\"\" width=\"276\" height=\"300\" srcset=\"https:\/\/burgspiele-test.net\/wp-content\/uploads\/2017\/12\/katharinaknie10-276x300.jpg 276w, https:\/\/burgspiele-test.net\/wp-content\/uploads\/2017\/12\/katharinaknie10-249x270.jpg 249w, https:\/\/burgspiele-test.net\/wp-content\/uploads\/2017\/12\/katharinaknie10.jpg 340w\" sizes=\"auto, (max-width: 276px) 100vw, 276px\" \/><figcaption id=\"caption-attachment-352\" class=\"wp-caption-text\"><em>Die Gerichtsvollzieherin Membel (rechts, Anja G\u00f6ssling)<\/em><\/figcaption><\/figure>\n<p>&nbsp;<\/p>\n<p>&nbsp;<\/p>\n<p>&nbsp;<\/p>\n<p>&nbsp;<\/p>\n<p>&nbsp;<\/p>\n<p>&nbsp;<\/p>\n<p>&nbsp;<\/p>\n<p>&nbsp;<\/p>\n<p>&nbsp;<\/p>\n<p>&nbsp;<\/p>\n<p>bis in die kleinsten Rollen von Polizist (Franz-Josef Busch) oder Gerichtsvollzieherin (Anja G\u00f6\u00dfling) eine gelungene Charakter-zeichnung. Dar\u00fcber hinaus stimmen B\u00fchnenbild, Musik, Kost\u00fcme und Ausstattung bis aufs i-T\u00fcpfelchen, die stimmungsvolle Beleuchtung und Musik steuern das rechte Zirkus-Feeling bei.<\/p>\n<p>Die Artistenfamilie &#8211; bestehend aus Katharinas Cousins Fritz und Lorenz Knie (Marvin Schmitt und Paul Feldmann), dem \u201eprima Luftarbeiter\u201c Ignaz Scheel (Oliver Kesberger) dem Clown Julius (Martin Steinmetz), dem \u201eItalienerbub\u201c Mario (Leon Radmacher) und der Seele des Zirkus\u201e Bibbo (Susanne Rechner) &#8211; ist bei Zuckmayer zust\u00e4ndig f\u00fcr die heiteren Einlagen: wie sich z.B. \u201eKommunist\u201c Fritz und \u201eBourgeois\u201c Ignaz Wortgefechte liefern, ist das reine Vergn\u00fcgen: da sitzen die Pointen und kein Auge bleibt trocken.<\/p>\n<figure id=\"attachment_354\" aria-describedby=\"caption-attachment-354\" style=\"width: 428px\" class=\"wp-caption aligncenter\"><img loading=\"lazy\" decoding=\"async\" class=\"wp-image-354\" src=\"https:\/\/burgspiele-test.net\/wp-content\/uploads\/2017\/12\/katharinaknie12-300x200.jpg\" alt=\"\" width=\"428\" height=\"285\" srcset=\"https:\/\/burgspiele-test.net\/wp-content\/uploads\/2017\/12\/katharinaknie12-300x200.jpg 300w, https:\/\/burgspiele-test.net\/wp-content\/uploads\/2017\/12\/katharinaknie12-404x270.jpg 404w, https:\/\/burgspiele-test.net\/wp-content\/uploads\/2017\/12\/katharinaknie12.jpg 680w\" sizes=\"auto, (max-width: 428px) 100vw, 428px\" \/><figcaption id=\"caption-attachment-354\" class=\"wp-caption-text\"><em>Die Zirkusfamilie Knie (vlnr: Mario &#8211; Leon Radmacher, Bibbo &#8211; Susanne Rechner, Ignaz &#8211; Oliver Kesberger, Julius &#8211; Martin Steinmetz, Lorenz &#8211; Paul Feldmann, Fritz &#8211; Marvin Schmitt)<\/em><\/figcaption><\/figure>\n<p>&nbsp;<\/p>\n<figure id=\"attachment_346\" aria-describedby=\"caption-attachment-346\" style=\"width: 259px\" class=\"wp-caption alignright\"><img loading=\"lazy\" decoding=\"async\" class=\"wp-image-346 size-medium\" src=\"https:\/\/burgspiele-test.net\/wp-content\/uploads\/2017\/12\/katharinaknie4-259x300.jpg\" alt=\"\" width=\"259\" height=\"300\" srcset=\"https:\/\/burgspiele-test.net\/wp-content\/uploads\/2017\/12\/katharinaknie4-259x300.jpg 259w, https:\/\/burgspiele-test.net\/wp-content\/uploads\/2017\/12\/katharinaknie4-233x270.jpg 233w, https:\/\/burgspiele-test.net\/wp-content\/uploads\/2017\/12\/katharinaknie4.jpg 340w\" sizes=\"auto, (max-width: 259px) 100vw, 259px\" \/><figcaption id=\"caption-attachment-346\" class=\"wp-caption-text\"><em>Ute Schmitt (rechts) in der Rolle der Rothackerin<\/em><\/figcaption><\/figure>\n<p>&nbsp;<\/p>\n<p>Aber auch die leisen T\u00f6ne (hinter der rauhen Schale von Ignaz steck schlie\u00dflich auch ein weicher Kern) kommen bei Oliver Kesberger v\u00f6llig authentisch \u00fcber die Rampe.<\/p>\n<p>&nbsp;<\/p>\n<p>Ute Schmitt erf\u00fcllt ihre beiden Rollen als betrunkener T\u00e4towierer und sp\u00e4ter als vom Leben gezeichnete Mutter Rothacker mit gro\u00dfer Pr\u00e4senz.<\/p>\n<p>&nbsp;<\/p>\n<figure id=\"attachment_348\" aria-describedby=\"caption-attachment-348\" style=\"width: 300px\" class=\"wp-caption alignleft\"><img loading=\"lazy\" decoding=\"async\" class=\"wp-image-348 size-medium\" src=\"https:\/\/burgspiele-test.net\/wp-content\/uploads\/2017\/12\/katharinaknie6-300x242.jpg\" alt=\"\" width=\"300\" height=\"242\" srcset=\"https:\/\/burgspiele-test.net\/wp-content\/uploads\/2017\/12\/katharinaknie6-300x242.jpg 300w, https:\/\/burgspiele-test.net\/wp-content\/uploads\/2017\/12\/katharinaknie6-335x270.jpg 335w, https:\/\/burgspiele-test.net\/wp-content\/uploads\/2017\/12\/katharinaknie6.jpg 340w\" sizes=\"auto, (max-width: 300px) 100vw, 300px\" \/><figcaption id=\"caption-attachment-348\" class=\"wp-caption-text\"><em>Bibbo (Susanne Rechner), die gute Seele des Zirkus&#8216; r\u00e4t Katharina (Manuela Spie\u00df)<\/em><\/figcaption><\/figure>\n<p>&nbsp;<\/p>\n<p>&nbsp;<\/p>\n<p>&nbsp;<\/p>\n<p>Susanne Rechner als Bibbo ist der m\u00fctterliche Gegenpol zu Vater Knie und h\u00e4lt mit dezentem Spiel die F\u00e4den in der Familie in der Hand;<\/p>\n<p>&nbsp;<\/p>\n<p>&nbsp;<\/p>\n<p>&nbsp;<\/p>\n<figure style=\"width: 300px\" class=\"wp-caption alignright\"><img loading=\"lazy\" decoding=\"async\" src=\"https:\/\/burgspiele-test.net\/wp-content\/uploads\/2017\/12\/katharinaknie7-300x289.jpg\" alt=\"\" width=\"300\" height=\"289\" \/><figcaption class=\"wp-caption-text\"><em>Martin Rothacker (Alexander Maier) wirbt um Katharina (Manuela Spie\u00df)<\/em><\/figcaption><\/figure>\n<p>&nbsp;<\/p>\n<p>&nbsp;<\/p>\n<p>Alexander Maier ist ein glaubw\u00fcrdiger Martin Rothacker, der von Katharina bezaubert ist und um seine Liebe k\u00e4mpft.<\/p>\n<p>&nbsp;<\/p>\n<p>&nbsp;<\/p>\n<p>&nbsp;<\/p>\n<p>&nbsp;<\/p>\n<p>&nbsp;<\/p>\n<p>&nbsp;<\/p>\n<figure id=\"attachment_344\" aria-describedby=\"caption-attachment-344\" style=\"width: 300px\" class=\"wp-caption alignleft\"><img loading=\"lazy\" decoding=\"async\" class=\"wp-image-344 size-medium\" src=\"https:\/\/burgspiele-test.net\/wp-content\/uploads\/2017\/12\/katharinaknie2-300x264.jpg\" alt=\"\" width=\"300\" height=\"264\" srcset=\"https:\/\/burgspiele-test.net\/wp-content\/uploads\/2017\/12\/katharinaknie2-300x264.jpg 300w, https:\/\/burgspiele-test.net\/wp-content\/uploads\/2017\/12\/katharinaknie2-307x270.jpg 307w, https:\/\/burgspiele-test.net\/wp-content\/uploads\/2017\/12\/katharinaknie2.jpg 340w\" sizes=\"auto, (max-width: 300px) 100vw, 300px\" \/><figcaption id=\"caption-attachment-344\" class=\"wp-caption-text\"><em>Die Gesichter des Karl Knie (Willy Hiebert): Engagierter Chef der Truppe und liebender Vater<\/em><\/figcaption><\/figure>\n<p>Willy Hiebert als Prinzipal Karl Knie ist schlicht eine Wucht: mit Charme aber auch starker Hand f\u00fchrt er sein Unternehmen, genau wie er seiner Tochter ein zugleich strenger und liebevoller Vater ist. Hiebert ist gro\u00dfartig in seiner Verzweiflung als Katharina den Zirkus verl\u00e4sst und noch viel bewegender in seiner Wiedersehensfreude.<img loading=\"lazy\" decoding=\"async\" class=\"size-medium wp-image-343 alignright\" src=\"https:\/\/burgspiele-test.net\/wp-content\/uploads\/2017\/12\/katharinaknie-1-300x282.jpg\" alt=\"\" width=\"300\" height=\"282\" srcset=\"https:\/\/burgspiele-test.net\/wp-content\/uploads\/2017\/12\/katharinaknie-1-300x282.jpg 300w, https:\/\/burgspiele-test.net\/wp-content\/uploads\/2017\/12\/katharinaknie-1-287x270.jpg 287w, https:\/\/burgspiele-test.net\/wp-content\/uploads\/2017\/12\/katharinaknie-1.jpg 340w\" sizes=\"auto, (max-width: 300px) 100vw, 300px\" \/><\/p>\n<p>&nbsp;<\/p>\n<p>&nbsp;<\/p>\n<p>&nbsp;<\/p>\n<p>&nbsp;<\/p>\n<p>&nbsp;<\/p>\n<p>&nbsp;<\/p>\n<p>&nbsp;<\/p>\n<p>&nbsp;<\/p>\n<p>&nbsp;<\/p>\n<figure id=\"attachment_355\" aria-describedby=\"caption-attachment-355\" style=\"width: 300px\" class=\"wp-caption alignleft\"><img loading=\"lazy\" decoding=\"async\" class=\"wp-image-355 size-medium\" src=\"https:\/\/burgspiele-test.net\/wp-content\/uploads\/2017\/12\/katharinaknie13-300x200.jpg\" alt=\"\" width=\"300\" height=\"200\" srcset=\"https:\/\/burgspiele-test.net\/wp-content\/uploads\/2017\/12\/katharinaknie13-300x200.jpg 300w, https:\/\/burgspiele-test.net\/wp-content\/uploads\/2017\/12\/katharinaknie13.jpg 340w\" sizes=\"auto, (max-width: 300px) 100vw, 300px\" \/><figcaption id=\"caption-attachment-355\" class=\"wp-caption-text\"><em>Katharina (Manuela Spie\u00df) im ersten Teil des St\u00fcckes als jugendliches M\u00e4dchen &#8230;<\/em><\/figcaption><\/figure>\n<p>Und schlie\u00dflich die Titelfigur: Manuela Spie\u00df hat als Katharina Knie zwei Gesichter zu zeigen: im ersten Teil ist sie die noch kindlich-naive Artistin, die sich wie aus heiterem Himmel verliebt. Es ist einfach wundersch\u00f6n, wie sie mit Anmut und neckischem Grinsen dieses Verliebtsein zeigt. Im zweiten Teil ist sie dann eine erwachsene Frau, die eine weittragende Entscheidung treffen muss:<\/p>\n<figure id=\"attachment_337\" aria-describedby=\"caption-attachment-337\" style=\"width: 303px\" class=\"wp-caption alignright\"><img loading=\"lazy\" decoding=\"async\" class=\"wp-image-337 \" src=\"https:\/\/burgspiele-test.net\/wp-content\/uploads\/2017\/12\/katharinaknie15-247x300.jpg\" alt=\"\" width=\"303\" height=\"368\" srcset=\"https:\/\/burgspiele-test.net\/wp-content\/uploads\/2017\/12\/katharinaknie15-247x300.jpg 247w, https:\/\/burgspiele-test.net\/wp-content\/uploads\/2017\/12\/katharinaknie15-222x270.jpg 222w, https:\/\/burgspiele-test.net\/wp-content\/uploads\/2017\/12\/katharinaknie15.jpg 340w\" sizes=\"auto, (max-width: 303px) 100vw, 303px\" \/><figcaption id=\"caption-attachment-337\" class=\"wp-caption-text\"><em>&#8230; und als junge Frau ein Jahr sp\u00e4ter<\/em><\/figcaption><\/figure>\n<p>auch hier nimmt man Manuela Spie\u00df die Sorge um den Zirkus und die Entschlusskraft, die eine Katharina Knie braucht, sofort ab. Die Zerrissenheit, die sie zeigt ist v\u00f6llig stimmig- bis in die feinsten Nuancen stimmt ihr Spiel, so dass der tosende Applaus am Ende mehr als gerechtfertigt ist.<\/p>\n<p>Ein erfolgreicher Theaterabend f\u00fcr die Altleininger, die passenderweise zum 35-j\u00e4hrigen Jubil\u00e4um vor Beginn der Auff\u00fchrung von Landrat Ihlenfeld noch einmal f\u00fcr ihr ehrenamtliches Engagement gew\u00fcrdigt wurden, das eine Woche zuvor erst mit dem B\u00fcrgerpreis des Landkreises Bad D\u00fcrkheim ausgezeichnet wurde (das Wochenblatt berichtete).<\/p>\n<p>&nbsp;<\/p>\n<figure id=\"attachment_338\" aria-describedby=\"caption-attachment-338\" style=\"width: 365px\" class=\"wp-caption aligncenter\"><img loading=\"lazy\" decoding=\"async\" class=\"wp-image-338 \" src=\"https:\/\/burgspiele-test.net\/wp-content\/uploads\/2017\/12\/katharinaknie16-300x161.jpg\" alt=\"\" width=\"365\" height=\"196\" srcset=\"https:\/\/burgspiele-test.net\/wp-content\/uploads\/2017\/12\/katharinaknie16-300x161.jpg 300w, https:\/\/burgspiele-test.net\/wp-content\/uploads\/2017\/12\/katharinaknie16-503x270.jpg 503w, https:\/\/burgspiele-test.net\/wp-content\/uploads\/2017\/12\/katharinaknie16.jpg 680w\" sizes=\"auto, (max-width: 365px) 100vw, 365px\" \/><figcaption id=\"caption-attachment-338\" class=\"wp-caption-text\"><em>Schlussapplaus<\/em><\/figcaption><\/figure>\n","protected":false},"excerpt":{"rendered":"<p>\u201eKatharina Knie\u201c bei den Burgspielen &nbsp; Quelle: Ausgabe S\u00dcWE &#8211; Wochenblatt Gr\u00fcnstadt &#8211; Nr. 101. Datum: Donnerstag, 2. Juli 2015 Altleiningen: Ber\u00fchrend und unterhaltsam: erfolgreiche Premiere der Burgspiele Altleiningen &nbsp; Carl Zuckmayers \u201eKatharina Knie\u201c geh\u00f6rt zu seinen St\u00fccken, die eher&hellip; <\/p>\n","protected":false},"author":1,"featured_media":0,"parent":187,"menu_order":0,"comment_status":"closed","ping_status":"closed","template":"","meta":{"footnotes":""},"class_list":["post-959","page","type-page","status-publish","hentry"],"_links":{"self":[{"href":"https:\/\/burgspiele-test.net\/index.php?rest_route=\/wp\/v2\/pages\/959","targetHints":{"allow":["GET"]}}],"collection":[{"href":"https:\/\/burgspiele-test.net\/index.php?rest_route=\/wp\/v2\/pages"}],"about":[{"href":"https:\/\/burgspiele-test.net\/index.php?rest_route=\/wp\/v2\/types\/page"}],"author":[{"embeddable":true,"href":"https:\/\/burgspiele-test.net\/index.php?rest_route=\/wp\/v2\/users\/1"}],"replies":[{"embeddable":true,"href":"https:\/\/burgspiele-test.net\/index.php?rest_route=%2Fwp%2Fv2%2Fcomments&post=959"}],"version-history":[{"count":12,"href":"https:\/\/burgspiele-test.net\/index.php?rest_route=\/wp\/v2\/pages\/959\/revisions"}],"predecessor-version":[{"id":1466,"href":"https:\/\/burgspiele-test.net\/index.php?rest_route=\/wp\/v2\/pages\/959\/revisions\/1466"}],"up":[{"embeddable":true,"href":"https:\/\/burgspiele-test.net\/index.php?rest_route=\/wp\/v2\/pages\/187"}],"wp:attachment":[{"href":"https:\/\/burgspiele-test.net\/index.php?rest_route=%2Fwp%2Fv2%2Fmedia&parent=959"}],"curies":[{"name":"wp","href":"https:\/\/api.w.org\/{rel}","templated":true}]}}