{"id":828,"date":"2018-01-06T14:53:16","date_gmt":"2018-01-06T14:53:16","guid":{"rendered":"http:\/\/burgspiele-altleiningen.net\/?page_id=828"},"modified":"2020-01-15T17:26:20","modified_gmt":"2020-01-15T17:26:20","slug":"spielzeit-2018","status":"publish","type":"page","link":"https:\/\/burgspiele-test.net\/","title":{"rendered":"Spielzeit 2020"},"content":{"rendered":"\n<p><strong>Herzlich Willkommen bei den Burgspielen Altleiningen!<\/strong><\/p>\n\n\n\n<p>Seit 2016 haben wir f\u00fcr unseren Spielbetrieb einen Zweijahres-Rhythmus eingef\u00fchrt: in &#8222;ungeraden&#8220; Jahren unterhalten wir Sie mit einer gro\u00dfen Sommertheater-Produktion (wie 2017 mit Michael Endes &#8222;Momo&#8220; oder 2019 mit Shakespeares &#8222;Romeo und Julia&#8220;), in den &#8222;geraden&#8220; Jahren zeigen wir Ihnen im Februar\/M\u00e4rz ein Theatercaf\u00e9 und im Herbst eine kleine Schauspielproduktion (wie 2018 &#8222;Zimmer frei&#8220;)<\/p>\n\n\n\n<figure class=\"wp-block-image alignnone wp-image-1635\"><img loading=\"lazy\" decoding=\"async\" width=\"300\" height=\"225\" src=\"https:\/\/burgspiele-test.net\/wp-content\/uploads\/2018\/11\/036_LR-300x225.jpg\" alt=\"\" class=\"wp-image-1635\" srcset=\"https:\/\/burgspiele-test.net\/wp-content\/uploads\/2018\/11\/036_LR-300x225.jpg 300w, https:\/\/burgspiele-test.net\/wp-content\/uploads\/2018\/11\/036_LR-768x576.jpg 768w, https:\/\/burgspiele-test.net\/wp-content\/uploads\/2018\/11\/036_LR-1024x768.jpg 1024w\" sizes=\"auto, (max-width: 300px) 100vw, 300px\" \/><figcaption>Willy Hiebert und Manuela Spie\u00df in &#8222;Zimmer frei&#8220; 2018<\/figcaption><\/figure>\n\n\n\n<figure class=\"wp-block-image alignnone wp-image-1826 size-medium\"><img loading=\"lazy\" decoding=\"async\" width=\"200\" height=\"300\" src=\"https:\/\/burgspiele-test.net\/wp-content\/uploads\/2019\/07\/201-Kopie-200x300.jpg\" alt=\"\" class=\"wp-image-1826\" srcset=\"https:\/\/burgspiele-test.net\/wp-content\/uploads\/2019\/07\/201-Kopie-200x300.jpg 200w, https:\/\/burgspiele-test.net\/wp-content\/uploads\/2019\/07\/201-Kopie-768x1152.jpg 768w, https:\/\/burgspiele-test.net\/wp-content\/uploads\/2019\/07\/201-Kopie-683x1024.jpg 683w\" sizes=\"auto, (max-width: 200px) 100vw, 200px\" \/><figcaption>Josef Spielmann und Charlotte Wagner als &#8222;Romeo und Julia&#8220; 2019<\/figcaption><\/figure>\n\n\n\n<p>Somit beginnt das Theaterjahr 2020 in Altleiningen am 29. Februar mit der Premiere unseres mittlerweile zehnten Theatercaf\u00e9s! <em><strong>&#8222;Hurtig, Kinder &#8211; kommt zu Tisch!&#8220;<\/strong><\/em> Mit Lyrik, Prosa und Liedern wollen wir Sie an f\u00fcnf Nachmittagen bei Kaffee und Kuchen 90 Minuten lang unterhalten. Details hierzu finden Sie unter den Veranstaltungen.<\/p>\n\n\n\n<p>Im Herbst 2020 planen wir, <em><strong>&#8222;Benefiz &#8211; Jeder rettet einen Afrikaner&#8220;<\/strong><\/em> eine Kom\u00f6die von Ingrid Lausund, zu spielen.<\/p>\n\n\n\n<p>Vom 24. Oktober bis 8. November k\u00f6nnen Sie an insgesamt sechs Abenden dabei sein, wenn f\u00fcnf wohlmeinende Mitmenschen einen Benefizabend f\u00fcr ein afrikanisches Schulprojekt proben. Es soll darum gehen, Spendenbereitschaft zu wecken. Wie aber funktioniert das: unterhaltsam \u00fcber Not und Elend in Afrika reden? Sollte man noch einen \u201eechten\u201c Afrikaner engagieren, damit die Botschaft authentischer r\u00fcberkommt? Nat\u00fcrlich stellt sich auch hier die Konkurrenzfrage: Wer steht gerade im Rampenlicht, und wer bekommt warum welche Rede- und Spielanteile? Wo bleibt bei allem Engagement die Kunst &#8211; und was macht eigentlich die Palme auf der Probeb\u00fchne? (Quelle: suhrkamp.de)<\/p>\n\n\n\n<p>Doch bis dahin ist noch viel Zeit &#8211; deshalb freuen wir uns zun\u00e4chst auf das Wiedersehen mit Ihnen beim Theatercaf\u00e9!<\/p>\n\n\n\n<p>Wenn Sie Lust auf einen Blick hinter die Kulissen haben &#8211;<br>hier unser Trailer vom letzten Jahr!<\/p>\n\n\n\n<figure class=\"wp-block-embed-youtube wp-block-embed is-type-video is-provider-youtube wp-embed-aspect-16-9 wp-has-aspect-ratio\"><div class=\"wp-block-embed__wrapper\">\n<iframe loading=\"lazy\" title=\"Romeo + Julia - vom Skript zur B\u00fchne (Teil 1)\" width=\"642\" height=\"361\" src=\"https:\/\/www.youtube.com\/embed\/LNaa_ZsxAXs?feature=oembed\" frameborder=\"0\" allow=\"accelerometer; autoplay; clipboard-write; encrypted-media; gyroscope; picture-in-picture; web-share\" referrerpolicy=\"strict-origin-when-cross-origin\" allowfullscreen><\/iframe>\n<\/div><\/figure>\n","protected":false},"excerpt":{"rendered":"<p>Herzlich Willkommen bei den Burgspielen Altleiningen! Seit 2016 haben wir f\u00fcr unseren Spielbetrieb einen Zweijahres-Rhythmus eingef\u00fchrt: in &#8222;ungeraden&#8220; Jahren unterhalten wir Sie mit einer gro\u00dfen Sommertheater-Produktion (wie 2017 mit Michael Endes &#8222;Momo&#8220; oder 2019 mit Shakespeares &#8222;Romeo und Julia&#8220;), in&hellip; <\/p>\n","protected":false},"author":1,"featured_media":0,"parent":0,"menu_order":0,"comment_status":"closed","ping_status":"closed","template":"","meta":{"footnotes":""},"class_list":["post-828","page","type-page","status-publish","hentry"],"_links":{"self":[{"href":"https:\/\/burgspiele-test.net\/index.php?rest_route=\/wp\/v2\/pages\/828","targetHints":{"allow":["GET"]}}],"collection":[{"href":"https:\/\/burgspiele-test.net\/index.php?rest_route=\/wp\/v2\/pages"}],"about":[{"href":"https:\/\/burgspiele-test.net\/index.php?rest_route=\/wp\/v2\/types\/page"}],"author":[{"embeddable":true,"href":"https:\/\/burgspiele-test.net\/index.php?rest_route=\/wp\/v2\/users\/1"}],"replies":[{"embeddable":true,"href":"https:\/\/burgspiele-test.net\/index.php?rest_route=%2Fwp%2Fv2%2Fcomments&post=828"}],"version-history":[{"count":64,"href":"https:\/\/burgspiele-test.net\/index.php?rest_route=\/wp\/v2\/pages\/828\/revisions"}],"predecessor-version":[{"id":1859,"href":"https:\/\/burgspiele-test.net\/index.php?rest_route=\/wp\/v2\/pages\/828\/revisions\/1859"}],"wp:attachment":[{"href":"https:\/\/burgspiele-test.net\/index.php?rest_route=%2Fwp%2Fv2%2Fmedia&parent=828"}],"curies":[{"name":"wp","href":"https:\/\/api.w.org\/{rel}","templated":true}]}}