{"id":731,"date":"2018-01-02T19:02:10","date_gmt":"2018-01-02T19:02:10","guid":{"rendered":"http:\/\/burgspiele-altleiningen.net\/?page_id=731"},"modified":"2020-01-24T17:00:51","modified_gmt":"2020-01-24T17:00:51","slug":"kartenbestellung-2","status":"publish","type":"page","link":"https:\/\/burgspiele-test.net\/?page_id=731","title":{"rendered":"Tickets"},"content":{"rendered":"<p>3 Wege gibt es, um Karten f\u00fcr unsere Vorstellungen zu kaufen:<\/p>\n<p><img loading=\"lazy\" decoding=\"async\" class=\"size-medium wp-image-1446 alignright\" src=\"https:\/\/burgspiele-test.net\/wp-content\/uploads\/2018\/02\/Vorverkaufsb\u00fcro-300x225.jpg\" alt=\"\" width=\"300\" height=\"225\" srcset=\"https:\/\/burgspiele-test.net\/wp-content\/uploads\/2018\/02\/Vorverkaufsb\u00fcro-300x225.jpg 300w, https:\/\/burgspiele-test.net\/wp-content\/uploads\/2018\/02\/Vorverkaufsb\u00fcro-768x576.jpg 768w, https:\/\/burgspiele-test.net\/wp-content\/uploads\/2018\/02\/Vorverkaufsb\u00fcro.jpg 1024w\" sizes=\"auto, (max-width: 300px) 100vw, 300px\" \/><\/p>\n<ul>\n<li>Unsere eigene Vorverkaufsstelle in der Burg Altleiningen ist montags und dienstags von 17 bis 19 Uhr besetzt. Sie erreichen uns dort pers\u00f6nlich und telefonisch unter 06356\/8800.<\/li>\n<\/ul>\n<ul>\n<li>Sie k\u00f6nnen \u00fcber\u00a0<em>Ticket Regional<\/em> bei deren Vorverkaufsstellen Karten f\u00fcr unsere Auff\u00fchrungen kaufen (z.B. bei der Buchhandlung Frank in\u00a0Gr\u00fcnstadt oder Bad\u00a0D\u00fcrkheim). Eine Liste\u00a0aller Ticket Regional &#8211; Vorverkaufsstellen bundesweit\u00a0finden Sie auf deren Homepage <a href=\"http:\/\/www.ticket-regional.de\" target=\"blank\" rel=\"noopener noreferrer\">www.ticket-regional.de<\/a><\/li>\n<\/ul>\n<ul>\n<li>Schlie\u00dflich besteht f\u00fcr Sie auch die M\u00f6glichkeit, \u00fcber unseren Partner <em>Ticket Regional<\/em> <a href=\"https:\/\/burgspiele-test.net\/?page_id=179\" target=\"_blank\" rel=\"noopener noreferrer\">online<\/a> Tickets zu bestellen. (Es \u00f6ffnet sich eine neue Seite, auf der alle aktuellen Veranstaltungen angezeigt werden. Dort k\u00f6nnen Sie die verf\u00fcgbaren Sitzpl\u00e4tze ausw\u00e4hlen.)<br \/>\nKarten, die direkt bei <em>Ticket Regional<\/em> bestellt werden, k\u00f6nnen Sie selbst ausdrucken oder sich nach Zahlungseingang per Post zuschicken lassen (zzgl. Versandgeb\u00fchr).<br \/>\nFalls Sie Ihre Karten direkt bei <em>Ticket Regional<\/em> bestellen m\u00f6chten, beachten Sie bitte, dass den Burgspiele Altleiningen f\u00fcr diesen Weg keine weiteren Informationen zu Ihrer Kartenbestellung zugestellt werden und wir auch keinen Zugriff auf Ihre Kartenbestellungen haben. Im Falle von R\u00fcckfragen wenden Sie sich dann bitte direkt an <a href=\"https:\/\/www.ticket-regional.de\/contact.php\" target=\"_blank\" rel=\"noopener noreferrer\"><em>Ticket Regional<\/em><\/a>.<\/li>\n<\/ul>\n<p>Der Eintrittspreis betr\u00e4gt je nach Platzkategorie 12 bzw. 13 Euro.<\/p>\n<p>Hier finden Sie unseren <a href=\"https:\/\/burgspiele-test.net\/wp-content\/uploads\/2017\/12\/stuhlplan.gif\" target=\"_blank\" rel=\"noopener noreferrer\">Bestuhlungsplan<\/a>, aus dem auch die Zuordnung zu Preiskategorien hervorgeht (es \u00f6ffnet sich ein neues Fenster).<\/p>\n","protected":false},"excerpt":{"rendered":"<p>3 Wege gibt es, um Karten f\u00fcr unsere Vorstellungen zu kaufen: Unsere eigene Vorverkaufsstelle in der Burg Altleiningen ist montags und dienstags von 17 bis 19 Uhr besetzt. Sie erreichen uns dort pers\u00f6nlich und telefonisch unter 06356\/8800. Sie k\u00f6nnen \u00fcber\u00a0Ticket&hellip; <\/p>\n","protected":false},"author":1,"featured_media":0,"parent":0,"menu_order":0,"comment_status":"closed","ping_status":"closed","template":"","meta":{"footnotes":""},"class_list":["post-731","page","type-page","status-publish","hentry"],"_links":{"self":[{"href":"https:\/\/burgspiele-test.net\/index.php?rest_route=\/wp\/v2\/pages\/731","targetHints":{"allow":["GET"]}}],"collection":[{"href":"https:\/\/burgspiele-test.net\/index.php?rest_route=\/wp\/v2\/pages"}],"about":[{"href":"https:\/\/burgspiele-test.net\/index.php?rest_route=\/wp\/v2\/types\/page"}],"author":[{"embeddable":true,"href":"https:\/\/burgspiele-test.net\/index.php?rest_route=\/wp\/v2\/users\/1"}],"replies":[{"embeddable":true,"href":"https:\/\/burgspiele-test.net\/index.php?rest_route=%2Fwp%2Fv2%2Fcomments&post=731"}],"version-history":[{"count":24,"href":"https:\/\/burgspiele-test.net\/index.php?rest_route=\/wp\/v2\/pages\/731\/revisions"}],"predecessor-version":[{"id":1868,"href":"https:\/\/burgspiele-test.net\/index.php?rest_route=\/wp\/v2\/pages\/731\/revisions\/1868"}],"wp:attachment":[{"href":"https:\/\/burgspiele-test.net\/index.php?rest_route=%2Fwp%2Fv2%2Fmedia&parent=731"}],"curies":[{"name":"wp","href":"https:\/\/api.w.org\/{rel}","templated":true}]}}