{"id":72,"date":"2017-12-17T18:10:21","date_gmt":"2017-12-17T17:10:21","guid":{"rendered":"http:\/\/burgspiele-altleiningen.net\/?page_id=72"},"modified":"2018-12-15T15:37:41","modified_gmt":"2018-12-15T15:37:41","slug":"spielort","status":"publish","type":"page","link":"https:\/\/burgspiele-test.net\/?page_id=72","title":{"rendered":"Unser Spielort"},"content":{"rendered":"<p><img loading=\"lazy\" decoding=\"async\" class=\"size-medium wp-image-361 alignright\" src=\"https:\/\/burgspiele-test.net\/wp-content\/uploads\/2017\/12\/burg-big-300x213.jpg\" alt=\"\" width=\"300\" height=\"213\" srcset=\"https:\/\/burgspiele-test.net\/wp-content\/uploads\/2017\/12\/burg-big-300x213.jpg 300w, https:\/\/burgspiele-test.net\/wp-content\/uploads\/2017\/12\/burg-big-768x545.jpg 768w, https:\/\/burgspiele-test.net\/wp-content\/uploads\/2017\/12\/burg-big-1024x726.jpg 1024w, https:\/\/burgspiele-test.net\/wp-content\/uploads\/2017\/12\/burg-big-381x270.jpg 381w\" sizes=\"auto, (max-width: 300px) 100vw, 300px\" \/><\/p>\n<p><strong>Altleiningen<\/strong> ist ein kleines Dorf im n\u00f6rdlichen Pf\u00e4lzer Wald, \u00fcberragt von der <strong>Stammburg der Leininger Grafen.<\/strong> Es eignet sich als Ausgangspunkt f\u00fcr viele sch\u00f6ne Wanderungen und liegt direkt am <a href=\"https:\/\/www.wanderinstitut.de\/premiumwege\/rheinland-pfalz\/leininger-burgenweg\/\" target=\"_blank\" rel=\"noreferrer noopener\" aria-label=\"dies ist ein Test\n (\u00f6ffnet in neuem Tab)\">Premiumwanderweg Leiningerland<\/a>.<\/p>\n<p>Unser Theater selbst befindet sich in der sogenannten Ehrenhalle der Burg, ein durch Arkaden zum Burghof hin abgetrennter Raum, der ca. 220 Besuchern Platz bietet. <img loading=\"lazy\" decoding=\"async\" class=\"size-medium wp-image-365 alignleft\" src=\"https:\/\/burgspiele-test.net\/wp-content\/uploads\/2017\/12\/publikum-156x300.jpg\" alt=\"\" width=\"156\" height=\"300\" srcset=\"https:\/\/burgspiele-test.net\/wp-content\/uploads\/2017\/12\/publikum-156x300.jpg 156w, https:\/\/burgspiele-test.net\/wp-content\/uploads\/2017\/12\/publikum-141x270.jpg 141w, https:\/\/burgspiele-test.net\/wp-content\/uploads\/2017\/12\/publikum.jpg 224w\" sizes=\"auto, (max-width: 156px) 100vw, 156px\" \/> Der Zuschauerraum ist barrierefrei zu erreichen und die 15\u00a0Stuhlreihen sind (ab Reihe 5)\u00a0stetig ansteigend.\u00a0Drei weitere\u00a0Stuhlreihen auf der Empore sind \u00fcber einen separaten Treppen-Zugang \u00fcber die Burgterrasse zu erreichen.<\/p>\n<p>Das Theater ist \u00fcberdach<a href=\"https:\/\/www.wanderinstitut.de\/premiumwege\/rheinland-pfalz\/leininger-burgenweg\/\">t<\/a>, wir sind also unabh\u00e4ngig von Regen &#8211; allerdings kann es abends auf der Burg sehr k\u00fchl werden:\u00a0 w\u00e4rmende Kleidung oder eine Decke sind daher mitunter empfehlenswert.<\/p>\n<p>Im Jahr 2013 haben wir unsere \u00fcber 60\u00a0 Jahre (!) alten St\u00fchle durch eine zeitgem\u00e4\u00dfe Bestuhlung ersetzt, damit Sie auch weiterhin entspannt unsere Auff\u00fchrungen genie\u00dfen k\u00f6nnen.<\/p>\n<p>Im Jahr 1999 wurde das ganze Theater einer Rundereneuerung unterzogen: die Arbeiten reichten vom Keller bis zur neuen Zuschauerempore. Im Zuschauerraum wurde der Boden tiefer gelegt, er ist seither rollstuhlgerecht vom Hof her zu erreichen. Die B\u00fchne wurde vergr\u00f6\u00dfert, auch ein Souffleusenkasten wurde\u00a0eingerichtet.<\/p>\n<p>Es entfielen einige Sitzreihen, das Platzangebot blieb aber erhalten, weil eine Trib\u00fcne eingezogen wurde. Die Fenster wurden erneuert, ebenso die Tore zum Hof.\u00a0Die Licht- und Tontechnik wurde auf den neuesten Stand gebracht, dabei wurden \u00fcber 1000m Kabel neu verlegt. <img loading=\"lazy\" decoding=\"async\" class=\"alignnone size-medium wp-image-363 alignright\" src=\"https:\/\/burgspiele-test.net\/wp-content\/uploads\/2017\/12\/innenansicht-300x206.jpg\" alt=\"\" width=\"300\" height=\"206\" srcset=\"https:\/\/burgspiele-test.net\/wp-content\/uploads\/2017\/12\/innenansicht-300x206.jpg 300w, https:\/\/burgspiele-test.net\/wp-content\/uploads\/2017\/12\/innenansicht-393x270.jpg 393w, https:\/\/burgspiele-test.net\/wp-content\/uploads\/2017\/12\/innenansicht.jpg 454w\" sizes=\"auto, (max-width: 300px) 100vw, 300px\" \/><\/p>\n<p>Finanziert wurde das ganze aus eigenen Mitteln, viele kleinere und einige gr\u00f6\u00dfere Spender haben uns unterst\u00fctzt. Herzlichen Dank daf\u00fcr!<\/p>\n<p>In der Burg Altleiningen ist au\u00dferdem ein Jugendg\u00e4stehaus untergebracht, das ebenso totalrenoviert im M\u00e4rz 2000 seine Tore \u00f6ffnete. Und im ehemaligen Burggraben befindet sich das Freibad der Gemeinde.<\/p>\n","protected":false},"excerpt":{"rendered":"<p>Altleiningen ist ein kleines Dorf im n\u00f6rdlichen Pf\u00e4lzer Wald, \u00fcberragt von der Stammburg der Leininger Grafen. Es eignet sich als Ausgangspunkt f\u00fcr viele sch\u00f6ne Wanderungen und liegt direkt am Premiumwanderweg Leiningerland. Unser Theater selbst befindet sich in der sogenannten Ehrenhalle&hellip; <\/p>\n","protected":false},"author":1,"featured_media":0,"parent":0,"menu_order":0,"comment_status":"closed","ping_status":"closed","template":"","meta":{"footnotes":""},"class_list":["post-72","page","type-page","status-publish","hentry"],"_links":{"self":[{"href":"https:\/\/burgspiele-test.net\/index.php?rest_route=\/wp\/v2\/pages\/72","targetHints":{"allow":["GET"]}}],"collection":[{"href":"https:\/\/burgspiele-test.net\/index.php?rest_route=\/wp\/v2\/pages"}],"about":[{"href":"https:\/\/burgspiele-test.net\/index.php?rest_route=\/wp\/v2\/types\/page"}],"author":[{"embeddable":true,"href":"https:\/\/burgspiele-test.net\/index.php?rest_route=\/wp\/v2\/users\/1"}],"replies":[{"embeddable":true,"href":"https:\/\/burgspiele-test.net\/index.php?rest_route=%2Fwp%2Fv2%2Fcomments&post=72"}],"version-history":[{"count":21,"href":"https:\/\/burgspiele-test.net\/index.php?rest_route=\/wp\/v2\/pages\/72\/revisions"}],"predecessor-version":[{"id":1679,"href":"https:\/\/burgspiele-test.net\/index.php?rest_route=\/wp\/v2\/pages\/72\/revisions\/1679"}],"wp:attachment":[{"href":"https:\/\/burgspiele-test.net\/index.php?rest_route=%2Fwp%2Fv2%2Fmedia&parent=72"}],"curies":[{"name":"wp","href":"https:\/\/api.w.org\/{rel}","templated":true}]}}