{"id":291,"date":"2017-12-27T16:22:03","date_gmt":"2017-12-27T15:22:03","guid":{"rendered":"http:\/\/burgspiele-altleiningen.net\/?page_id=291"},"modified":"2018-02-10T14:20:06","modified_gmt":"2018-02-10T14:20:06","slug":"2015-katharina-knie","status":"publish","type":"page","link":"https:\/\/burgspiele-test.net\/?page_id=291","title":{"rendered":"2015 &#8211; Katharina Knie"},"content":{"rendered":"<h3 align=\"center\"><span class=\"style10\">&#8222;Katharina Knie&#8220;<\/span><\/h3>\n<p style=\"text-align: center;\"><em>(Ein Seilt\u00e4nzerst\u00fcck von Carl Zuckmayer)<\/em><\/p>\n<p>&nbsp;<\/p>\n<p>[huge_it_slider id=&#8220;2 &#8222;]<\/p>\n<p>&nbsp;<\/p>\n<p>Ein kleiner Familienzirkus, der ums \u00dcberleben k\u00e4mpft im Deutschland der 1920er Jahre. Ein Prinzipal, der in seinem Leben schon bessere Tage gesehen hat, aber nicht so einfach aufgibt. Eine junge Frau, die hin- und hergerissen ist zwischen privatem Gl\u00fcck und Pflichtbewusstsein. Artisten und Zirkusleute, die sich nicht unterkriegen lassen in schwierigen Zeiten und trotz allem ihren Humor nicht verlieren.<\/p>\n<p>Witzig und herzerw\u00e4rmend &#8211; zum Lachen und Weinen &#8211; ein Theaterst\u00fcck wie das richtige Leben!<\/p>\n<p>&#8222;Hereinspaziert!&#8220; und &#8222;Manege frei!&#8220;<\/p>\n","protected":false},"excerpt":{"rendered":"<p>&#8222;Katharina Knie&#8220; (Ein Seilt\u00e4nzerst\u00fcck von Carl Zuckmayer) &nbsp; [huge_it_slider id=&#8220;2 &#8222;] &nbsp; Ein kleiner Familienzirkus, der ums \u00dcberleben k\u00e4mpft im Deutschland der 1920er Jahre. Ein Prinzipal, der in seinem Leben schon bessere Tage gesehen hat, aber nicht so einfach aufgibt.&hellip; <\/p>\n","protected":false},"author":1,"featured_media":0,"parent":71,"menu_order":0,"comment_status":"closed","ping_status":"closed","template":"","meta":{"footnotes":""},"class_list":["post-291","page","type-page","status-publish","hentry"],"_links":{"self":[{"href":"https:\/\/burgspiele-test.net\/index.php?rest_route=\/wp\/v2\/pages\/291","targetHints":{"allow":["GET"]}}],"collection":[{"href":"https:\/\/burgspiele-test.net\/index.php?rest_route=\/wp\/v2\/pages"}],"about":[{"href":"https:\/\/burgspiele-test.net\/index.php?rest_route=\/wp\/v2\/types\/page"}],"author":[{"embeddable":true,"href":"https:\/\/burgspiele-test.net\/index.php?rest_route=\/wp\/v2\/users\/1"}],"replies":[{"embeddable":true,"href":"https:\/\/burgspiele-test.net\/index.php?rest_route=%2Fwp%2Fv2%2Fcomments&post=291"}],"version-history":[{"count":7,"href":"https:\/\/burgspiele-test.net\/index.php?rest_route=\/wp\/v2\/pages\/291\/revisions"}],"predecessor-version":[{"id":1085,"href":"https:\/\/burgspiele-test.net\/index.php?rest_route=\/wp\/v2\/pages\/291\/revisions\/1085"}],"up":[{"embeddable":true,"href":"https:\/\/burgspiele-test.net\/index.php?rest_route=\/wp\/v2\/pages\/71"}],"wp:attachment":[{"href":"https:\/\/burgspiele-test.net\/index.php?rest_route=%2Fwp%2Fv2%2Fmedia&parent=291"}],"curies":[{"name":"wp","href":"https:\/\/api.w.org\/{rel}","templated":true}]}}