{"id":189,"date":"2017-12-22T14:36:10","date_gmt":"2017-12-22T13:36:10","guid":{"rendered":"http:\/\/burgspiele-altleiningen.net\/?page_id=189"},"modified":"2018-12-15T15:55:44","modified_gmt":"2018-12-15T15:55:44","slug":"nachbarbuehnen","status":"publish","type":"page","link":"https:\/\/burgspiele-test.net\/?page_id=189","title":{"rendered":"Unsere Nachbarb\u00fchnen"},"content":{"rendered":"<p>Unsere Nachbarb\u00fchnen in Rheinland-Pfalz finden Sie in<br \/>\nArdeck, <a href=\"http:\/\/www.ardeck-burgfestspiele.de\" target=\"blank\">www.ardeck-burgfestspiele.de<\/a><br \/>\nBad D\u00fcrkheim, <a href=\"http:\/\/www.tadw.de\" target=\"blank\">www.tadw.de<\/a><br \/>\nBobenheim-Roxheim, <a href=\"http:\/\/www.theaterkreis1975.de\" target=\"blank\">www.theaterkreis1975.de<\/a><br \/>\nHassloch, <a href=\"http:\/\/www.theaterverein-hassloch.de\" target=\"blank\">www.theaterverein-hassloch.de<\/a><br \/>\nKaisersesch,&nbsp;<a href=\"http:\/\/www.theater-kaisersesch.de\" target=\"blank\">www.theater-kaisersesch.de<\/a><br \/>\nKatzweiler, <a href=\"http:\/\/www.freilichtspiele-katzweiler.de\" target=\"blank\">www.freilichtspiele-katzweiler.de<\/a><br \/>\nNeustadt\/W., <a href=\"http:\/\/www.neustadter-schauspielgruppe.de\" target=\"blank\">www.neustadter-schauspielgruppe.de<\/a><br \/>\nSchuld, <a href=\"http:\/\/www.freilichtbuehne-schuld.de\" target=\"blank\">www.freilichtbuehne-schuld.de<\/a><br \/>\nund&nbsp;Worms, <a href=\"http:\/\/www.theater-im-museumshof.de\" target=\"blank\">www.theater-im-museumshof.de<\/a><\/p>\n<p>\u00dcbrigens: Auch wenn es auf den ersten Blick nicht so aussieht &#8211;&nbsp;wir sind eine <strong>Freilichtb\u00fchne<\/strong>! Und sind deshalb seit unserer Gr\u00fcndung Mitglied im Verband deutscher Freilichtb\u00fchnen. Internet: <a href=\"http:\/\/www.freilichtbuehnen.de\">http:\/\/www.freilichtbuehnen.de<\/a><\/p>\n<p><iframe loading=\"lazy\" src=\"https:\/\/www.youtube.com\/embed\/az2cWTZJ-Gk\" allowfullscreen=\"allowfullscreen\" width=\"560\" height=\"315\" frameborder=\"0\"><\/iframe><\/p>\n<p>Zwar ist unsere Spielst\u00e4tte \u00fcberdacht, aber wir haben doch die gleichen Rahmenbedingungen wie alle anderen&nbsp;Freilichtb\u00fchnen: die Lichttechniker m\u00fcssen damit leben, dass es im Sommer sehr lange hell ist und viele Lichteffekte erst &#8222;ab August&#8220; zur Wirkung gelangen und unsere Zuschauer und Spieler sind&nbsp;den Au\u00dfentemperaturen ausgesetzt, weshalb es sich empfiehlt, auch im Sommer mit warmer Kleidung und evtl. einer Decke die Auff\u00fchrungen zu besuchen.<\/p>\n","protected":false},"excerpt":{"rendered":"<p>Unsere Nachbarb\u00fchnen in Rheinland-Pfalz finden Sie in Ardeck, www.ardeck-burgfestspiele.de Bad D\u00fcrkheim, www.tadw.de Bobenheim-Roxheim, www.theaterkreis1975.de Hassloch, www.theaterverein-hassloch.de Kaisersesch,&nbsp;www.theater-kaisersesch.de Katzweiler, www.freilichtspiele-katzweiler.de Neustadt\/W., www.neustadter-schauspielgruppe.de Schuld, www.freilichtbuehne-schuld.de und&nbsp;Worms, www.theater-im-museumshof.de \u00dcbrigens: Auch wenn es auf den ersten Blick nicht so aussieht &#8211;&nbsp;wir sind eine Freilichtb\u00fchne!&hellip; <\/p>\n","protected":false},"author":1,"featured_media":0,"parent":0,"menu_order":0,"comment_status":"closed","ping_status":"closed","template":"","meta":{"footnotes":""},"class_list":["post-189","page","type-page","status-publish","hentry"],"_links":{"self":[{"href":"https:\/\/burgspiele-test.net\/index.php?rest_route=\/wp\/v2\/pages\/189","targetHints":{"allow":["GET"]}}],"collection":[{"href":"https:\/\/burgspiele-test.net\/index.php?rest_route=\/wp\/v2\/pages"}],"about":[{"href":"https:\/\/burgspiele-test.net\/index.php?rest_route=\/wp\/v2\/types\/page"}],"author":[{"embeddable":true,"href":"https:\/\/burgspiele-test.net\/index.php?rest_route=\/wp\/v2\/users\/1"}],"replies":[{"embeddable":true,"href":"https:\/\/burgspiele-test.net\/index.php?rest_route=%2Fwp%2Fv2%2Fcomments&post=189"}],"version-history":[{"count":17,"href":"https:\/\/burgspiele-test.net\/index.php?rest_route=\/wp\/v2\/pages\/189\/revisions"}],"predecessor-version":[{"id":1696,"href":"https:\/\/burgspiele-test.net\/index.php?rest_route=\/wp\/v2\/pages\/189\/revisions\/1696"}],"wp:attachment":[{"href":"https:\/\/burgspiele-test.net\/index.php?rest_route=%2Fwp%2Fv2%2Fmedia&parent=189"}],"curies":[{"name":"wp","href":"https:\/\/api.w.org\/{rel}","templated":true}]}}