{"id":175,"date":"2017-12-22T14:32:44","date_gmt":"2017-12-22T13:32:44","guid":{"rendered":"http:\/\/burgspiele-altleiningen.net\/?page_id=175"},"modified":"2018-02-24T10:21:08","modified_gmt":"2018-02-24T10:21:08","slug":"so-finden-sie-uns","status":"publish","type":"page","link":"https:\/\/burgspiele-test.net\/?page_id=175","title":{"rendered":"So finden Sie uns"},"content":{"rendered":"<p>Altleiningen erreichen Sie am Besten \u00fcber die A6 Mannheim-Saarbr\u00fccken entweder \u00fcber die Ausfahrt Gr\u00fcnstadt oder \u00fcber die Ausfahrt Wattenheim.<\/p>\n<p>Unser Theater ist im Innenhof der Burg Altleiningen.<\/p>\n<p style=\"text-align: center;\"><div id=\"wpgmza_map\" class=\"wpgmza_map\" data-settings='{\"id\":\"1\",\"map_title\":\"Burg Altleiningen\",\"map_width\":\"100\",\"map_height\":\"400\",\"map_start_lat\":\"49.527858\",\"map_start_lng\":\"8.113691\",\"map_start_location\":\"49.52785756866951,8.113691111328079\",\"map_start_zoom\":\"11\",\"default_marker\":\"0\",\"type\":\"1\",\"alignment\":\"1\",\"directions_enabled\":\"1\",\"styling_enabled\":\"0\",\"styling_json\":\"\",\"active\":\"0\",\"kml\":\"\",\"bicycle\":\"0\",\"traffic\":\"0\",\"dbox\":\"1\",\"dbox_width\":\"100\",\"listmarkers\":\"0\",\"listmarkers_advanced\":\"0\",\"filterbycat\":\"0\",\"ugm_enabled\":\"0\",\"ugm_category_enabled\":\"0\",\"fusion\":\"\",\"map_width_type\":\"\\\\%\",\"map_height_type\":\"px\",\"mass_marker_support\":\"1\",\"ugm_access\":\"0\",\"order_markers_by\":\"1\",\"order_markers_choice\":\"2\",\"show_user_location\":\"0\",\"default_to\":\"\",\"other_settings\":{\"store_locator_enabled\":2,\"store_locator_distance\":2,\"store_locator_default_radius\":\"10\",\"store_locator_not_found_message\":\"No results found in this location. Please try again.\",\"store_locator_bounce\":1,\"store_locator_query_string\":\"PLZ \\\/ Adresse:\",\"store_locator_default_address\":\"\",\"wpgmza_store_locator_restrict\":\"\",\"map_max_zoom\":\"1\",\"transport_layer\":0,\"wpgmza_theme_data\":\"\",\"wpgmza_show_points_of_interest\":1}}' data-map-id='1' Data-maps-engine='google-maps' data-shortcode-attributes='{\"id\":\"1\"}' style=\"display:block; overflow:auto; width:100%; height:400px; float:left;\"><\/div><\/p>\n<p>&nbsp;<\/p>\n<p>In der Ortsmitte von Altleiningen ist die Burg ausgewiesen.<\/p>\n<p>Es gibt einen Parkplatz direkt vor der Burg und einen weiteren kurz unterhalb der Burg.<\/p>\n<p>Bedenken Sie bitte, dass das Burg-Areal au\u00dfer unserem Theater auch eine Jugendherberge sowie das gemeindeeigene Schwimmbad beherbergt. Deshalb\u00a0ist die Parksituation leider nicht immer einfach.\u00a0Vielleicht ist das Parken auf dem Bahnhofsplatz in Altleiningen, verbunden mit einem etwa 10-min\u00fctigen Spaziergang auf die Burg f\u00fcr Sie eine entspannende Alternative?<\/p>\n","protected":false},"excerpt":{"rendered":"<p>Altleiningen erreichen Sie am Besten \u00fcber die A6 Mannheim-Saarbr\u00fccken entweder \u00fcber die Ausfahrt Gr\u00fcnstadt oder \u00fcber die Ausfahrt Wattenheim. Unser Theater ist im Innenhof der Burg Altleiningen. &nbsp; In der Ortsmitte von Altleiningen ist die Burg ausgewiesen. Es gibt einen&hellip; <\/p>\n","protected":false},"author":1,"featured_media":0,"parent":0,"menu_order":0,"comment_status":"closed","ping_status":"closed","template":"","meta":{"footnotes":""},"class_list":["post-175","page","type-page","status-publish","hentry"],"_links":{"self":[{"href":"https:\/\/burgspiele-test.net\/index.php?rest_route=\/wp\/v2\/pages\/175","targetHints":{"allow":["GET"]}}],"collection":[{"href":"https:\/\/burgspiele-test.net\/index.php?rest_route=\/wp\/v2\/pages"}],"about":[{"href":"https:\/\/burgspiele-test.net\/index.php?rest_route=\/wp\/v2\/types\/page"}],"author":[{"embeddable":true,"href":"https:\/\/burgspiele-test.net\/index.php?rest_route=\/wp\/v2\/users\/1"}],"replies":[{"embeddable":true,"href":"https:\/\/burgspiele-test.net\/index.php?rest_route=%2Fwp%2Fv2%2Fcomments&post=175"}],"version-history":[{"count":8,"href":"https:\/\/burgspiele-test.net\/index.php?rest_route=\/wp\/v2\/pages\/175\/revisions"}],"predecessor-version":[{"id":1477,"href":"https:\/\/burgspiele-test.net\/index.php?rest_route=\/wp\/v2\/pages\/175\/revisions\/1477"}],"wp:attachment":[{"href":"https:\/\/burgspiele-test.net\/index.php?rest_route=%2Fwp%2Fv2%2Fmedia&parent=175"}],"curies":[{"name":"wp","href":"https:\/\/api.w.org\/{rel}","templated":true}]}}