{"id":1588,"date":"2018-10-25T15:06:45","date_gmt":"2018-10-25T15:06:45","guid":{"rendered":"https:\/\/burgspiele-test.net\/?page_id=1588"},"modified":"2018-11-05T21:57:29","modified_gmt":"2018-11-05T21:57:29","slug":"zimmer-frei","status":"publish","type":"page","link":"https:\/\/burgspiele-test.net\/?page_id=1588","title":{"rendered":"2018 &#8211; Zimmer frei"},"content":{"rendered":"<p style=\"text-align: center;\"><strong>&#8222;Zimmer frei&#8220;<\/strong><\/p>\n<p style=\"text-align: center;\">Kom\u00f6die von Markus K\u00f6beli<\/p>\n<p>Eine ungew\u00f6hnliche Zweck-WG aus einer jungen Frau, die sich mit Telefon-Sex mehr schlecht als recht \u00fcber Wasser h\u00e4lt, und einem 80-j\u00e4hrigen Mann, der auf einen freien Platz im Altersheim wartet.<\/p>\n<figure id=\"attachment_1626\" aria-describedby=\"caption-attachment-1626\" style=\"width: 300px\" class=\"wp-caption alignnone\"><img loading=\"lazy\" decoding=\"async\" class=\"wp-image-1626 size-medium\" src=\"https:\/\/burgspiele-test.net\/wp-content\/uploads\/2018\/11\/206_LR-300x225.jpg\" alt=\"\" width=\"300\" height=\"225\" srcset=\"https:\/\/burgspiele-test.net\/wp-content\/uploads\/2018\/11\/206_LR-300x225.jpg 300w, https:\/\/burgspiele-test.net\/wp-content\/uploads\/2018\/11\/206_LR-768x576.jpg 768w, https:\/\/burgspiele-test.net\/wp-content\/uploads\/2018\/11\/206_LR-1024x768.jpg 1024w\" sizes=\"auto, (max-width: 300px) 100vw, 300px\" \/><figcaption id=\"caption-attachment-1626\" class=\"wp-caption-text\">Opa M\u00fcller (Willy Hiebert)\u00a0und Glotz (Manuela Spie\u00df) &#8211;\u00a0ein unfreiwilliges Paar auf Zeit!<\/figcaption><\/figure>\n<p>Keine \u201eSympathie auf den ersten Blick\u201c \u2013 aber die finanzielle Not bringt die beiden zusammen.<\/p>\n<p>Und siehe da: trotz vieler Missverst\u00e4ndnisse und gegens\u00e4tzlicher Auffassungen finden das Gruftie-M\u00e4dchen und der Schreberg\u00e4rtner doch eine gemeinsame Basis f\u00fcr das (vor\u00fcbergehende) Zusammenleben.<\/p>\n<figure id=\"attachment_1625\" aria-describedby=\"caption-attachment-1625\" style=\"width: 300px\" class=\"wp-caption alignnone\"><img loading=\"lazy\" decoding=\"async\" class=\"wp-image-1625 size-medium\" src=\"https:\/\/burgspiele-test.net\/wp-content\/uploads\/2018\/11\/027_LR-300x225.jpg\" alt=\"\" width=\"300\" height=\"225\" srcset=\"https:\/\/burgspiele-test.net\/wp-content\/uploads\/2018\/11\/027_LR-300x225.jpg 300w, https:\/\/burgspiele-test.net\/wp-content\/uploads\/2018\/11\/027_LR-768x576.jpg 768w, https:\/\/burgspiele-test.net\/wp-content\/uploads\/2018\/11\/027_LR-1024x768.jpg 1024w\" sizes=\"auto, (max-width: 300px) 100vw, 300px\" \/><figcaption id=\"caption-attachment-1625\" class=\"wp-caption-text\">Glotz in ihrem Sarg &#8211; der ideale Ort zum Meditieren!<\/figcaption><\/figure>\n<p>Das humorvolle und zugleich tiefsinnige St\u00fcck des Schweizer Autors K\u00f6beli l\u00e4uft seit vielen Jahren erfolgreich auf deutschen B\u00fchnen und hat jetzt auch seinen Weg in die Pfalz gefunden.<\/p>\n","protected":false},"excerpt":{"rendered":"<p>&#8222;Zimmer frei&#8220; Kom\u00f6die von Markus K\u00f6beli Eine ungew\u00f6hnliche Zweck-WG aus einer jungen Frau, die sich mit Telefon-Sex mehr schlecht als recht \u00fcber Wasser h\u00e4lt, und einem 80-j\u00e4hrigen Mann, der auf einen freien Platz im Altersheim wartet. Keine \u201eSympathie auf den&hellip; <\/p>\n","protected":false},"author":2,"featured_media":0,"parent":71,"menu_order":0,"comment_status":"closed","ping_status":"closed","template":"","meta":{"footnotes":""},"class_list":["post-1588","page","type-page","status-publish","hentry"],"_links":{"self":[{"href":"https:\/\/burgspiele-test.net\/index.php?rest_route=\/wp\/v2\/pages\/1588","targetHints":{"allow":["GET"]}}],"collection":[{"href":"https:\/\/burgspiele-test.net\/index.php?rest_route=\/wp\/v2\/pages"}],"about":[{"href":"https:\/\/burgspiele-test.net\/index.php?rest_route=\/wp\/v2\/types\/page"}],"author":[{"embeddable":true,"href":"https:\/\/burgspiele-test.net\/index.php?rest_route=\/wp\/v2\/users\/2"}],"replies":[{"embeddable":true,"href":"https:\/\/burgspiele-test.net\/index.php?rest_route=%2Fwp%2Fv2%2Fcomments&post=1588"}],"version-history":[{"count":7,"href":"https:\/\/burgspiele-test.net\/index.php?rest_route=\/wp\/v2\/pages\/1588\/revisions"}],"predecessor-version":[{"id":1634,"href":"https:\/\/burgspiele-test.net\/index.php?rest_route=\/wp\/v2\/pages\/1588\/revisions\/1634"}],"up":[{"embeddable":true,"href":"https:\/\/burgspiele-test.net\/index.php?rest_route=\/wp\/v2\/pages\/71"}],"wp:attachment":[{"href":"https:\/\/burgspiele-test.net\/index.php?rest_route=%2Fwp%2Fv2%2Fmedia&parent=1588"}],"curies":[{"name":"wp","href":"https:\/\/api.w.org\/{rel}","templated":true}]}}