{"id":1584,"date":"2018-10-25T14:55:08","date_gmt":"2018-10-25T14:55:08","guid":{"rendered":"https:\/\/burgspiele-test.net\/?page_id=1584"},"modified":"2018-11-05T22:16:12","modified_gmt":"2018-11-05T22:16:12","slug":"2018-zimmer-frei","status":"publish","type":"page","link":"https:\/\/burgspiele-test.net\/?page_id=1584","title":{"rendered":"2018 &#8211; &#8222;Zimmer frei&#8220;"},"content":{"rendered":"<h6 style=\"text-align: center;\"><strong>Ein ungleiches Paar<\/strong><\/h6>\n<h6 style=\"text-align: center;\"><em>Altleininger Burgspieler pr\u00e4sentieren Kom\u00f6die \u201eZimmer frei\u201c \u2013 Ausgezeichnete Leistungen auf der B\u00fchne<\/em><br \/>\nQuelle: Rheinpfalz vom 22.10.2018 &#8211; Anja Benndorf<\/h6>\n<p>&nbsp;<\/p>\n<p>Eine Kom\u00f6die mit Tiefgang bringen die Altleininger Burgspieler in diesem Herbst auf die B\u00fchne. Am Samstag war Premiere von \u201eZimmer frei\u201c, einem St\u00fcck von Markus K\u00f6beli. Die Leistung <img loading=\"lazy\" decoding=\"async\" class=\"size-medium wp-image-1635 alignright\" src=\"https:\/\/burgspiele-test.net\/wp-content\/uploads\/2018\/11\/036_LR-300x225.jpg\" alt=\"\" width=\"300\" height=\"225\" srcset=\"https:\/\/burgspiele-test.net\/wp-content\/uploads\/2018\/11\/036_LR-300x225.jpg 300w, https:\/\/burgspiele-test.net\/wp-content\/uploads\/2018\/11\/036_LR-768x576.jpg 768w, https:\/\/burgspiele-test.net\/wp-content\/uploads\/2018\/11\/036_LR-1024x768.jpg 1024w\" sizes=\"auto, (max-width: 300px) 100vw, 300px\" \/>der Akteure war grandios, vor allem der beiden Protagonisten Willy Hiebert als 80-j\u00e4hriger Hans M\u00fcller und Manuela Spie\u00df als junger Grufti Glotz. Die zwei bilden eine ungew\u00f6hnliche Zweck-WG, in der sie die H\u00f6hen und Tiefen des irdischen Daseins miteinander teilen.<br \/>\nZun\u00e4chst ist \u2013 wie auch bei jeder Umbaupause im Lauf des Abends \u2013 eine auf den wei\u00dfen Vorhang projizierte Hausfassade zu sehen und Verkehrsl\u00e4rm zu h\u00f6ren. In dem Mietshaus wohnt Glotz, eine schr\u00e4ge Person, die niemals vor die T\u00fcr geht und in einem Sarg meditiert. Spie\u00df ist in der Rolle erst auf den zweiten Blick wiederzuerkennen: Schwarze Haare mit einem viel zu kurzen Pony, schwarzer Lippenstift und eine dicke Brille, die ihre Augen riesig erscheinen l\u00e4sst, entstellen die Amateurmimin sehr.\u00a0 Um die Gl\u00e4ser tragen zu k\u00f6nnen, hat sie als Ausgleich Kontaktlinsen mit minus zw\u00f6lf Dioptrien eingesetzt, wie sie beim Umtrunk nach der Vorstellung verr\u00e4t. Mit dem Sekt in der Hand hat sie die Brille weiterhin auf. \u201eEs dauert, bis ich die Kontaktlinsen herausgefummelt habe und anschlie\u00dfend kann ich etwa zehn Minuten lang nichts sehen\u201c, <img loading=\"lazy\" decoding=\"async\" class=\"size-medium wp-image-1636 alignleft\" src=\"https:\/\/burgspiele-test.net\/wp-content\/uploads\/2018\/11\/131_LR-225x300.jpg\" alt=\"\" width=\"225\" height=\"300\" srcset=\"https:\/\/burgspiele-test.net\/wp-content\/uploads\/2018\/11\/131_LR-225x300.jpg 225w, https:\/\/burgspiele-test.net\/wp-content\/uploads\/2018\/11\/131_LR-768x1024.jpg 768w, https:\/\/burgspiele-test.net\/wp-content\/uploads\/2018\/11\/131_LR.jpg 1575w\" sizes=\"auto, (max-width: 225px) 100vw, 225px\" \/>erz\u00e4hlt die Grundschullehrerin, die das Grufti-M\u00e4dchen, das sich mit Telefonsex \u00fcber Wasser h\u00e4lt (\u201eein Oh kostet 1,50, ein Aahhh zwei Euro\u201c), sehr \u00fcberzeugend verk\u00f6rpert. In einer Szenekneipe hatte sie einen Zettel mit dem Hinweis \u201eZimmer frei\u201c ausgeh\u00e4ngt, in der Hoffnung, einen jungen Mitbewohner zu finden. Doch zu ihrer \u00dcberraschung steht eines Tages Hans M\u00fcller mit M\u00f6beln vor ihrer T\u00fcr. \u201eIch dachte, Sie haben sich verlaufen! Hier gibt es viele senile Opis\u201c, begr\u00fc\u00dft sie ihn wenig charmant. Er k\u00f6nne gleich wieder umdrehen. \u201eJa, wohin soll ich denn?\u201c, fragt der Alte, der nach 45 Jahren aus seiner Dachwohnung geflogen ist und noch keinen Platz im Seniorenheim hat.<\/p>\n<p><img loading=\"lazy\" decoding=\"async\" class=\"size-medium wp-image-1637 alignright\" src=\"https:\/\/burgspiele-test.net\/wp-content\/uploads\/2018\/11\/063_LR-225x300.jpg\" alt=\"\" width=\"225\" height=\"300\" srcset=\"https:\/\/burgspiele-test.net\/wp-content\/uploads\/2018\/11\/063_LR-225x300.jpg 225w, https:\/\/burgspiele-test.net\/wp-content\/uploads\/2018\/11\/063_LR-768x1024.jpg 768w, https:\/\/burgspiele-test.net\/wp-content\/uploads\/2018\/11\/063_LR.jpg 1575w\" sizes=\"auto, (max-width: 225px) 100vw, 225px\" \/><\/p>\n<p>Die Hauptrolle hat es in sich. 56 Seiten Text musste der 70-j\u00e4hrige Hiebert daf\u00fcr auswendig lernen, sich auf dem Boden w\u00e4lzen, Herzattacken und R\u00fcckenprobleme meistern. Fantastisch stellt er die Altersbeschwerden dar, so authentisch, dass der Beobachter in manchen Augenblicken bef\u00fcrchtet, dem Schauspieler geht es gerade tats\u00e4chlich schlecht. Aber nicht nur k\u00f6rperliche Einschr\u00e4nkungen, auch Ged\u00e4chtnisverlust und Einsamkeit plagen ihn. So schw\u00e4rmt M\u00fcller immer wieder von der Normandie, wohin er mit seiner verstorbenen Frau Anna noch gern gereist w\u00e4re, und geht mit der Hundeleine in der Hand t\u00e4glich spazieren, obwohl sein Vierbeiner schon l\u00e4ngst tot ist.<\/p>\n<p>Glotz, die dem Mann schlie\u00dflich gestattet, sein \u201eHeimatmuseum vor\u00fcbergehend\u201c auf der einen Seite ihres Reiches aufzubauen und einen virtuellen Eisernen Vorhang durch die Wohnung zieht, gew\u00f6hnt sich allm\u00e4hlich an den Senior. Ganz langsam n\u00e4hern sich die beiden grundverschiedenen Menschen einander an. Glotz \u00f6ffnet sich, erz\u00e4hlt von ihrer Angst vor dem Leben, in dem sie verzweifelt nach dem Sinn sucht, beginnt das eine oder andere von dem erfahrenen Alten anzunehmen, welcher wiederum von ihr einiges lernt. Doch bei allem ernsten Hintergrund gibt es zahlreiche sehr lustige Passagen \u2013 das Publikum, das viel applaudiert, wird durch ein Wechselbad der Gef\u00fchle geschickt.<\/p>\n<p><img loading=\"lazy\" decoding=\"async\" class=\"wp-image-1629 size-medium alignleft\" src=\"https:\/\/burgspiele-test.net\/wp-content\/uploads\/2018\/11\/288_LR-300x225.jpg\" alt=\"\" width=\"300\" height=\"225\" srcset=\"https:\/\/burgspiele-test.net\/wp-content\/uploads\/2018\/11\/288_LR-300x225.jpg 300w, https:\/\/burgspiele-test.net\/wp-content\/uploads\/2018\/11\/288_LR-768x576.jpg 768w, https:\/\/burgspiele-test.net\/wp-content\/uploads\/2018\/11\/288_LR-1024x768.jpg 1024w\" sizes=\"auto, (max-width: 300px) 100vw, 300px\" \/><\/p>\n<p>Am\u00fcsant sind auch die Szenen mit den beiden Nebendarstellern: Leon Radmacher (16) als flippiger, Joints rauchender Jugendlicher, der sein Waveboard geschickt um die M\u00f6bel herum man\u00f6vriert, und Kyra Schilling als gestrenge Seniorenheim-Mitarbeiterin Gertrud H\u00e4mmerle, der die WG ziemlich missf\u00e4llt.<\/p>\n<figure id=\"attachment_1627\" aria-describedby=\"caption-attachment-1627\" style=\"width: 300px\" class=\"wp-caption alignright\"><img loading=\"lazy\" decoding=\"async\" class=\"wp-image-1627 size-medium\" src=\"https:\/\/burgspiele-test.net\/wp-content\/uploads\/2018\/11\/233_LR-300x225.jpg\" alt=\"\" width=\"300\" height=\"225\" srcset=\"https:\/\/burgspiele-test.net\/wp-content\/uploads\/2018\/11\/233_LR-300x225.jpg 300w, https:\/\/burgspiele-test.net\/wp-content\/uploads\/2018\/11\/233_LR-768x576.jpg 768w, https:\/\/burgspiele-test.net\/wp-content\/uploads\/2018\/11\/233_LR-1024x768.jpg 1024w\" sizes=\"auto, (max-width: 300px) 100vw, 300px\" \/><figcaption id=\"caption-attachment-1627\" class=\"wp-caption-text\">Opa M\u00fcller und Frau H\u00e4mmerle besprechen die Formalit\u00e4ten.<\/figcaption><\/figure>\n<p>Eva Mittr\u00fccker-Suchomelli, die diese Rolle eigentlich innehat, war an der Premiere verhindert. Die Zusammenarbeit mit den Akteuren sei sehr gut gewesen, lobte Schilling, der ihre erste gro\u00dfe Inszenierung mit Alexander Maier als Co-Regisseur ausgezeichnet gelungen ist.<\/p>\n<p>&nbsp;<\/p>\n","protected":false},"excerpt":{"rendered":"<p>Ein ungleiches Paar Altleininger Burgspieler pr\u00e4sentieren Kom\u00f6die \u201eZimmer frei\u201c \u2013 Ausgezeichnete Leistungen auf der B\u00fchne Quelle: Rheinpfalz vom 22.10.2018 &#8211; Anja Benndorf &nbsp; Eine Kom\u00f6die mit Tiefgang bringen die Altleininger Burgspieler in diesem Herbst auf die B\u00fchne. Am Samstag war&hellip; <\/p>\n","protected":false},"author":2,"featured_media":0,"parent":187,"menu_order":0,"comment_status":"closed","ping_status":"closed","template":"","meta":{"footnotes":""},"class_list":["post-1584","page","type-page","status-publish","hentry"],"_links":{"self":[{"href":"https:\/\/burgspiele-test.net\/index.php?rest_route=\/wp\/v2\/pages\/1584","targetHints":{"allow":["GET"]}}],"collection":[{"href":"https:\/\/burgspiele-test.net\/index.php?rest_route=\/wp\/v2\/pages"}],"about":[{"href":"https:\/\/burgspiele-test.net\/index.php?rest_route=\/wp\/v2\/types\/page"}],"author":[{"embeddable":true,"href":"https:\/\/burgspiele-test.net\/index.php?rest_route=\/wp\/v2\/users\/2"}],"replies":[{"embeddable":true,"href":"https:\/\/burgspiele-test.net\/index.php?rest_route=%2Fwp%2Fv2%2Fcomments&post=1584"}],"version-history":[{"count":10,"href":"https:\/\/burgspiele-test.net\/index.php?rest_route=\/wp\/v2\/pages\/1584\/revisions"}],"predecessor-version":[{"id":1643,"href":"https:\/\/burgspiele-test.net\/index.php?rest_route=\/wp\/v2\/pages\/1584\/revisions\/1643"}],"up":[{"embeddable":true,"href":"https:\/\/burgspiele-test.net\/index.php?rest_route=\/wp\/v2\/pages\/187"}],"wp:attachment":[{"href":"https:\/\/burgspiele-test.net\/index.php?rest_route=%2Fwp%2Fv2%2Fmedia&parent=1584"}],"curies":[{"name":"wp","href":"https:\/\/api.w.org\/{rel}","templated":true}]}}