{"id":1520,"date":"2018-03-10T12:38:58","date_gmt":"2018-03-10T12:38:58","guid":{"rendered":"https:\/\/burgspiele-test.net\/?page_id=1520"},"modified":"2018-12-15T12:41:11","modified_gmt":"2018-12-15T12:41:11","slug":"datenschutzbestimmung","status":"publish","type":"page","link":"https:\/\/burgspiele-test.net\/?page_id=1520","title":{"rendered":"Datenschutzbestimmung"},"content":{"rendered":"<p>Der Schutz und die Sicherheit von pers\u00f6nlichen Daten hat bei uns eine hohe Priorit\u00e4t. Daher halten wir uns an die Regeln des deutschen Bundesdatenschutzgesetzes (BDSG) und der EU-Datenschutz-Grundverordnung. Nachfolgend werden Sie dar\u00fcber informiert, welche Art von Daten erfasst und zu welchem Zweck sie erhoben werden:<\/p>\n<p>1. Daten\u00fcbermittlung \/Datenprotokollierung<br \/>\nBeim Besuch dieser Seite verzeichnet der Web-Server automatisch Log-Files, die keiner bestimmten Person zugeordnet werden k\u00f6nnen. Diese Daten beinhalten z. B. den Browsertyp und -version, verwendetes Betriebssystem, Referrer URL (die zuvor besuchte Seite), IP-Adresse des anfragenden Rechners, Zugriffsdatum und -uhrzeit der Serveranfrage und die Dateianfrage des Client (Dateiname und URL). Diese Daten werden nur zum Zweck der statistischen Auswertung gesammelt. Eine Weitergabe an Dritte, zu kommerziellen oder nichtkommerziellen Zwecken, findet nicht statt.<\/p>\n<p>2. Nutzung pers\u00f6nlicher Daten<br \/>\nPers\u00f6nliche Daten werden nur erhoben oder verarbeitet, wenn Sie diese Angaben freiwillig, z.B. im Rahmen einer Anfrage mitteilen. Sofern keine erforderlichen Gr\u00fcnde im Zusammenhang mit einer Gesch\u00e4ftsabwicklung bestehen, k\u00f6nnen Sie jederzeit die zuvor erteilte Genehmigung Ihrer pers\u00f6nlichen Datenspeicherung mit sofortiger Wirkung schriftlich (z.B. per E-Mail oder per Fax) widerrufen. Ihre Daten werden nicht an Dritte weitergeben, es sei denn, eine Weitergabe ist aufgrund gesetzlicher Vorschriften erforderlich.<\/p>\n<p>3. Auskunft, \u00c4nderung und L\u00f6schung Ihrer Daten<br \/>\nGem\u00e4\u00df geltendem Recht k\u00f6nnen Sie bei uns schriftlich nachfragen, ob und welche personenbezogenen Daten bei uns \u00fcber Sie gespeichert sind.<\/p>\n<p>4. Sicherheit Ihrer Daten<br \/>\nIhre uns zur Verf\u00fcgung gestellten pers\u00f6nlichen Daten werden durch Ergreifung aller technischen sowie organisatorischen Sicherheitsma\u00dfnahmen so gesichert, dass sie f\u00fcr den Zugriff unberechtigter Dritter unzug\u00e4nglich sind. Bei Versendung von sehr sensiblen Daten oder Informationen ist es empfehlenswert, den Postweg zu nutzen, da eine vollst\u00e4ndige Datensicherheit per E-Mail nicht gew\u00e4hrleistet werden kann.<\/p>\n<p>5. Verwendung eingebetter Dienste auf dieser Website<br \/>\nWir verwenden auf unserer Webseite eingebettete Dienste. Eingebettete Dienste von anderen Websites verhalten sich so, als ob der Besucher diesen Dienst direkt aufgerufen h\u00e4tte. Diese Dienste k\u00f6nnen weitere Daten sammeln, Cookies benutzen, zus\u00e4tzliche Tracking-Dienste von Dritten einbetten und Ihre Interaktion mit diesem eingebetteten Inhalt aufzeichnen, insbesondere wenn Sie f\u00fcr diese Dienste ein Konto haben und zeitgleich angemeldet sind.<br \/>\nDies betrifft auf unserer Webseite die Dienste Google Maps, Google reCAPTCHA und YouTube. Unsere Webseiten sind mit Google reCAPTCHA gesch\u00fctzt.<\/p>\n<p>6. SSL-Verschl\u00fcsselung<br \/>\nUm die Sicherheit Ihrer Daten bei der \u00dcbertragung zu sch\u00fctzen, verwenden wir dem aktuellen Stand der Technik entsprechende Verschl\u00fcsselungsverfahren (z. B. SSL) \u00fcber HTTPS.<\/p>\n<p>7. \u00c4nderungen dieser Datenschutzbestimmungen<br \/>\nWir werden diese Richtlinien zum Schutz Ihrer pers\u00f6nlichen Daten von Zeit zu Zeit aktualisieren. Sie sollten sich diese Richtlinien gelegentlich ansehen, um auf dem Laufenden dar\u00fcber zu bleiben, wie wir Ihre Daten sch\u00fctzen und die Inhalte unserer Website stetig verbessern. Sollten wir wesentliche \u00c4nderungen bei der Sammlung, der Nutzung und\/oder der Weitergabe der uns von Ihnen zur Verf\u00fcgung gestellten personenbezogenen Daten vornehmen, werden wir Sie durch einen eindeutigen und gut sichtbaren Hinweis auf der Website darauf aufmerksam machen. Mit der Nutzung der Webseite erkl\u00e4ren Sie sich mit den Bedingungen dieser Richtlinien zum Schutz pers\u00f6nlicher Daten einverstanden.<\/p>\n<p>Bei Fragen zu diesen Datenschutzbestimmungen wenden Sie sich bitte \u00fcber unsere Kontakt-Seite an uns.<\/p>\n","protected":false},"excerpt":{"rendered":"<p>Der Schutz und die Sicherheit von pers\u00f6nlichen Daten hat bei uns eine hohe Priorit\u00e4t. Daher halten wir uns an die Regeln des deutschen Bundesdatenschutzgesetzes (BDSG) und der EU-Datenschutz-Grundverordnung. Nachfolgend werden Sie dar\u00fcber informiert, welche Art von Daten erfasst und zu&hellip; <\/p>\n","protected":false},"author":1,"featured_media":0,"parent":0,"menu_order":0,"comment_status":"closed","ping_status":"closed","template":"","meta":{"footnotes":""},"class_list":["post-1520","page","type-page","status-publish","hentry"],"_links":{"self":[{"href":"https:\/\/burgspiele-test.net\/index.php?rest_route=\/wp\/v2\/pages\/1520","targetHints":{"allow":["GET"]}}],"collection":[{"href":"https:\/\/burgspiele-test.net\/index.php?rest_route=\/wp\/v2\/pages"}],"about":[{"href":"https:\/\/burgspiele-test.net\/index.php?rest_route=\/wp\/v2\/types\/page"}],"author":[{"embeddable":true,"href":"https:\/\/burgspiele-test.net\/index.php?rest_route=\/wp\/v2\/users\/1"}],"replies":[{"embeddable":true,"href":"https:\/\/burgspiele-test.net\/index.php?rest_route=%2Fwp%2Fv2%2Fcomments&post=1520"}],"version-history":[{"count":6,"href":"https:\/\/burgspiele-test.net\/index.php?rest_route=\/wp\/v2\/pages\/1520\/revisions"}],"predecessor-version":[{"id":1653,"href":"https:\/\/burgspiele-test.net\/index.php?rest_route=\/wp\/v2\/pages\/1520\/revisions\/1653"}],"wp:attachment":[{"href":"https:\/\/burgspiele-test.net\/index.php?rest_route=%2Fwp%2Fv2%2Fmedia&parent=1520"}],"curies":[{"name":"wp","href":"https:\/\/api.w.org\/{rel}","templated":true}]}}