{"id":1312,"date":"2018-02-10T16:46:01","date_gmt":"2018-02-10T16:46:01","guid":{"rendered":"http:\/\/burgspiele-altleiningen.net\/?page_id=1312"},"modified":"2018-02-10T16:47:01","modified_gmt":"2018-02-10T16:47:01","slug":"1986-1987-liselotte-von-der-pfalz","status":"publish","type":"page","link":"https:\/\/burgspiele-test.net\/?page_id=1312","title":{"rendered":"1986\/1987 &#8211; Liselotte von der Pfalz"},"content":{"rendered":"<h3 class=\"style2\" style=\"text-align: center;\">&#8218;Liselotte von der Pfalz&#8216;<\/h3>\n<p class=\"style2\" style=\"text-align: center;\"><span class=\"style8\"><em>(Willy Rechner &#8211; nach Presber\/Stein)<\/em><\/span><\/p>\n<p>&nbsp;<\/p>\n<p>In zwei Teilen wird das Leben der kurpf\u00e4lzischen Prinzessin geschildert.<\/p>\n<p>Am Heidelberger Hof schreckt sie viele Brautwerber ab, bis sie endlich aus Staatsraison in die Heirat mit dem Bruder des franz\u00f6sischen K\u00f6nigs einwilligt.<\/p>\n<p>In Versailles mu\u00df sie 18 Jahre sp\u00e4ter erleben, wie ihre vermeintlichen Erbanspr\u00fcche als Vorwand dienen, den pf\u00e4lzischen Erbfolgekrieg zu beginnen.<\/p>\n<p><img loading=\"lazy\" decoding=\"async\" class=\"alignnone size-full wp-image-404\" src=\"https:\/\/burgspiele-test.net\/wp-content\/uploads\/2017\/12\/liselotte3.jpg\" alt=\"\" width=\"227\" height=\"230\" \/>\u00a0 <img loading=\"lazy\" decoding=\"async\" class=\"alignnone size-full wp-image-403\" src=\"https:\/\/burgspiele-test.net\/wp-content\/uploads\/2017\/12\/liselotte2.jpg\" alt=\"\" width=\"285\" height=\"230\" \/><\/p>\n<p><img loading=\"lazy\" decoding=\"async\" class=\"alignnone size-full wp-image-402\" src=\"https:\/\/burgspiele-test.net\/wp-content\/uploads\/2017\/12\/liselotte1.jpg\" alt=\"\" width=\"167\" height=\"230\" \/> <img loading=\"lazy\" decoding=\"async\" class=\"alignnone size-medium wp-image-401\" src=\"https:\/\/burgspiele-test.net\/wp-content\/uploads\/2017\/12\/liselotte4-160x300.jpg\" alt=\"\" width=\"160\" height=\"300\" srcset=\"https:\/\/burgspiele-test.net\/wp-content\/uploads\/2017\/12\/liselotte4-160x300.jpg 160w, https:\/\/burgspiele-test.net\/wp-content\/uploads\/2017\/12\/liselotte4-144x270.jpg 144w, https:\/\/burgspiele-test.net\/wp-content\/uploads\/2017\/12\/liselotte4.jpg 224w\" sizes=\"auto, (max-width: 160px) 100vw, 160px\" \/><\/p>\n","protected":false},"excerpt":{"rendered":"<p>&#8218;Liselotte von der Pfalz&#8216; (Willy Rechner &#8211; nach Presber\/Stein) &nbsp; In zwei Teilen wird das Leben der kurpf\u00e4lzischen Prinzessin geschildert. Am Heidelberger Hof schreckt sie viele Brautwerber ab, bis sie endlich aus Staatsraison in die Heirat mit dem Bruder des&hellip; <\/p>\n","protected":false},"author":1,"featured_media":0,"parent":71,"menu_order":0,"comment_status":"closed","ping_status":"closed","template":"","meta":{"footnotes":""},"class_list":["post-1312","page","type-page","status-publish","hentry"],"_links":{"self":[{"href":"https:\/\/burgspiele-test.net\/index.php?rest_route=\/wp\/v2\/pages\/1312","targetHints":{"allow":["GET"]}}],"collection":[{"href":"https:\/\/burgspiele-test.net\/index.php?rest_route=\/wp\/v2\/pages"}],"about":[{"href":"https:\/\/burgspiele-test.net\/index.php?rest_route=\/wp\/v2\/types\/page"}],"author":[{"embeddable":true,"href":"https:\/\/burgspiele-test.net\/index.php?rest_route=\/wp\/v2\/users\/1"}],"replies":[{"embeddable":true,"href":"https:\/\/burgspiele-test.net\/index.php?rest_route=%2Fwp%2Fv2%2Fcomments&post=1312"}],"version-history":[{"count":2,"href":"https:\/\/burgspiele-test.net\/index.php?rest_route=\/wp\/v2\/pages\/1312\/revisions"}],"predecessor-version":[{"id":1321,"href":"https:\/\/burgspiele-test.net\/index.php?rest_route=\/wp\/v2\/pages\/1312\/revisions\/1321"}],"up":[{"embeddable":true,"href":"https:\/\/burgspiele-test.net\/index.php?rest_route=\/wp\/v2\/pages\/71"}],"wp:attachment":[{"href":"https:\/\/burgspiele-test.net\/index.php?rest_route=%2Fwp%2Fv2%2Fmedia&parent=1312"}],"curies":[{"name":"wp","href":"https:\/\/api.w.org\/{rel}","templated":true}]}}