{"id":1294,"date":"2018-02-10T16:35:40","date_gmt":"2018-02-10T16:35:40","guid":{"rendered":"http:\/\/burgspiele-altleiningen.net\/?page_id=1294"},"modified":"2018-02-10T18:02:40","modified_gmt":"2018-02-10T18:02:40","slug":"1990-des-weibes-suende-ist-des-mannes-schuld","status":"publish","type":"page","link":"https:\/\/burgspiele-test.net\/?page_id=1294","title":{"rendered":"1980\/1990 &#8211; Des Weibes S\u00fcnde ist des Mannes Schuld"},"content":{"rendered":"<h3 style=\"text-align: center;\">&#8218;Des Weibes S\u00fcnde ist des Mannes Schuld&#8216;<\/h3>\n<p style=\"text-align: center;\"><strong><br \/>\n<\/strong><em>(Willy Rechner)<\/em><\/p>\n<p>&nbsp;<\/p>\n<p>Graf Ludwig zu Leiningen traut seiner Frau nicht, und dieses Misstrauen f\u00fchrt zu allerhand Missverst\u00e4ndnissen und heiklen Situation, die ein \u00fcberraschend eintreffender fahrender Sch\u00fcler zur allseitigen Zufriedenheit l\u00f6st.<\/p>\n<p>Dieses St\u00fcck wurde sowohl zur Gr\u00fcndung der Burgspiele Altleiningen im Jahre 1980 als auch zum 10j\u00e4hrigen Bestehen 1990 gespielt.<\/p>\n<div id='gallery-1' class='gallery galleryid-1294 gallery-columns-3 gallery-size-full'><figure class='gallery-item'>\n\t\t\t<div class='gallery-icon landscape'>\n\t\t\t\t<a href='https:\/\/burgspiele-test.net\/?attachment_id=388'><img loading=\"lazy\" decoding=\"async\" width=\"756\" height=\"528\" src=\"https:\/\/burgspiele-test.net\/wp-content\/uploads\/2017\/12\/weibessuende2.jpg\" class=\"attachment-full size-full\" alt=\"\" srcset=\"https:\/\/burgspiele-test.net\/wp-content\/uploads\/2017\/12\/weibessuende2.jpg 756w, https:\/\/burgspiele-test.net\/wp-content\/uploads\/2017\/12\/weibessuende2-300x210.jpg 300w, https:\/\/burgspiele-test.net\/wp-content\/uploads\/2017\/12\/weibessuende2-387x270.jpg 387w\" sizes=\"auto, (max-width: 756px) 100vw, 756px\" \/><\/a>\n\t\t\t<\/div><\/figure><figure class='gallery-item'>\n\t\t\t<div class='gallery-icon portrait'>\n\t\t\t\t<a href='https:\/\/burgspiele-test.net\/?attachment_id=387'><img loading=\"lazy\" decoding=\"async\" width=\"2848\" height=\"4272\" src=\"https:\/\/burgspiele-test.net\/wp-content\/uploads\/2017\/12\/weibessuende1.jpg\" class=\"attachment-full size-full\" alt=\"\" srcset=\"https:\/\/burgspiele-test.net\/wp-content\/uploads\/2017\/12\/weibessuende1.jpg 2848w, https:\/\/burgspiele-test.net\/wp-content\/uploads\/2017\/12\/weibessuende1-200x300.jpg 200w, https:\/\/burgspiele-test.net\/wp-content\/uploads\/2017\/12\/weibessuende1-768x1152.jpg 768w, https:\/\/burgspiele-test.net\/wp-content\/uploads\/2017\/12\/weibessuende1-683x1024.jpg 683w, https:\/\/burgspiele-test.net\/wp-content\/uploads\/2017\/12\/weibessuende1-180x270.jpg 180w\" sizes=\"auto, (max-width: 2848px) 100vw, 2848px\" \/><\/a>\n\t\t\t<\/div><\/figure><figure class='gallery-item'>\n\t\t\t<div class='gallery-icon landscape'>\n\t\t\t\t<a href='https:\/\/burgspiele-test.net\/?attachment_id=386'><img loading=\"lazy\" decoding=\"async\" width=\"899\" height=\"588\" src=\"https:\/\/burgspiele-test.net\/wp-content\/uploads\/2017\/12\/weibessuende3.jpg\" class=\"attachment-full size-full\" alt=\"\" srcset=\"https:\/\/burgspiele-test.net\/wp-content\/uploads\/2017\/12\/weibessuende3.jpg 899w, https:\/\/burgspiele-test.net\/wp-content\/uploads\/2017\/12\/weibessuende3-300x196.jpg 300w, https:\/\/burgspiele-test.net\/wp-content\/uploads\/2017\/12\/weibessuende3-768x502.jpg 768w, https:\/\/burgspiele-test.net\/wp-content\/uploads\/2017\/12\/weibessuende3-413x270.jpg 413w\" sizes=\"auto, (max-width: 899px) 100vw, 899px\" \/><\/a>\n\t\t\t<\/div><\/figure>\n\t\t<\/div>\n\n<p>&nbsp;<\/p>\n","protected":false},"excerpt":{"rendered":"<p>&#8218;Des Weibes S\u00fcnde ist des Mannes Schuld&#8216; (Willy Rechner) &nbsp; Graf Ludwig zu Leiningen traut seiner Frau nicht, und dieses Misstrauen f\u00fchrt zu allerhand Missverst\u00e4ndnissen und heiklen Situation, die ein \u00fcberraschend eintreffender fahrender Sch\u00fcler zur allseitigen Zufriedenheit l\u00f6st. Dieses St\u00fcck&hellip; <\/p>\n","protected":false},"author":1,"featured_media":0,"parent":71,"menu_order":0,"comment_status":"closed","ping_status":"closed","template":"","meta":{"footnotes":""},"class_list":["post-1294","page","type-page","status-publish","hentry"],"_links":{"self":[{"href":"https:\/\/burgspiele-test.net\/index.php?rest_route=\/wp\/v2\/pages\/1294","targetHints":{"allow":["GET"]}}],"collection":[{"href":"https:\/\/burgspiele-test.net\/index.php?rest_route=\/wp\/v2\/pages"}],"about":[{"href":"https:\/\/burgspiele-test.net\/index.php?rest_route=\/wp\/v2\/types\/page"}],"author":[{"embeddable":true,"href":"https:\/\/burgspiele-test.net\/index.php?rest_route=\/wp\/v2\/users\/1"}],"replies":[{"embeddable":true,"href":"https:\/\/burgspiele-test.net\/index.php?rest_route=%2Fwp%2Fv2%2Fcomments&post=1294"}],"version-history":[{"count":4,"href":"https:\/\/burgspiele-test.net\/index.php?rest_route=\/wp\/v2\/pages\/1294\/revisions"}],"predecessor-version":[{"id":1400,"href":"https:\/\/burgspiele-test.net\/index.php?rest_route=\/wp\/v2\/pages\/1294\/revisions\/1400"}],"up":[{"embeddable":true,"href":"https:\/\/burgspiele-test.net\/index.php?rest_route=\/wp\/v2\/pages\/71"}],"wp:attachment":[{"href":"https:\/\/burgspiele-test.net\/index.php?rest_route=%2Fwp%2Fv2%2Fmedia&parent=1294"}],"curies":[{"name":"wp","href":"https:\/\/api.w.org\/{rel}","templated":true}]}}