{"id":1278,"date":"2018-02-10T16:23:57","date_gmt":"2018-02-10T16:23:57","guid":{"rendered":"http:\/\/burgspiele-altleiningen.net\/?page_id=1278"},"modified":"2018-02-10T16:45:57","modified_gmt":"2018-02-10T16:45:57","slug":"2006-tiefgruendig-und-trotzdem-witzig","status":"publish","type":"page","link":"https:\/\/burgspiele-test.net\/?page_id=1278","title":{"rendered":"2006 &#8211; Tiefgr\u00fcndig und trotzdem witzig"},"content":{"rendered":"<h6><em><strong>Tiefgr\u00fcndig und trotzdem witzig (Regina Wilhelm)<\/strong><\/em><\/h6>\n<p>&nbsp;<\/p>\n<p><em>Quelle: DIE RHEINPFALZ Regionalausgabe: Unterhaardter Rundschau, Dienstag, den 20. Juni 2006<\/em><\/p>\n<h6><\/h6>\n<p>&nbsp;<\/p>\n<h6>Burgspiele Altleiningen setzen Theaterst\u00fcck &#8222;Elling&#8220; wunderbar in Szene<br \/>\nGl\u00e4nzende Darsteller &#8211; Viel Applaus bei Premiere<\/h6>\n<p>&nbsp;<\/p>\n<p>Was die Burgspiele Altleiningen in diesem Sommer ihrem Publikum zeigen, ist sicher keine leichte Kost. Doch wer sich auf &#8222;Elling&#8220; einl\u00e4sst, erlebt ein tiefgr\u00fcndiges St\u00fcck, das durch Wortwitz und Situationskomik auch unterhaltende Seiten aufweist. Am Samstag feierte das Schauspiel des Norwegers Axel Hellstenius im fast ausverkauftem Theatersaal der Jugendherberge Premiere.<\/p>\n<p>Das Schauspiel, das auf dem Roman Blutsbr\u00fcder von Ingvar Ambj\u00f6rnsen basiert, ist in jeglicher Hinsicht reduziert. Es braucht kein aufw\u00e4ndiges B\u00fchnenbild oder ausgefeilte Dekoration. Auch die Kost\u00fcme, die die lediglich vier Akteure tragen, sind fast ausschlie\u00dflich Alltagskleider.<\/p>\n<figure id=\"attachment_563\" aria-describedby=\"caption-attachment-563\" style=\"width: 498px\" class=\"wp-caption aligncenter\"><img loading=\"lazy\" decoding=\"async\" class=\"wp-image-563 \" src=\"https:\/\/burgspiele-test.net\/wp-content\/uploads\/2017\/12\/elling-anstalt-300x192.jpg\" alt=\"\" width=\"498\" height=\"319\" srcset=\"https:\/\/burgspiele-test.net\/wp-content\/uploads\/2017\/12\/elling-anstalt-300x192.jpg 300w, https:\/\/burgspiele-test.net\/wp-content\/uploads\/2017\/12\/elling-anstalt-422x270.jpg 422w, https:\/\/burgspiele-test.net\/wp-content\/uploads\/2017\/12\/elling-anstalt.jpg 510w\" sizes=\"auto, (max-width: 498px) 100vw, 498px\" \/><figcaption id=\"caption-attachment-563\" class=\"wp-caption-text\"><em>Carla Swiercy als Krankenschwester Gunn, Martin Steinmetz als Elling und Timo Hmielorz als Kjell Bjarne<\/em><\/figcaption><\/figure>\n<table style=\"height: 317px;\" width=\"796\" align=\"aligncenter\">\n<tbody>\n<tr>\n<td><img loading=\"lazy\" decoding=\"async\" class=\"alignnone  wp-image-565 aligncenter\" src=\"https:\/\/burgspiele-test.net\/wp-content\/uploads\/2017\/12\/elling-kjell-220x300.jpg\" alt=\"\" width=\"273\" height=\"373\" srcset=\"https:\/\/burgspiele-test.net\/wp-content\/uploads\/2017\/12\/elling-kjell-220x300.jpg 220w, https:\/\/burgspiele-test.net\/wp-content\/uploads\/2017\/12\/elling-kjell-198x270.jpg 198w, https:\/\/burgspiele-test.net\/wp-content\/uploads\/2017\/12\/elling-kjell.jpg 283w\" sizes=\"auto, (max-width: 273px) 100vw, 273px\" \/><\/td>\n<td style=\"text-align: center;\"><img loading=\"lazy\" decoding=\"async\" class=\"alignnone  wp-image-566 aligncenter\" src=\"https:\/\/burgspiele-test.net\/wp-content\/uploads\/2017\/12\/elling-kjell2.jpg\" alt=\"\" width=\"563\" height=\"376\" \/><\/td>\n<\/tr>\n<\/tbody>\n<\/table>\n<p>Da selbst die Sprache passagenweise limitiert ist, h\u00e4ngt das Gelingen des St\u00fccks ausnahmslos von der Qualit\u00e4t der Schauspieler ab, die die Gedanken und Gef\u00fchle, die \u00c4ngste und Hoffnungen der Figuren transportieren m\u00fcssen. Und deshalb zeigt sich bei &#8222;Elling&#8220; einmal mehr, dass die Mitglieder der Burgspiele keine blutigen Laien sind. Perfekt in Ausdruck, K\u00f6rperhaltung, Mimik und Gestik stellen Martin Steinmetz und Timo Hmierlorz die beiden Helden oder vielmehr Antihelden Elling und Kjell Bjarne dar.<\/p>\n<p><img loading=\"lazy\" decoding=\"async\" class=\" wp-image-573 aligncenter\" src=\"https:\/\/burgspiele-test.net\/wp-content\/uploads\/2017\/12\/elling3-244x300.jpg\" alt=\"\" width=\"406\" height=\"499\" srcset=\"https:\/\/burgspiele-test.net\/wp-content\/uploads\/2017\/12\/elling3-244x300.jpg 244w, https:\/\/burgspiele-test.net\/wp-content\/uploads\/2017\/12\/elling3-219x270.jpg 219w, https:\/\/burgspiele-test.net\/wp-content\/uploads\/2017\/12\/elling3.jpg 479w\" sizes=\"auto, (max-width: 406px) 100vw, 406px\" \/><\/p>\n<p>Nicht weniger \u00fcberzeugend wirkt Alexander Maier, der allerdings als &#8222;ganz normaler&#8220; Sozialarbeiter kaum die M\u00f6glichkeit hat, seiner Figur viel Tiefe zu geben.<\/p>\n<table>\n<tbody>\n<tr>\n<td><img loading=\"lazy\" decoding=\"async\" class=\" wp-image-574 alignnone aligncenter\" src=\"https:\/\/burgspiele-test.net\/wp-content\/uploads\/2017\/12\/elling4-300x259.jpg\" alt=\"\" width=\"392\" height=\"338\" srcset=\"https:\/\/burgspiele-test.net\/wp-content\/uploads\/2017\/12\/elling4-300x259.jpg 300w, https:\/\/burgspiele-test.net\/wp-content\/uploads\/2017\/12\/elling4-313x270.jpg 313w, https:\/\/burgspiele-test.net\/wp-content\/uploads\/2017\/12\/elling4.jpg 534w\" sizes=\"auto, (max-width: 392px) 100vw, 392px\" \/><\/td>\n<td><img loading=\"lazy\" decoding=\"async\" class=\" wp-image-564 alignnone aligncenter\" src=\"https:\/\/burgspiele-test.net\/wp-content\/uploads\/2017\/12\/elling-johanne.jpg\" alt=\"\" width=\"527\" height=\"352\" \/><\/td>\n<\/tr>\n<\/tbody>\n<\/table>\n<p>Die junge Carla Swierzy kann dagegen vor allem als die schwangere Reidun brillieren. Zu sehen ist sie ferner in kurzen Szenen als die flippige Bedienung Johanne und als Krankenschwester Gunn.<br \/>\nElling und Kjell Bjarne sind so gegens\u00e4tzlich wie der putzs\u00fcchtige Felix Unger und der chaotische Sportreporter Oscar Madison in &#8222;M\u00e4nnerwirtschaft&#8220;. Elling verk\u00f6rpert das intellektuelle, verw\u00f6hnte Mutters\u00f6hnchen, pedantisch und ordnungsliebend. Kjell Bjarne dagegen hat die Sonderschule besucht, erinnert sich kaum an seine tyrannischen Eltern. Er h\u00e4lt wenig von Reinlichkeit und st\u00f6rt sich nicht am Chaos. Seine Gedanken kreisen nur um ein Ziel: endlich, endlich einmal eine Frau zu haben.<\/p>\n<p>Eines ist den beiden aber gemein: Zusammen sollen sie nach ihrem Aufenthalt in der Psychiatrie den normalen Alltag wagen. Unterst\u00fctzt werden sie dabei von dem Sozialarbeiter Frank Asli.<\/p>\n<p>Anr\u00fchrend spielt Hmielorz den naiven Kjell Bjarne mit dem scheinbar kindlichen Gem\u00fct. Er l\u00e4sst sich gern von Elling an der Hand nehmen und f\u00fchren. Vor allem gefallen ihm die Geschichten von den Abenteuern &#8211; auch mit tollen Frauen &#8211; , die Elling angeblich erlebt hat. Aber Elling schneidet lediglich auf, um sich wichtig zu machen und seinen Unsicherheit zu kaschieren.<\/p>\n<p>Denn der &#8222;gro\u00dfe Held&#8220; hat mindestens so viele Komplexe wie sein Freund. Herrlich komisch: seine Angst, das Telefon zu bedienen. &#8222;Weshalb&#8220;, fragt er den Betreuer, &#8222;soll ich denn mit jemandem sprechen, den ich nicht kenne?&#8220; Seine Furcht vor Menschen, die ihn davon abh\u00e4lt, auszugehen oder Eink\u00e4ufe zu erledigen, l\u00e4sst ihn einige witzige Ausreden erfinden.<\/p>\n<p><img loading=\"lazy\" decoding=\"async\" class=\" wp-image-570 aligncenter\" src=\"https:\/\/burgspiele-test.net\/wp-content\/uploads\/2017\/12\/elling-tischszene.jpg\" alt=\"\" width=\"482\" height=\"312\" \/><\/p>\n<p>Beide Figuren machen im Laufe des rund zweist\u00fcndigen St\u00fccks, das auch einige sozialkritische Z\u00fcge tr\u00e4gt, eine Entwicklung durch. Wie Kinder lernen sie, mit den Gegebenheiten umzugehen und sich im &#8222;ganz normalen Leben&#8220; zurecht zu finden. Zun\u00e4chst \u00fcbernehmen sie mit ihren zwei Katzen Verantwortung. Allm\u00e4hlich entdeckt Kjell Bjarne seine handwerklichen F\u00e4higkeiten, die er bei seiner neuen Freundin gut nutzen kann.<\/p>\n<p>Elling dagegen findet heraus, dass er Talent zum Dichten hat. Und w\u00e4hrend der eine sich schlie\u00dflich als guter Papa entpuppt, wird Elling am Ende gro\u00df herauskommen. Nebenbei kann er noch Frank tr\u00f6sten, der erf\u00e4hrt, dass sich seine Frau in ihre Freundin verliebt hat und durchgebrannt ist.<\/p>\n<p>Um die Handlung voranzutreiben oder R\u00fcckblenden zu erl\u00e4utern, fungiert Elling als Erz\u00e4hler. Mit Spotlight r\u00fcckt ihn Regisseurin Susanne Rechner in den Fokus. Das hat einen verfremdenden Effekt, der das St\u00fcck bereichert.<\/p>\n<p>Gew\u00f6hnungsbed\u00fcrftig dagegen ist die mitunter \u00e4u\u00dferst derbe Sprache. Auch wenn mit dem Gebrauch der F\u00e4kalienw\u00f6rter die soziale Stellung und das Niveau Kjell Bjarnes dokumentiert werden sollen, h\u00e4tte sich deren Zahl sicher reduzieren lassen, ohne die Glaubw\u00fcrdigkeit der Figur zu beeintr\u00e4chtigen. Nicht weniger krass ist die Schilderung eines Lyrikabends, den Elling besucht, nachdem er etwas von seiner Verklemmtheit verloren hat.<\/p>\n<p>Dennoch ist &#8222;Elling&#8220; ein au\u00dfergew\u00f6hnliches St\u00fcck, von dem Altleininger Amateurtheater wunderbar in Szene gesetzt. Der nicht enden wollende Applaus des Premierenpublikums ist Beweis genug, dass es ankommt.<\/p>\n<figure id=\"attachment_568\" aria-describedby=\"caption-attachment-568\" style=\"width: 605px\" class=\"wp-caption aligncenter\"><img loading=\"lazy\" decoding=\"async\" class=\"wp-image-568 \" src=\"https:\/\/burgspiele-test.net\/wp-content\/uploads\/2017\/12\/elling-schlussbild-300x200.jpg\" alt=\"\" width=\"605\" height=\"403\" srcset=\"https:\/\/burgspiele-test.net\/wp-content\/uploads\/2017\/12\/elling-schlussbild-300x200.jpg 300w, https:\/\/burgspiele-test.net\/wp-content\/uploads\/2017\/12\/elling-schlussbild.jpg 340w\" sizes=\"auto, (max-width: 605px) 100vw, 605px\" \/><figcaption id=\"caption-attachment-568\" class=\"wp-caption-text\"><em> Schlussbild mit der Regisseurin Susanne Rechner (Mitte)<\/em><\/figcaption><\/figure>\n","protected":false},"excerpt":{"rendered":"<p>Tiefgr\u00fcndig und trotzdem witzig (Regina Wilhelm) &nbsp; Quelle: DIE RHEINPFALZ Regionalausgabe: Unterhaardter Rundschau, Dienstag, den 20. Juni 2006 &nbsp; Burgspiele Altleiningen setzen Theaterst\u00fcck &#8222;Elling&#8220; wunderbar in Szene Gl\u00e4nzende Darsteller &#8211; Viel Applaus bei Premiere &nbsp; Was die Burgspiele Altleiningen in&hellip; <\/p>\n","protected":false},"author":1,"featured_media":0,"parent":187,"menu_order":0,"comment_status":"closed","ping_status":"closed","template":"","meta":{"footnotes":""},"class_list":["post-1278","page","type-page","status-publish","hentry"],"_links":{"self":[{"href":"https:\/\/burgspiele-test.net\/index.php?rest_route=\/wp\/v2\/pages\/1278","targetHints":{"allow":["GET"]}}],"collection":[{"href":"https:\/\/burgspiele-test.net\/index.php?rest_route=\/wp\/v2\/pages"}],"about":[{"href":"https:\/\/burgspiele-test.net\/index.php?rest_route=\/wp\/v2\/types\/page"}],"author":[{"embeddable":true,"href":"https:\/\/burgspiele-test.net\/index.php?rest_route=\/wp\/v2\/users\/1"}],"replies":[{"embeddable":true,"href":"https:\/\/burgspiele-test.net\/index.php?rest_route=%2Fwp%2Fv2%2Fcomments&post=1278"}],"version-history":[{"count":9,"href":"https:\/\/burgspiele-test.net\/index.php?rest_route=\/wp\/v2\/pages\/1278\/revisions"}],"predecessor-version":[{"id":1315,"href":"https:\/\/burgspiele-test.net\/index.php?rest_route=\/wp\/v2\/pages\/1278\/revisions\/1315"}],"up":[{"embeddable":true,"href":"https:\/\/burgspiele-test.net\/index.php?rest_route=\/wp\/v2\/pages\/187"}],"wp:attachment":[{"href":"https:\/\/burgspiele-test.net\/index.php?rest_route=%2Fwp%2Fv2%2Fmedia&parent=1278"}],"curies":[{"name":"wp","href":"https:\/\/api.w.org\/{rel}","templated":true}]}}