{"id":1260,"date":"2018-02-10T16:15:38","date_gmt":"2018-02-10T16:15:38","guid":{"rendered":"http:\/\/burgspiele-altleiningen.net\/?page_id=1260"},"modified":"2018-02-10T16:23:09","modified_gmt":"2018-02-10T16:23:09","slug":"1995-der-zerbrochene-krug","status":"publish","type":"page","link":"https:\/\/burgspiele-test.net\/?page_id=1260","title":{"rendered":"1995 &#8211; Der zerbrochene Krug"},"content":{"rendered":"<h3 style=\"text-align: center;\">&#8218;Der zerbrochene Krug&#8216;<\/h3>\n<p style=\"text-align: center;\"><span class=\"style8\"><em>(Heinrich von Kleist)<\/em> <\/span><\/p>\n<p>&nbsp;<\/p>\n<p>Das klassische deutsche Lustspiel von Heinrich von Kleist um den Dorfrichter Adam, der an der Aufkl\u00e4rung des Falles von Frau Marthes zerbrochenem Krug kein rechtes Interesse hat. Schlie\u00dflich muss er aber vor Gerichtsrat Walter zugeben, dass er st\u00e4rker in die Geschichte verwickelt ist, als ihm recht sein kann.<\/p>\n<p><img loading=\"lazy\" decoding=\"async\" class=\"alignnone size-medium wp-image-437\" src=\"https:\/\/burgspiele-test.net\/wp-content\/uploads\/2017\/12\/krug5-300x197.jpg\" alt=\"\" width=\"300\" height=\"197\" srcset=\"https:\/\/burgspiele-test.net\/wp-content\/uploads\/2017\/12\/krug5-300x197.jpg 300w, https:\/\/burgspiele-test.net\/wp-content\/uploads\/2017\/12\/krug5-768x505.jpg 768w, https:\/\/burgspiele-test.net\/wp-content\/uploads\/2017\/12\/krug5-1024x673.jpg 1024w, https:\/\/burgspiele-test.net\/wp-content\/uploads\/2017\/12\/krug5-411x270.jpg 411w\" sizes=\"auto, (max-width: 300px) 100vw, 300px\" \/> <img loading=\"lazy\" decoding=\"async\" class=\"alignnone size-medium wp-image-436\" src=\"https:\/\/burgspiele-test.net\/wp-content\/uploads\/2017\/12\/krug4-300x193.jpg\" alt=\"\" width=\"300\" height=\"193\" srcset=\"https:\/\/burgspiele-test.net\/wp-content\/uploads\/2017\/12\/krug4-300x193.jpg 300w, https:\/\/burgspiele-test.net\/wp-content\/uploads\/2017\/12\/krug4-768x494.jpg 768w, https:\/\/burgspiele-test.net\/wp-content\/uploads\/2017\/12\/krug4-420x270.jpg 420w, https:\/\/burgspiele-test.net\/wp-content\/uploads\/2017\/12\/krug4.jpg 804w\" sizes=\"auto, (max-width: 300px) 100vw, 300px\" \/> <img loading=\"lazy\" decoding=\"async\" class=\"alignnone size-medium wp-image-435\" src=\"https:\/\/burgspiele-test.net\/wp-content\/uploads\/2017\/12\/krug3-215x300.jpg\" alt=\"\" width=\"215\" height=\"300\" srcset=\"https:\/\/burgspiele-test.net\/wp-content\/uploads\/2017\/12\/krug3-215x300.jpg 215w, https:\/\/burgspiele-test.net\/wp-content\/uploads\/2017\/12\/krug3-193x270.jpg 193w, https:\/\/burgspiele-test.net\/wp-content\/uploads\/2017\/12\/krug3.jpg 424w\" sizes=\"auto, (max-width: 215px) 100vw, 215px\" \/><img loading=\"lazy\" decoding=\"async\" class=\"alignnone size-full wp-image-431\" src=\"https:\/\/burgspiele-test.net\/wp-content\/uploads\/2017\/12\/krug7.jpg\" alt=\"\" width=\"180\" height=\"250\" \/> <img loading=\"lazy\" decoding=\"async\" class=\"alignnone size-medium wp-image-434\" src=\"https:\/\/burgspiele-test.net\/wp-content\/uploads\/2017\/12\/krug2-211x300.jpg\" alt=\"\" width=\"211\" height=\"300\" srcset=\"https:\/\/burgspiele-test.net\/wp-content\/uploads\/2017\/12\/krug2-211x300.jpg 211w, https:\/\/burgspiele-test.net\/wp-content\/uploads\/2017\/12\/krug2-190x270.jpg 190w, https:\/\/burgspiele-test.net\/wp-content\/uploads\/2017\/12\/krug2.jpg 360w\" sizes=\"auto, (max-width: 211px) 100vw, 211px\" \/> <img loading=\"lazy\" decoding=\"async\" class=\"alignnone size-medium wp-image-433\" src=\"https:\/\/burgspiele-test.net\/wp-content\/uploads\/2017\/12\/krug1-300x195.jpg\" alt=\"\" width=\"300\" height=\"195\" srcset=\"https:\/\/burgspiele-test.net\/wp-content\/uploads\/2017\/12\/krug1-300x195.jpg 300w, https:\/\/burgspiele-test.net\/wp-content\/uploads\/2017\/12\/krug1-415x270.jpg 415w, https:\/\/burgspiele-test.net\/wp-content\/uploads\/2017\/12\/krug1.jpg 461w\" sizes=\"auto, (max-width: 300px) 100vw, 300px\" \/> <img loading=\"lazy\" decoding=\"async\" class=\"alignnone size-medium wp-image-432\" src=\"https:\/\/burgspiele-test.net\/wp-content\/uploads\/2017\/12\/krug8-300x211.jpg\" alt=\"\" width=\"300\" height=\"211\" srcset=\"https:\/\/burgspiele-test.net\/wp-content\/uploads\/2017\/12\/krug8-300x211.jpg 300w, https:\/\/burgspiele-test.net\/wp-content\/uploads\/2017\/12\/krug8.jpg 356w\" sizes=\"auto, (max-width: 300px) 100vw, 300px\" \/><\/p>\n","protected":false},"excerpt":{"rendered":"<p>&#8218;Der zerbrochene Krug&#8216; (Heinrich von Kleist) &nbsp; Das klassische deutsche Lustspiel von Heinrich von Kleist um den Dorfrichter Adam, der an der Aufkl\u00e4rung des Falles von Frau Marthes zerbrochenem Krug kein rechtes Interesse hat. Schlie\u00dflich muss er aber vor Gerichtsrat&hellip; <\/p>\n","protected":false},"author":1,"featured_media":0,"parent":71,"menu_order":0,"comment_status":"closed","ping_status":"closed","template":"","meta":{"footnotes":""},"class_list":["post-1260","page","type-page","status-publish","hentry"],"_links":{"self":[{"href":"https:\/\/burgspiele-test.net\/index.php?rest_route=\/wp\/v2\/pages\/1260","targetHints":{"allow":["GET"]}}],"collection":[{"href":"https:\/\/burgspiele-test.net\/index.php?rest_route=\/wp\/v2\/pages"}],"about":[{"href":"https:\/\/burgspiele-test.net\/index.php?rest_route=\/wp\/v2\/types\/page"}],"author":[{"embeddable":true,"href":"https:\/\/burgspiele-test.net\/index.php?rest_route=\/wp\/v2\/users\/1"}],"replies":[{"embeddable":true,"href":"https:\/\/burgspiele-test.net\/index.php?rest_route=%2Fwp%2Fv2%2Fcomments&post=1260"}],"version-history":[{"count":6,"href":"https:\/\/burgspiele-test.net\/index.php?rest_route=\/wp\/v2\/pages\/1260\/revisions"}],"predecessor-version":[{"id":1276,"href":"https:\/\/burgspiele-test.net\/index.php?rest_route=\/wp\/v2\/pages\/1260\/revisions\/1276"}],"up":[{"embeddable":true,"href":"https:\/\/burgspiele-test.net\/index.php?rest_route=\/wp\/v2\/pages\/71"}],"wp:attachment":[{"href":"https:\/\/burgspiele-test.net\/index.php?rest_route=%2Fwp%2Fv2%2Fmedia&parent=1260"}],"curies":[{"name":"wp","href":"https:\/\/api.w.org\/{rel}","templated":true}]}}