{"id":1250,"date":"2018-02-10T16:08:38","date_gmt":"2018-02-10T16:08:38","guid":{"rendered":"http:\/\/burgspiele-altleiningen.net\/?page_id=1250"},"modified":"2018-02-10T16:21:49","modified_gmt":"2018-02-10T16:21:49","slug":"2007-ein-durch-und-durch-verdorbenes-gaunerpack","status":"publish","type":"page","link":"https:\/\/burgspiele-test.net\/?page_id=1250","title":{"rendered":"2007 &#8211; Ein durch und durch verdorbenes Gaunerpack"},"content":{"rendered":"<h6 style=\"text-align: center;\"><em><strong>Ein durch und durch verdorbenes Gaunerpack (Waltraud Werdelis)<\/strong><\/em><\/h6>\n<p>&nbsp;<\/p>\n<p style=\"text-align: center;\"><em>Quelle: Verlag: DIE RHEINPFALZ Publikation: Unterhaardter Rundschau Ausgabe Nr.139, Datum: Dienstag, 19. Juni 2007<\/em><\/p>\n<p>&nbsp;<\/p>\n<h6 style=\"text-align: center;\">ALTLEININGEN:<br \/>\nBurgspiele Altleiningen feiern Premiere &#8211;<br \/>\n&#8222;Bettleroper&#8220; h\u00e4lt M\u00e4chtigen den Spiegel vor &#8211;<br \/>\nBravour\u00f6se Gesangsdarbietungen<\/h6>\n<p>&nbsp;<\/p>\n<p>Der Mensch ist dem Menschen ein Wolf, hat schon der englische Staatstheoretiker Thomas Hobbes festgestellt. Rund 80 Jahre sp\u00e4ter nutzte John Gay diese Erkenntnis f\u00fcr ein spektakul\u00e4res B\u00fchnenst\u00fcck, mit dem er die geld- und machtgierige, von Korruption zersetzte Londoner Gesellschaft karikierte. Und wie zeitlos wahr beider Ansichten \u00fcber die menschliche Natur sind, zeigten die Burgspiele Altleiningen am Samstag in einer beeindruckenden Inszenierung jener &#8222;Bettleroper&#8220;, die mit einer Geschichte \u00fcber Halunken, Hehler und Huren den M\u00e4chtigen den Spiegel vorh\u00e4lt.<\/p>\n<figure id=\"attachment_575\" aria-describedby=\"caption-attachment-575\" style=\"width: 467px\" class=\"wp-caption aligncenter\"><img loading=\"lazy\" decoding=\"async\" class=\"wp-image-575 \" src=\"https:\/\/burgspiele-test.net\/wp-content\/uploads\/2017\/12\/bettel-5-300x200.jpg\" alt=\"\" width=\"467\" height=\"311\" srcset=\"https:\/\/burgspiele-test.net\/wp-content\/uploads\/2017\/12\/bettel-5-300x200.jpg 300w, https:\/\/burgspiele-test.net\/wp-content\/uploads\/2017\/12\/bettel-5.jpg 397w\" sizes=\"auto, (max-width: 467px) 100vw, 467px\" \/><figcaption id=\"caption-attachment-575\" class=\"wp-caption-text\"><em> Halunken, Hehler und Huren &#8211; in der Mitte Nelly (B\u00e4rbel Aue) und Betty (Ute Schmitt)<\/em><\/figcaption><\/figure>\n<p>Der Stra\u00dfenr\u00e4uber und Frauenheld Macheath soll an den Galgen kommen, weil Hehler Peachum und seiner Frau missf\u00e4llt, dass Macheath heimlich Tochter Polly geheiratet hat. In Gef\u00e4ngnisdirektor Lockit, seinem Gesch\u00e4ftspartner, findet Peachum einen Verb\u00fcndeten, der nur darauf wartet, den Schw\u00e4ngerer seiner Tochter Lucy h\u00e4ngen zu sehen. W\u00e4hrend sich Polly und Lucy eifers\u00fcchtig an die Gurgel gehen, sucht der mehrfache Herzensbrecher im Kittchen nach einem Ausweg. Er verspricht Lucy die Ehe, wenn sie ihm mit Vaters Gef\u00e4ngnisschl\u00fcssel zur Flucht verhilft. Leider hat er die Rechnung ohne Polly gemacht, und vor dem Galgen kann ihn letztlich nur der B\u00fchnenautor selbst bewahren.<\/p>\n<p>Die Handlung ist so simpel wie in der damaligen Oper, \u00fcber die Gay sich lustig macht. Das St\u00fcck lebt eher von der Zeichnung der Charaktere und dem Sarkasmus, mit dem die Herrschenden geh\u00f6rig eins auf den Deckel bekommen. Dies haben Ingo Sax mit seiner modernen Textfassung und Susanne Rechner mit einer pointierten Regiearbeit hervorragend umgesetzt. Obwohl oder vielleicht gerade weil die Regisseurin das St\u00fcck mit pr\u00e4chtigen Kost\u00fcmen und hoher Schminkkunst zur Zeit von Charles Dickens spielen l\u00e4sst, kann sich der Kapitalismus des 21. Jahrhundert ungehindert Bahn brechen: Jeder beutet jeden aus, Diebstahl und Bestechung werden zu marktwirtschaftlichen Prinzipien erhoben, Eltern verkaufen ihre Kinder in die Hurerei, und f\u00fcr eine Handvoll englischer Pfund werden beste Freunde verraten, die das noch nicht einmal \u00fcbelnehmen.<\/p>\n<figure id=\"attachment_576\" aria-describedby=\"caption-attachment-576\" style=\"width: 482px\" class=\"wp-caption aligncenter\"><img loading=\"lazy\" decoding=\"async\" class=\"wp-image-576 \" src=\"https:\/\/burgspiele-test.net\/wp-content\/uploads\/2017\/12\/bettel-6-300x200.jpg\" alt=\"\" width=\"482\" height=\"321\" srcset=\"https:\/\/burgspiele-test.net\/wp-content\/uploads\/2017\/12\/bettel-6-300x200.jpg 300w, https:\/\/burgspiele-test.net\/wp-content\/uploads\/2017\/12\/bettel-6.jpg 397w\" sizes=\"auto, (max-width: 482px) 100vw, 482px\" \/><figcaption id=\"caption-attachment-576\" class=\"wp-caption-text\"><em>Ein durch und durch verdorbenes Pack: Mr. Peachum (Thomas Herold), Mrs. Peachum (Kyra Schilling) und Mr. Lockit (Willy Hiebert)<\/em><\/figcaption><\/figure>\n<p>Und so gibt es in diesem Jahr wieder viel zu lachen im Theatersaal auf der Burg, auch wenn man ob der derben und unmoralischen Reden des Gaunerpacks manchmal ganz sch\u00f6n schlucken muss. Die verkommensten Subjekte sind zweifellos Peachum (Thomas Herold) und seine Frau, die nur deshalb gegen eine Ehe zwischen Macheath und Polly sind, weil ihre Tochter dann keine Freier mehr bedienen kann. &#8222;Sie liebt ihn! Und das nach 16 Jahren meiner Erziehung&#8220;, ist noch ein relativ harmloser Auswurf der verschlagenen Hexe, die von Kyra Schilling gnadenlos gut und witzig verk\u00f6rpert wird.<\/p>\n<figure id=\"attachment_577\" aria-describedby=\"caption-attachment-577\" style=\"width: 464px\" class=\"wp-caption aligncenter\"><img loading=\"lazy\" decoding=\"async\" class=\"wp-image-577 \" src=\"https:\/\/burgspiele-test.net\/wp-content\/uploads\/2017\/12\/bettel-7-300x200.jpg\" alt=\"\" width=\"464\" height=\"309\" srcset=\"https:\/\/burgspiele-test.net\/wp-content\/uploads\/2017\/12\/bettel-7-300x200.jpg 300w, https:\/\/burgspiele-test.net\/wp-content\/uploads\/2017\/12\/bettel-7.jpg 397w\" sizes=\"auto, (max-width: 464px) 100vw, 464px\" \/><figcaption id=\"caption-attachment-577\" class=\"wp-caption-text\"><em> &#8222;&#8230; und das nach 16 Jahren meiner Erziehung.&#8220; Familie Peachum (Thomas Herold, Kyra Schilling, Lucia Berlanga)<\/em><\/figcaption><\/figure>\n<p>Gewohnt professionell agiert Willy Hiebert in der Rolle des Lockit, und Donja Reichert, gleicherma\u00dfen erfahren auf der Burgspiel-B\u00fchne, gibt die Bordellchefin mit Hang zum Luxus. Timo Hmielorz ist ebenfalls wieder dabei. Souver\u00e4n und sympathisch spielt er den Captain Macheath, wobei man ihm den Schweren\u00f6ter nicht ganz abnehmen mag. Vielleicht soll er im gro\u00dfen Heer der Diebe und Huren, deren Darsteller sowohl in stummen wie in kleinen Sprechrollen sehr b\u00fchnenpr\u00e4sent sind, hier aber nicht alle genannt werden k\u00f6nnen, als einer herausstechen, der halbwegs integer ist. Denn selbst die s\u00fc\u00dfen Fr\u00fcchtchen Polly und Lucy (hervorragend besetzt mit Lucia Berlanga und Britta Schumann), die lange romantisch-unschuldig scheinen, schrecken am Ende vor nichts zur\u00fcck, auch nicht vor Mord.<\/p>\n<figure id=\"attachment_578\" aria-describedby=\"caption-attachment-578\" style=\"width: 350px\" class=\"wp-caption aligncenter\"><img loading=\"lazy\" decoding=\"async\" class=\"wp-image-578 \" src=\"https:\/\/burgspiele-test.net\/wp-content\/uploads\/2017\/12\/bettel-8-200x300.jpg\" alt=\"\" width=\"350\" height=\"525\" srcset=\"https:\/\/burgspiele-test.net\/wp-content\/uploads\/2017\/12\/bettel-8-200x300.jpg 200w, https:\/\/burgspiele-test.net\/wp-content\/uploads\/2017\/12\/bettel-8-180x270.jpg 180w, https:\/\/burgspiele-test.net\/wp-content\/uploads\/2017\/12\/bettel-8.jpg 397w\" sizes=\"auto, (max-width: 350px) 100vw, 350px\" \/><figcaption id=\"caption-attachment-578\" class=\"wp-caption-text\"><em> Macheath (Timo Hmielorz) und seine &#8222;s\u00fc\u00dfen Fr\u00fcchtchen&#8220; Lucy (Britta Schumann) und Polly (Lucia Berlanga)&#8220;<\/em><\/figcaption><\/figure>\n<p>Ein wenig druckvoller und temporeicher k\u00f6nnte man sich die Inszenierung der Farce w\u00fcnschen, aber bei mehr als 20 Figuren auf der nicht allzu gro\u00dfen B\u00fchne muss wohl manches etwas statisch bleiben. Ein absolutes Glanzlicht setzt der musikalische Teil der &#8222;Bettleroper&#8220;. Die Darbietung der flotten Lieder, die Manuela Spie\u00df mit einzelnen Spielern und der gro\u00dfen Gruppe einstudiert hat, verlangen Bewunderung. Alle meistern diese Herausforderung mit Bravour.<\/p>\n<figure id=\"attachment_579\" aria-describedby=\"caption-attachment-579\" style=\"width: 435px\" class=\"wp-caption aligncenter\"><img loading=\"lazy\" decoding=\"async\" class=\"wp-image-579 \" src=\"https:\/\/burgspiele-test.net\/wp-content\/uploads\/2017\/12\/bettel-9-300x200.jpg\" alt=\"\" width=\"435\" height=\"290\" srcset=\"https:\/\/burgspiele-test.net\/wp-content\/uploads\/2017\/12\/bettel-9-300x200.jpg 300w, https:\/\/burgspiele-test.net\/wp-content\/uploads\/2017\/12\/bettel-9.jpg 397w\" sizes=\"auto, (max-width: 435px) 100vw, 435px\" \/><figcaption id=\"caption-attachment-579\" class=\"wp-caption-text\"><em>Bob Booty (Heinz Krapf) trinkt seinen letzten Gin<\/em><\/figcaption><\/figure>\n","protected":false},"excerpt":{"rendered":"<p>Ein durch und durch verdorbenes Gaunerpack (Waltraud Werdelis) &nbsp; Quelle: Verlag: DIE RHEINPFALZ Publikation: Unterhaardter Rundschau Ausgabe Nr.139, Datum: Dienstag, 19. Juni 2007 &nbsp; ALTLEININGEN: Burgspiele Altleiningen feiern Premiere &#8211; &#8222;Bettleroper&#8220; h\u00e4lt M\u00e4chtigen den Spiegel vor &#8211; Bravour\u00f6se Gesangsdarbietungen &nbsp;&hellip; <\/p>\n","protected":false},"author":1,"featured_media":0,"parent":187,"menu_order":0,"comment_status":"closed","ping_status":"closed","template":"","meta":{"footnotes":""},"class_list":["post-1250","page","type-page","status-publish","hentry"],"_links":{"self":[{"href":"https:\/\/burgspiele-test.net\/index.php?rest_route=\/wp\/v2\/pages\/1250","targetHints":{"allow":["GET"]}}],"collection":[{"href":"https:\/\/burgspiele-test.net\/index.php?rest_route=\/wp\/v2\/pages"}],"about":[{"href":"https:\/\/burgspiele-test.net\/index.php?rest_route=\/wp\/v2\/types\/page"}],"author":[{"embeddable":true,"href":"https:\/\/burgspiele-test.net\/index.php?rest_route=\/wp\/v2\/users\/1"}],"replies":[{"embeddable":true,"href":"https:\/\/burgspiele-test.net\/index.php?rest_route=%2Fwp%2Fv2%2Fcomments&post=1250"}],"version-history":[{"count":8,"href":"https:\/\/burgspiele-test.net\/index.php?rest_route=\/wp\/v2\/pages\/1250\/revisions"}],"predecessor-version":[{"id":1271,"href":"https:\/\/burgspiele-test.net\/index.php?rest_route=\/wp\/v2\/pages\/1250\/revisions\/1271"}],"up":[{"embeddable":true,"href":"https:\/\/burgspiele-test.net\/index.php?rest_route=\/wp\/v2\/pages\/187"}],"wp:attachment":[{"href":"https:\/\/burgspiele-test.net\/index.php?rest_route=%2Fwp%2Fv2%2Fmedia&parent=1250"}],"curies":[{"name":"wp","href":"https:\/\/api.w.org\/{rel}","templated":true}]}}