{"id":1247,"date":"2018-02-10T16:07:29","date_gmt":"2018-02-10T16:07:29","guid":{"rendered":"http:\/\/burgspiele-altleiningen.net\/?page_id=1247"},"modified":"2018-02-10T16:11:30","modified_gmt":"2018-02-10T16:11:30","slug":"1996-dame-kobold","status":"publish","type":"page","link":"https:\/\/burgspiele-test.net\/?page_id=1247","title":{"rendered":"1996 &#8211; Dame Kobold"},"content":{"rendered":"<h3 style=\"text-align: center;\">&#8218;Dame Kobold&#8216;<\/h3>\n<p style=\"text-align: center;\"><em><span class=\"style9\">(Calderon de la Barca) <\/span><\/em><\/p>\n<p>Calderon de la Barca&#8217;s zauberhafte Mantel- und Degen- Kom\u00f6die um Ehre (meistens gekr\u00e4nkt), Eifersucht (meistens unbegr\u00fcndet) und Liebe (immer gro\u00df).<br \/>\nWieder einmal stiftet ein abergl\u00e4ubischer Diener (unvergessen: Markus Jotter) die gr\u00f6\u00dfte Verwirrung.<\/p>\n<p><img loading=\"lazy\" decoding=\"async\" class=\"alignnone size-medium wp-image-441\" src=\"https:\/\/burgspiele-test.net\/wp-content\/uploads\/2017\/12\/kobold3-300x242.jpg\" alt=\"\" width=\"300\" height=\"242\" srcset=\"https:\/\/burgspiele-test.net\/wp-content\/uploads\/2017\/12\/kobold3-300x242.jpg 300w, https:\/\/burgspiele-test.net\/wp-content\/uploads\/2017\/12\/kobold3-334x270.jpg 334w, https:\/\/burgspiele-test.net\/wp-content\/uploads\/2017\/12\/kobold3.jpg 353w\" sizes=\"auto, (max-width: 300px) 100vw, 300px\" \/> <img loading=\"lazy\" decoding=\"async\" class=\"alignnone size-full wp-image-440\" src=\"https:\/\/burgspiele-test.net\/wp-content\/uploads\/2017\/12\/kobold2.jpg\" alt=\"\" width=\"290\" height=\"285\" srcset=\"https:\/\/burgspiele-test.net\/wp-content\/uploads\/2017\/12\/kobold2.jpg 290w, https:\/\/burgspiele-test.net\/wp-content\/uploads\/2017\/12\/kobold2-275x270.jpg 275w\" sizes=\"auto, (max-width: 290px) 100vw, 290px\" \/> <img loading=\"lazy\" decoding=\"async\" class=\"alignnone size-medium wp-image-439\" src=\"https:\/\/burgspiele-test.net\/wp-content\/uploads\/2017\/12\/kobold1-199x300.jpg\" alt=\"\" width=\"199\" height=\"300\" srcset=\"https:\/\/burgspiele-test.net\/wp-content\/uploads\/2017\/12\/kobold1-199x300.jpg 199w, https:\/\/burgspiele-test.net\/wp-content\/uploads\/2017\/12\/kobold1-179x270.jpg 179w, https:\/\/burgspiele-test.net\/wp-content\/uploads\/2017\/12\/kobold1.jpg 297w\" sizes=\"auto, (max-width: 199px) 100vw, 199px\" \/><\/p>\n","protected":false},"excerpt":{"rendered":"<p>&#8218;Dame Kobold&#8216; (Calderon de la Barca) Calderon de la Barca&#8217;s zauberhafte Mantel- und Degen- Kom\u00f6die um Ehre (meistens gekr\u00e4nkt), Eifersucht (meistens unbegr\u00fcndet) und Liebe (immer gro\u00df). Wieder einmal stiftet ein abergl\u00e4ubischer Diener (unvergessen: Markus Jotter) die gr\u00f6\u00dfte Verwirrung.<\/p>\n","protected":false},"author":1,"featured_media":0,"parent":71,"menu_order":0,"comment_status":"closed","ping_status":"closed","template":"","meta":{"footnotes":""},"class_list":["post-1247","page","type-page","status-publish","hentry"],"_links":{"self":[{"href":"https:\/\/burgspiele-test.net\/index.php?rest_route=\/wp\/v2\/pages\/1247","targetHints":{"allow":["GET"]}}],"collection":[{"href":"https:\/\/burgspiele-test.net\/index.php?rest_route=\/wp\/v2\/pages"}],"about":[{"href":"https:\/\/burgspiele-test.net\/index.php?rest_route=\/wp\/v2\/types\/page"}],"author":[{"embeddable":true,"href":"https:\/\/burgspiele-test.net\/index.php?rest_route=\/wp\/v2\/users\/1"}],"replies":[{"embeddable":true,"href":"https:\/\/burgspiele-test.net\/index.php?rest_route=%2Fwp%2Fv2%2Fcomments&post=1247"}],"version-history":[{"count":2,"href":"https:\/\/burgspiele-test.net\/index.php?rest_route=\/wp\/v2\/pages\/1247\/revisions"}],"predecessor-version":[{"id":1258,"href":"https:\/\/burgspiele-test.net\/index.php?rest_route=\/wp\/v2\/pages\/1247\/revisions\/1258"}],"up":[{"embeddable":true,"href":"https:\/\/burgspiele-test.net\/index.php?rest_route=\/wp\/v2\/pages\/71"}],"wp:attachment":[{"href":"https:\/\/burgspiele-test.net\/index.php?rest_route=%2Fwp%2Fv2%2Fmedia&parent=1247"}],"curies":[{"name":"wp","href":"https:\/\/api.w.org\/{rel}","templated":true}]}}