{"id":1231,"date":"2018-02-10T16:00:08","date_gmt":"2018-02-10T16:00:08","guid":{"rendered":"http:\/\/burgspiele-altleiningen.net\/?page_id=1231"},"modified":"2018-02-10T16:11:14","modified_gmt":"2018-02-10T16:11:14","slug":"1997-warte-bis-es-dunkel-ist","status":"publish","type":"page","link":"https:\/\/burgspiele-test.net\/?page_id=1231","title":{"rendered":"1997 &#8211; Warte bis es dunkel ist"},"content":{"rendered":"<h3 class=\"style2\" style=\"text-align: center;\">&#8218;Warte bis es dunkel ist&#8216;<\/h3>\n<p class=\"style2\" style=\"text-align: center;\"><span class=\"style5 style9\"><em> (Frederick Knott)<\/em><br \/>\n<\/span><\/p>\n<p>&nbsp;<\/p>\n<h3 class=\"style2\" style=\"text-align: center;\"><img loading=\"lazy\" decoding=\"async\" class=\"size-medium wp-image-443 alignright\" src=\"https:\/\/burgspiele-test.net\/wp-content\/uploads\/2017\/12\/warte1-203x300.jpg\" alt=\"\" width=\"203\" height=\"300\" srcset=\"https:\/\/burgspiele-test.net\/wp-content\/uploads\/2017\/12\/warte1-203x300.jpg 203w, https:\/\/burgspiele-test.net\/wp-content\/uploads\/2017\/12\/warte1-183x270.jpg 183w, https:\/\/burgspiele-test.net\/wp-content\/uploads\/2017\/12\/warte1.jpg 217w\" sizes=\"auto, (max-width: 203px) 100vw, 203px\" \/><\/h3>\n<p>&nbsp;<\/p>\n<p>Der Thriller von Frederick Knott konfrontiert den Zuschauer mit einer blinden jungen Frau, die von Gangstern in ihrer Wohnung wegen einer mit Heroin gef\u00fcllten Puppe unter Druck gesetzt wird.<\/p>\n<h3 class=\"style2\" style=\"text-align: center;\"><img loading=\"lazy\" decoding=\"async\" class=\"size-medium wp-image-442 alignleft\" src=\"https:\/\/burgspiele-test.net\/wp-content\/uploads\/2017\/12\/warte2-160x300.jpg\" alt=\"\" width=\"160\" height=\"300\" srcset=\"https:\/\/burgspiele-test.net\/wp-content\/uploads\/2017\/12\/warte2-160x300.jpg 160w, https:\/\/burgspiele-test.net\/wp-content\/uploads\/2017\/12\/warte2-144x270.jpg 144w, https:\/\/burgspiele-test.net\/wp-content\/uploads\/2017\/12\/warte2.jpg 224w\" sizes=\"auto, (max-width: 160px) 100vw, 160px\" \/><\/h3>\n<p>&nbsp;<\/p>\n<p>Ihre einzige Verb\u00fcndete ist ein kleines M\u00e4dchen aus der Nachbarschaft.<\/p>\n<p>Ums Haar h\u00e4tten unsere Zuschauer erlebt, dass es auf unserer B\u00fchne &#8222;dunkel&#8220; geblieben w\u00e4re:<\/p>\n<p>Wir erhielten das Recht zur Auff\u00fchrung dieses St\u00fcckes erst in letzter Minute &#8230;.<\/p>\n","protected":false},"excerpt":{"rendered":"<p>&#8218;Warte bis es dunkel ist&#8216; (Frederick Knott) &nbsp; &nbsp; Der Thriller von Frederick Knott konfrontiert den Zuschauer mit einer blinden jungen Frau, die von Gangstern in ihrer Wohnung wegen einer mit Heroin gef\u00fcllten Puppe unter Druck gesetzt wird. &nbsp; Ihre&hellip; <\/p>\n","protected":false},"author":1,"featured_media":0,"parent":71,"menu_order":0,"comment_status":"closed","ping_status":"closed","template":"","meta":{"footnotes":""},"class_list":["post-1231","page","type-page","status-publish","hentry"],"_links":{"self":[{"href":"https:\/\/burgspiele-test.net\/index.php?rest_route=\/wp\/v2\/pages\/1231","targetHints":{"allow":["GET"]}}],"collection":[{"href":"https:\/\/burgspiele-test.net\/index.php?rest_route=\/wp\/v2\/pages"}],"about":[{"href":"https:\/\/burgspiele-test.net\/index.php?rest_route=\/wp\/v2\/types\/page"}],"author":[{"embeddable":true,"href":"https:\/\/burgspiele-test.net\/index.php?rest_route=\/wp\/v2\/users\/1"}],"replies":[{"embeddable":true,"href":"https:\/\/burgspiele-test.net\/index.php?rest_route=%2Fwp%2Fv2%2Fcomments&post=1231"}],"version-history":[{"count":5,"href":"https:\/\/burgspiele-test.net\/index.php?rest_route=\/wp\/v2\/pages\/1231\/revisions"}],"predecessor-version":[{"id":1242,"href":"https:\/\/burgspiele-test.net\/index.php?rest_route=\/wp\/v2\/pages\/1231\/revisions\/1242"}],"up":[{"embeddable":true,"href":"https:\/\/burgspiele-test.net\/index.php?rest_route=\/wp\/v2\/pages\/71"}],"wp:attachment":[{"href":"https:\/\/burgspiele-test.net\/index.php?rest_route=%2Fwp%2Fv2%2Fmedia&parent=1231"}],"curies":[{"name":"wp","href":"https:\/\/api.w.org\/{rel}","templated":true}]}}