{"id":1203,"date":"2018-02-10T15:42:48","date_gmt":"2018-02-10T15:42:48","guid":{"rendered":"http:\/\/burgspiele-altleiningen.net\/?page_id=1203"},"modified":"2018-02-10T15:45:24","modified_gmt":"2018-02-10T15:45:24","slug":"2000-2001-ein-sommernachtstraum","status":"publish","type":"page","link":"https:\/\/burgspiele-test.net\/?page_id=1203","title":{"rendered":"2000\/2001 &#8211; Ein Sommernachtstraum"},"content":{"rendered":"<h3 style=\"text-align: center;\">&#8218;Ein Sommernachtstraum&#8216;<\/h3>\n<p style=\"text-align: center;\"><em>(<span class=\"style5\">William Shakespeare)<\/span><\/em><\/p>\n<p>Zum Inhalt:<\/p>\n<p>Die klassische Sommer-Kom\u00f6die!<\/p>\n<p>Der Herzog von Athen bereitet seine Hochzeit mit Hippolyta vor. Egeus klagt vor dem Herzog seine Tochter Hermia an, da sie nicht den zu ihrem Ehemann bestimmten Demetrius heiraten will, sondern auf ihrer Liebe zu Lysander besteht. Das athenische Gesetz bedroht diesen Widerstand mit dem Tod oder einem Leben im Kloster.<\/p>\n<p>Um dieser Strafe zu entgehen, fliehen Hermia und Lysander. Der von Hermias Freundin Helena eingeweihte Demetrius folgt den beiden und auch Helena (die Demetrius liebt aber von ihm nicht wiedergeliebt wird) begibt sich in den Wald von Athen.<\/p>\n<p>Dort treffen sich auch sechs Handwerker, die f\u00fcr die Hochzeit des Herzogs ein Theaterst\u00fcck einstudieren.<\/p>\n<p>Um die Verwirrung zu komplettieren, streiten sich in eben diesem Wald Oberon und Titania, Elfenk\u00f6nig und Elfenk\u00f6nigin um ein &#8222;indisches K\u00f6nigskind&#8220;. Ein von Puck auf Gehei\u00df Oberons herbeigeholter Zaubersaft stiftet nun heillose Verwirrung: sowohl Lysander als auch Demetrius gestehen jetzt Helena ihre Liebe, Hermia steht auf einmal alleine da &#8211; und zur Kr\u00f6nung verliebt sich Titania in einen der Handwerker, dem Puck einen Eselskopf verpasst hat!<\/p>\n<p>Als der Morgen graut, entwirrt Oberon den Zauberspuk und die &#8222;richtigen&#8220; Paare k\u00f6nnen zum Schluss gemeinsam mit Theseus und Hippolyta Hochzeit feiern, wozu die Handwerker mit ihrer &#8222;tragischen Kom\u00f6die vom jungen Pyramus und seiner Thisbe&#8220; ihren Teil beitragen.<\/p>\n<p>[huge_it_slider id=&#8220;15 &#8222;]<\/p>\n","protected":false},"excerpt":{"rendered":"<p>&#8218;Ein Sommernachtstraum&#8216; (William Shakespeare) Zum Inhalt: Die klassische Sommer-Kom\u00f6die! Der Herzog von Athen bereitet seine Hochzeit mit Hippolyta vor. Egeus klagt vor dem Herzog seine Tochter Hermia an, da sie nicht den zu ihrem Ehemann bestimmten Demetrius heiraten will, sondern&hellip; <\/p>\n","protected":false},"author":1,"featured_media":0,"parent":71,"menu_order":0,"comment_status":"closed","ping_status":"closed","template":"","meta":{"footnotes":""},"class_list":["post-1203","page","type-page","status-publish","hentry"],"_links":{"self":[{"href":"https:\/\/burgspiele-test.net\/index.php?rest_route=\/wp\/v2\/pages\/1203","targetHints":{"allow":["GET"]}}],"collection":[{"href":"https:\/\/burgspiele-test.net\/index.php?rest_route=\/wp\/v2\/pages"}],"about":[{"href":"https:\/\/burgspiele-test.net\/index.php?rest_route=\/wp\/v2\/types\/page"}],"author":[{"embeddable":true,"href":"https:\/\/burgspiele-test.net\/index.php?rest_route=\/wp\/v2\/users\/1"}],"replies":[{"embeddable":true,"href":"https:\/\/burgspiele-test.net\/index.php?rest_route=%2Fwp%2Fv2%2Fcomments&post=1203"}],"version-history":[{"count":2,"href":"https:\/\/burgspiele-test.net\/index.php?rest_route=\/wp\/v2\/pages\/1203\/revisions"}],"predecessor-version":[{"id":1213,"href":"https:\/\/burgspiele-test.net\/index.php?rest_route=\/wp\/v2\/pages\/1203\/revisions\/1213"}],"up":[{"embeddable":true,"href":"https:\/\/burgspiele-test.net\/index.php?rest_route=\/wp\/v2\/pages\/71"}],"wp:attachment":[{"href":"https:\/\/burgspiele-test.net\/index.php?rest_route=%2Fwp%2Fv2%2Fmedia&parent=1203"}],"curies":[{"name":"wp","href":"https:\/\/api.w.org\/{rel}","templated":true}]}}