{"id":1193,"date":"2018-02-10T15:36:40","date_gmt":"2018-02-10T15:36:40","guid":{"rendered":"http:\/\/burgspiele-altleiningen.net\/?page_id=1193"},"modified":"2018-02-10T15:40:20","modified_gmt":"2018-02-10T15:40:20","slug":"2002-helden","status":"publish","type":"page","link":"https:\/\/burgspiele-test.net\/?page_id=1193","title":{"rendered":"2002 &#8211; Helden"},"content":{"rendered":"<h3 style=\"text-align: center;\">&#8218;Helden&#8216;<\/h3>\n<p style=\"text-align: center;\"><em>(George Bernard Shaw)<\/em><\/p>\n<p>Zum Inhalt:<\/p>\n<p>Am 13.11.1885 erkl\u00e4rt Serbien Bulgarien den Krieg; nach K\u00e4mpfen bei Slivnica werden die Serben bereits am 27.11.1885 bei Pirot geschlagen; am 3. M\u00e4rz 1886 wird in Bukarest der Friede geschlossen.<\/p>\n<p>Knapp 10 Jahre sp\u00e4ter schreibt der irische Dramatiker George Bernard Shaw sein Theaterst\u00fcck &#8222;Helden&#8220;, in der er sich gegen alles militaristische Gehabe wendet und den Heroismus seiner Zeit gr\u00fcndlich demontiert.<\/p>\n<p>Er zeigt &#8222;Soldaten, die Schokolade statt Patronen in der Tasche haben und heulen, wenn man sie ausschimpft; und Schlachten, die durch lach- und gl\u00fcckhafte Versehen gewonnen werden.&#8220;<\/p>\n<p>In der Urfassung verwendet er keine geographischen Details, keine Orts- und Personennamen &#8211; die Rollen hei\u00dfen einfach M\u00e4dchen, Mutter, Hauptmann usw.<\/p>\n<p>Durch seinen Freund Sidney Webb l\u00e4sst er sich &#8222;einen passenden Krieg&#8220; heraussuchen &#8211; eben den serbisch-bulgarischen! Gerade durch diese Entstehungsgeschichte wird das St\u00fcck aber zeitlos und allgemeing\u00fcltig und avanciert zu einem wahren B\u00fchnen-Evergreen.<\/p>\n<p><strong>\u00a0[huge_it_slider id=&#8220;14 &#8222;]<\/strong><\/p>\n","protected":false},"excerpt":{"rendered":"<p>&#8218;Helden&#8216; (George Bernard Shaw) Zum Inhalt: Am 13.11.1885 erkl\u00e4rt Serbien Bulgarien den Krieg; nach K\u00e4mpfen bei Slivnica werden die Serben bereits am 27.11.1885 bei Pirot geschlagen; am 3. M\u00e4rz 1886 wird in Bukarest der Friede geschlossen. Knapp 10 Jahre sp\u00e4ter&hellip; <\/p>\n","protected":false},"author":1,"featured_media":0,"parent":71,"menu_order":0,"comment_status":"closed","ping_status":"closed","template":"","meta":{"footnotes":""},"class_list":["post-1193","page","type-page","status-publish","hentry"],"_links":{"self":[{"href":"https:\/\/burgspiele-test.net\/index.php?rest_route=\/wp\/v2\/pages\/1193","targetHints":{"allow":["GET"]}}],"collection":[{"href":"https:\/\/burgspiele-test.net\/index.php?rest_route=\/wp\/v2\/pages"}],"about":[{"href":"https:\/\/burgspiele-test.net\/index.php?rest_route=\/wp\/v2\/types\/page"}],"author":[{"embeddable":true,"href":"https:\/\/burgspiele-test.net\/index.php?rest_route=\/wp\/v2\/users\/1"}],"replies":[{"embeddable":true,"href":"https:\/\/burgspiele-test.net\/index.php?rest_route=%2Fwp%2Fv2%2Fcomments&post=1193"}],"version-history":[{"count":2,"href":"https:\/\/burgspiele-test.net\/index.php?rest_route=\/wp\/v2\/pages\/1193\/revisions"}],"predecessor-version":[{"id":1200,"href":"https:\/\/burgspiele-test.net\/index.php?rest_route=\/wp\/v2\/pages\/1193\/revisions\/1200"}],"up":[{"embeddable":true,"href":"https:\/\/burgspiele-test.net\/index.php?rest_route=\/wp\/v2\/pages\/71"}],"wp:attachment":[{"href":"https:\/\/burgspiele-test.net\/index.php?rest_route=%2Fwp%2Fv2%2Fmedia&parent=1193"}],"curies":[{"name":"wp","href":"https:\/\/api.w.org\/{rel}","templated":true}]}}