{"id":1186,"date":"2018-02-10T15:39:45","date_gmt":"2018-02-10T15:39:45","guid":{"rendered":"http:\/\/burgspiele-altleiningen.net\/?page_id=1186"},"modified":"2018-02-10T15:43:31","modified_gmt":"2018-02-10T15:43:31","slug":"2003-hexenjagd-arthur-miller","status":"publish","type":"page","link":"https:\/\/burgspiele-test.net\/?page_id=1186","title":{"rendered":"2003 &#8211; Ein Fegefeuer menschlicher Unzul\u00e4nglichkeiten"},"content":{"rendered":"<h6 style=\"text-align: center;\"><em><strong>\u201eHexenjagd\u201c (Arthur Miller)<\/strong><\/em><\/h6>\n<p style=\"text-align: center;\"><em>Quelle: Die Rheinpfalz, 23. Juni 2003<\/em><\/p>\n<p>&nbsp;<\/p>\n<h6 style=\"text-align: center;\">Ein Fegefeuer menschlicher Unzul\u00e4nglichkeiten (Waltraud Werdelis)<\/h6>\n<h6 style=\"text-align: center;\">ALTLEININGEN: Fulminante Premiere von Arthur Millers \u201eHexenjagd\u201c bei den Burgspielen Altleiningen<\/h6>\n<h6 style=\"text-align: center;\"><\/h6>\n<p>&nbsp;<\/p>\n<p>Welches Unheil religi\u00f6ser Wahn anrichten kann, davon gibt es in der Geschichte der Menschheit und auch in unserer Zeit Beispiele genug. Und immer stellt sich die Frage, wie die angeblich gottgewollte, doch meist aus politischen Motiven angezettelte T\u00f6tung von Menschen, Verfolgung von Glaubensgemeinschaften und Ausrottung von V\u00f6lkern zu einer Massenbewegung werden konnte und kann. Die Antwort gibt der amerikanische Schriftsteller Arthur Miller in seinem Drama &#8222;Hexenjagd&#8220;: Es ist die Angst, die alle negativen Gef\u00fchle n\u00e4hrt und Menschen dazu bringt, \u00fcbereinander herzufallen. Die Burgspiele Altleiningen haben sich in diesem Jahr diesem zeitlosen Schauspiel gewidmet und in einer fulminanten Premiere am Samstag die eigene Angst \u00fcberwunden, ihr Publikum k\u00f6nne nur Kom\u00f6dien vertragen. Sichtlich gefesselt, um nicht zu sagen verhext, verfolgten die Zuschauer im ausverkauften Theatersaal der Burg ein Fegefeuer menschlicher Unzul\u00e4nglichkeiten &#8211; packend inszeniert von Susanne Rechner und gl\u00e4nzend dargeboten von rund 20 Darstellern.<\/p>\n<p>Ende des 17. Jahrhunderts sucht ein l\u00e4ngst \u00fcberwunden geglaubter Hexenwahn die amerikanische Kleinstadt Salem heim. Die junge Abigail hat mit einigen Freundinnen nachts im Wald ein pubert\u00e4res Beschw\u00f6rungsritual vollzogen, um den verheirateten Farmer John Proctor f\u00fcr sich zu gewinnen. Als dies ans Licht zu kommen und ihr der Ruf einer Ehebrecherin droht, stellt sie sich und die M\u00e4dchen als Opfer von Hexerei dar und beschuldigt einige bis dato unbescholtene Frauen. Da der N\u00e4hrboden f\u00fcr den Glauben an dunkle M\u00e4chte in der Stadt bereits gelegt ist, wird die Hexenjagd er\u00f6ffnet. Ein geistlicher Teufelsexperte soll die Vorf\u00e4lle aufkl\u00e4ren und treibt mit seinen Befragungen immer mehr Menschen in die Arme des geltungss\u00fcchtigen Richters Danforth und damit an den Galgen.<\/p>\n<figure id=\"attachment_520\" aria-describedby=\"caption-attachment-520\" style=\"width: 300px\" class=\"wp-caption alignright\"><img loading=\"lazy\" decoding=\"async\" class=\"wp-image-520 size-medium\" src=\"https:\/\/burgspiele-test.net\/wp-content\/uploads\/2017\/12\/hexenjagd-sw284-300x219.jpg\" alt=\"\" width=\"300\" height=\"219\" srcset=\"https:\/\/burgspiele-test.net\/wp-content\/uploads\/2017\/12\/hexenjagd-sw284-300x219.jpg 300w, https:\/\/burgspiele-test.net\/wp-content\/uploads\/2017\/12\/hexenjagd-sw284-370x270.jpg 370w, https:\/\/burgspiele-test.net\/wp-content\/uploads\/2017\/12\/hexenjagd-sw284.jpg 591w\" sizes=\"auto, (max-width: 300px) 100vw, 300px\" \/><figcaption id=\"caption-attachment-520\" class=\"wp-caption-text\">Abigail Williams (Donja Reichert), Mercy Lewis (Hedwig H\u00e4usler), Evelyn Miller (Kim G\u00f6\u00dfling), Frances Miller (Veronika Kirchner)<\/figcaption><\/figure>\n<p>Dabei entwickelt sich die Handlung aufgrund der Schw\u00e4chen aller Beteiligten wie eine Kettenreaktion, die nicht mehr gestoppt werden kann und daher im urspr\u00fcnglichen Wortsinn tragisch zu nennen ist. Da ist zum einen Abigail, die, um sich selbst zu sch\u00fctzen, die Todesspirale antreibt und dazu von dem Motiv geleitet wird, nebenbei die Frau ihres Geliebten auszuschalten. Sie wird in allen Facetten &#8211; von aufrichtig liebend bis wahnsinnig vor Hass &#8211; gl\u00e4nzend verk\u00f6rpert von Donja Reichert.<\/p>\n<figure id=\"attachment_519\" aria-describedby=\"caption-attachment-519\" style=\"width: 146px\" class=\"wp-caption alignleft\"><img loading=\"lazy\" decoding=\"async\" class=\"wp-image-519 size-medium\" src=\"https:\/\/burgspiele-test.net\/wp-content\/uploads\/2017\/12\/hexenjagd-sw274-146x300.jpg\" alt=\"\" width=\"146\" height=\"300\" srcset=\"https:\/\/burgspiele-test.net\/wp-content\/uploads\/2017\/12\/hexenjagd-sw274-146x300.jpg 146w, https:\/\/burgspiele-test.net\/wp-content\/uploads\/2017\/12\/hexenjagd-sw274-131x270.jpg 131w, https:\/\/burgspiele-test.net\/wp-content\/uploads\/2017\/12\/hexenjagd-sw274.jpg 296w\" sizes=\"auto, (max-width: 146px) 100vw, 146px\" \/><figcaption id=\"caption-attachment-519\" class=\"wp-caption-text\">Carla Swiercy als Mary Warren<\/figcaption><\/figure>\n<p>Ihr Gegenpart ist Carla Swierzy als sch\u00fcchterne Mary Warren, die sich zun\u00e4chst in der Aufmerksamkeit vor Gericht sonnt, sp\u00e4ter von Gewissensbissen geplagt das T\u00e4uschungsman\u00f6ver ihrer Freundinnen aufdecken will und aus Angst letztlich doch wieder umf\u00e4llt. Ihre Darstellung zu Tr\u00e4nen r\u00fchrender Verzweiflung ist einfach meisterhaft.<\/p>\n<figure id=\"attachment_518\" aria-describedby=\"caption-attachment-518\" style=\"width: 300px\" class=\"wp-caption alignright\"><img loading=\"lazy\" decoding=\"async\" class=\"wp-image-518 size-medium\" src=\"https:\/\/burgspiele-test.net\/wp-content\/uploads\/2017\/12\/hexenjagd-sw263-300x184.jpg\" alt=\"\" width=\"300\" height=\"184\" srcset=\"https:\/\/burgspiele-test.net\/wp-content\/uploads\/2017\/12\/hexenjagd-sw263-300x184.jpg 300w, https:\/\/burgspiele-test.net\/wp-content\/uploads\/2017\/12\/hexenjagd-sw263-441x270.jpg 441w, https:\/\/burgspiele-test.net\/wp-content\/uploads\/2017\/12\/hexenjagd-sw263.jpg 591w\" sizes=\"auto, (max-width: 300px) 100vw, 300px\" \/><figcaption id=\"caption-attachment-518\" class=\"wp-caption-text\">Reverend John Hale (Timo Hmielorz), Hopkins (Thomas Mann), Elizabeth Proctor (Anja G\u00f6\u00dfling), Ezekiel Cheever (Burkhard Hildebrand), John Willard (Markus Jotter)<\/figcaption><\/figure>\n<p>Auf den Leib geschrieben scheint Anja G\u00f6\u00dfling die Rolle der verbitterten Elizabeth Proctor, die ihrem Mann den Ehebruch nicht verzeihen kann. Ihre Tugendhaftigkeit wird auf dem H\u00f6hepunkt der Handlung ihrem Mann zum Verh\u00e4ngnis.<\/p>\n<p>In der Rolle des um die eigene berufliche Existenz bangenden, hinterlistigen Stadtpfarrers Parris \u00fcberzeugt Martin Steinmetz. Ebenso glaubw\u00fcrdig und mit gelungen sophistischer Attit\u00fcde agiert Timo Hmielorz als Reverend Hale und D\u00e4monenfachmann. Habgier und Dummheit treiben das Ehepaar Putnam an, das die Hexenangst sch\u00fcrt, weil es auf den Besitz der zum Tode Verurteilten scharf ist. Herrlich polternd und zeternd zeigen hier Ute Schmitt und Barry Neuner ihr K\u00f6nnen.<\/p>\n<p><img loading=\"lazy\" decoding=\"async\" class=\"size-medium wp-image-515 alignleft\" src=\"https:\/\/burgspiele-test.net\/wp-content\/uploads\/2017\/12\/hexenjagd-sw242-300x179.jpg\" alt=\"\" width=\"300\" height=\"179\" srcset=\"https:\/\/burgspiele-test.net\/wp-content\/uploads\/2017\/12\/hexenjagd-sw242-300x179.jpg 300w, https:\/\/burgspiele-test.net\/wp-content\/uploads\/2017\/12\/hexenjagd-sw242-452x270.jpg 452w, https:\/\/burgspiele-test.net\/wp-content\/uploads\/2017\/12\/hexenjagd-sw242.jpg 591w\" sizes=\"auto, (max-width: 300px) 100vw, 300px\" \/>In rechtschaffener Naivit\u00e4t schaufeln sich Giles Corey (Willy Hiebert, der trotz des d\u00fcsteren Stoffes f\u00fcr manchen Schmunzler sorgt) und Rebecca Nurse (Gerlinde Rechner als bodenst\u00e4ndige Hebamme) ihr eigenes Grab. Mit perfider Logik und diabolischer Lust am Unrechtsprechen geht Danforth ans Werk. Es k\u00f6nnte die Hexenjagd beenden, doch auch er ist ein Opfer seiner eigenen Schw\u00e4che. Alexander Maier meistert den inneren Konflikt des um seine Autorit\u00e4t f\u00fcrchtenden Richters, als er den Betrug der M\u00e4dchen ahnt, aber aus Prinzip keine Gnade walten l\u00e4sst, mit Bravour. In weiteren Rollen, die allesamt f\u00fcr den Fortgang der Trag\u00f6die ihren Teil beitragen, sind Antje Kluzik, Hedwig H\u00e4usler, Rudolf Feierabend, Burkhard Hildebrandt, Markus Jotter, Thomas Mann, Heinrich Schumann, Kim G\u00f6\u00dfling, Veronika Kirchner, B\u00e4rbel Aue und Kyra Schilling zu sehen sowie die zehnj\u00e4hrige Franziska Schmitt als fiebernde Pfarrerstochter, deren Zustand die Hexenj\u00e4ger \u00fcberhaupt erst auf den Plan ruft.<\/p>\n<figure id=\"attachment_516\" aria-describedby=\"caption-attachment-516\" style=\"width: 190px\" class=\"wp-caption alignright\"><img loading=\"lazy\" decoding=\"async\" class=\"wp-image-516 size-medium\" src=\"https:\/\/burgspiele-test.net\/wp-content\/uploads\/2017\/12\/hexenjagd-sw246-190x300.jpg\" alt=\"\" width=\"190\" height=\"300\" srcset=\"https:\/\/burgspiele-test.net\/wp-content\/uploads\/2017\/12\/hexenjagd-sw246-190x300.jpg 190w, https:\/\/burgspiele-test.net\/wp-content\/uploads\/2017\/12\/hexenjagd-sw246-171x270.jpg 171w, https:\/\/burgspiele-test.net\/wp-content\/uploads\/2017\/12\/hexenjagd-sw246.jpg 576w\" sizes=\"auto, (max-width: 190px) 100vw, 190px\" \/><figcaption id=\"caption-attachment-516\" class=\"wp-caption-text\">Robert Kirchner als John Proctor<\/figcaption><\/figure>\n<p>Den schwierigsten und zentralen Part jedoch hat Robert Kirchner. Er spielt den aufrechten Farmer Proctor, der zun\u00e4chst hin und her gerissen ist zwischen seiner Frau und Abigail, sich dann zu seiner Schuld bekennt, um den Spuk zu beenden, und schlie\u00dflich aus Stolz und Loyalit\u00e4t zu den Ermordeten den Tod w\u00e4hlt.<\/p>\n<p>F\u00fcr seine au\u00dfergew\u00f6hnliche und authentische Darstellung des tragischen Helden durfte er am Premierenende zu Recht den st\u00e4rksten Applaus empfangen.<\/p>\n<p><img loading=\"lazy\" decoding=\"async\" class=\"size-medium wp-image-510 alignleft\" src=\"https:\/\/burgspiele-test.net\/wp-content\/uploads\/2017\/12\/hexenjagd205-300x212.jpg\" alt=\"\" width=\"300\" height=\"212\" srcset=\"https:\/\/burgspiele-test.net\/wp-content\/uploads\/2017\/12\/hexenjagd205-300x212.jpg 300w, https:\/\/burgspiele-test.net\/wp-content\/uploads\/2017\/12\/hexenjagd205-383x270.jpg 383w, https:\/\/burgspiele-test.net\/wp-content\/uploads\/2017\/12\/hexenjagd205.jpg 567w\" sizes=\"auto, (max-width: 300px) 100vw, 300px\" \/>Aber auch Susanne Rechner wurde geb\u00fchrend gefeiert f\u00fcr eine Inszenierung, die von der ersten bis zur letzten Minute spannend und emotional ergreifend ist, die wieder ein homogenes Ensemble pr\u00e4sentiert und in der B\u00fchnenbild und Kost\u00fcme dem Fokus des St\u00fcckes absolut gerecht werden.<\/p>\n","protected":false},"excerpt":{"rendered":"<p>\u201eHexenjagd\u201c (Arthur Miller) Quelle: Die Rheinpfalz, 23. Juni 2003 &nbsp; Ein Fegefeuer menschlicher Unzul\u00e4nglichkeiten (Waltraud Werdelis) ALTLEININGEN: Fulminante Premiere von Arthur Millers \u201eHexenjagd\u201c bei den Burgspielen Altleiningen &nbsp; Welches Unheil religi\u00f6ser Wahn anrichten kann, davon gibt es in der Geschichte&hellip; <\/p>\n","protected":false},"author":3,"featured_media":0,"parent":187,"menu_order":0,"comment_status":"closed","ping_status":"closed","template":"","meta":{"footnotes":""},"class_list":["post-1186","page","type-page","status-publish","hentry"],"_links":{"self":[{"href":"https:\/\/burgspiele-test.net\/index.php?rest_route=\/wp\/v2\/pages\/1186","targetHints":{"allow":["GET"]}}],"collection":[{"href":"https:\/\/burgspiele-test.net\/index.php?rest_route=\/wp\/v2\/pages"}],"about":[{"href":"https:\/\/burgspiele-test.net\/index.php?rest_route=\/wp\/v2\/types\/page"}],"author":[{"embeddable":true,"href":"https:\/\/burgspiele-test.net\/index.php?rest_route=\/wp\/v2\/users\/3"}],"replies":[{"embeddable":true,"href":"https:\/\/burgspiele-test.net\/index.php?rest_route=%2Fwp%2Fv2%2Fcomments&post=1186"}],"version-history":[{"count":5,"href":"https:\/\/burgspiele-test.net\/index.php?rest_route=\/wp\/v2\/pages\/1186\/revisions"}],"predecessor-version":[{"id":1207,"href":"https:\/\/burgspiele-test.net\/index.php?rest_route=\/wp\/v2\/pages\/1186\/revisions\/1207"}],"up":[{"embeddable":true,"href":"https:\/\/burgspiele-test.net\/index.php?rest_route=\/wp\/v2\/pages\/187"}],"wp:attachment":[{"href":"https:\/\/burgspiele-test.net\/index.php?rest_route=%2Fwp%2Fv2%2Fmedia&parent=1186"}],"curies":[{"name":"wp","href":"https:\/\/api.w.org\/{rel}","templated":true}]}}