{"id":1175,"date":"2018-02-10T15:26:04","date_gmt":"2018-02-10T15:26:04","guid":{"rendered":"http:\/\/burgspiele-altleiningen.net\/?page_id=1175"},"modified":"2018-02-10T15:43:31","modified_gmt":"2018-02-10T15:43:31","slug":"2009-ein-hauptdarsteller-zum-knuddeln","status":"publish","type":"page","link":"https:\/\/burgspiele-test.net\/?page_id=1175","title":{"rendered":"2009 &#8211; Ein Hauptdarsteller zum &#8222;Knuddeln&#8220;"},"content":{"rendered":"<h6 style=\"text-align: center;\"><em><strong>Ein Hauptdarsteller zum &#8222;Knuddeln&#8220; (Waltraud Werdelis)<\/strong><\/em><\/h6>\n<p>&nbsp;<\/p>\n<p style=\"text-align: center;\"><em>Quelle: Verlag: DIE RHEINPFALZ, Publikation: Unterhaardter Rundschau, Montag, 29. Juni 2009<\/em><\/p>\n<p>&nbsp;<\/p>\n<h6 style=\"text-align: center;\">ALTLEININGEN:<br \/>\nPremiere des St\u00fccks &#8222;Die Br\u00fcder L\u00f6wenherz&#8220; bei den Burgspielen Altleiningen &#8211;<br \/>\nVerdienter Jubel f\u00fcr Ensembleleistung<\/h6>\n<p>&nbsp;<\/p>\n<p>Alexander Kr\u00f6hler hei\u00dft der diesj\u00e4hrige Star der Burgspiele Altleiningen. In seiner ersten Rolle, die gleich eine Hauptrolle ist, eroberte der Elfj\u00e4hrige am Samstag bei der Premiere von &#8222;Die Br\u00fcder L\u00f6wenherz&#8220; sein Publikum im Sturm. Das Theaterst\u00fcck von Eva Sk\u00f6ld nach einer Geschichte von Astrid Lindgren ist auch f\u00fcr Erwachsene sehenswert. Handlung und Botschaft d\u00fcrfen aber durchaus kritisch hinterfragt werden.<\/p>\n<p>Der Anfang des zweifach preisgekr\u00f6nten Buchs ist ein trauriger. Der kleine Karl L\u00f6we ist todkrank, und sein von ihm \u00fcber alles geliebter gro\u00dfer Bruder Jonathan verspricht ihm ein Leben nach dem Tod: im Lande Nangijala, wo er gesund sein und viele Abenteuer erleben werde.<\/p>\n<figure id=\"attachment_604\" aria-describedby=\"caption-attachment-604\" style=\"width: 497px\" class=\"wp-caption aligncenter\"><img loading=\"lazy\" decoding=\"async\" class=\"wp-image-604 \" src=\"https:\/\/burgspiele-test.net\/wp-content\/uploads\/2017\/12\/loewenherz-brueder2-300x200.jpg\" alt=\"\" width=\"497\" height=\"331\" srcset=\"https:\/\/burgspiele-test.net\/wp-content\/uploads\/2017\/12\/loewenherz-brueder2-300x200.jpg 300w, https:\/\/burgspiele-test.net\/wp-content\/uploads\/2017\/12\/loewenherz-brueder2-405x270.jpg 405w, https:\/\/burgspiele-test.net\/wp-content\/uploads\/2017\/12\/loewenherz-brueder2.jpg 510w\" sizes=\"auto, (max-width: 497px) 100vw, 497px\" \/><figcaption id=\"caption-attachment-604\" class=\"wp-caption-text\"><em> Die Br\u00fcder L\u00f6wenherz: Karl (Alexander Kr\u00f6hler) und Jonathan (Georg Kirchner)<\/em><\/figcaption><\/figure>\n<p>Wie der Teufel es will, stirbt Jonathan zuerst &#8211; weil er seinen kleinen Bruder, den er liebevoll Kr\u00fcmel nennt, aus dem brennenden Haus rettet. Wenig sp\u00e4ter folgt ihm Kr\u00fcmel nach Nangijala, denn das sagenhafte Land gibt es tats\u00e4chlich. Das Abenteuer, das dort, genauer gesagt im Kirschtal, auf die beiden &#8222;L\u00f6wenherzen&#8220; wartet, ist jedoch alles andere als spa\u00dfig, denn der Tyrann Tengil will es sich unterwerfen, so wie er es schon mit dem Heckenrosental gemacht hat. Dort hockt der mutige Orwar im Kerker und wartet darauf, dass er von Tengil dem Drachenweibchen Katla zum Fra\u00df vorgeworfen wird.<\/p>\n<p>F\u00fcr Jonathan ist klar: &#8222;Es gibt Dinge, die man tun muss, sonst ist man kein Mensch, sondern nur ein St\u00fcck Dreck.&#8220; Er will den beiden T\u00e4lern im Freiheitskampf helfen, Kr\u00fcmel soll aber im (noch) sicheren Kirschtal bleiben. Doch der Junge denkt gar nicht daran. Zu lange hat er sich in seinem alten Leben h\u00e4sslich, nutzlos, feige und wie ein St\u00fcck Dreck gef\u00fchlt, als dass er jetzt kneifen w\u00fcrde. Er folgt seinem Bruder nach und ger\u00e4t im Heckenrosental in gro\u00dfe Gefahr.<\/p>\n<table>\n<tbody>\n<tr>\n<td>\n<p><figure id=\"attachment_608\" aria-describedby=\"caption-attachment-608\" style=\"width: 527px\" class=\"wp-caption aligncenter\"><img loading=\"lazy\" decoding=\"async\" class=\"wp-image-608 \" src=\"https:\/\/burgspiele-test.net\/wp-content\/uploads\/2017\/12\/loewenherz-verhoer-300x200.jpg\" alt=\"\" width=\"527\" height=\"351\" srcset=\"https:\/\/burgspiele-test.net\/wp-content\/uploads\/2017\/12\/loewenherz-verhoer-300x200.jpg 300w, https:\/\/burgspiele-test.net\/wp-content\/uploads\/2017\/12\/loewenherz-verhoer-405x270.jpg 405w, https:\/\/burgspiele-test.net\/wp-content\/uploads\/2017\/12\/loewenherz-verhoer.jpg 510w\" sizes=\"auto, (max-width: 527px) 100vw, 527px\" \/><figcaption id=\"caption-attachment-608\" class=\"wp-caption-text\"><em> Karl wird von Tengils Schergen verh\u00f6rt<\/em><\/figcaption><\/figure><\/td>\n<td>\n<p><figure id=\"attachment_607\" aria-describedby=\"caption-attachment-607\" style=\"width: 395px\" class=\"wp-caption aligncenter\"><img loading=\"lazy\" decoding=\"async\" class=\"wp-image-607 \" src=\"https:\/\/burgspiele-test.net\/wp-content\/uploads\/2017\/12\/loewenherz-kampf-300x269.jpg\" alt=\"\" width=\"395\" height=\"354\" srcset=\"https:\/\/burgspiele-test.net\/wp-content\/uploads\/2017\/12\/loewenherz-kampf-300x269.jpg 300w, https:\/\/burgspiele-test.net\/wp-content\/uploads\/2017\/12\/loewenherz-kampf-301x270.jpg 301w, https:\/\/burgspiele-test.net\/wp-content\/uploads\/2017\/12\/loewenherz-kampf.jpg 510w\" sizes=\"auto, (max-width: 395px) 100vw, 395px\" \/><figcaption id=\"caption-attachment-607\" class=\"wp-caption-text\"><em> Der alles entscheidende Kampf<\/em><\/figcaption><\/figure><\/td>\n<\/tr>\n<\/tbody>\n<\/table>\n<p>Alexander Kr\u00f6hler spielt den Kr\u00fcmel so charmant und zur\u00fcckhaltend, dass man ihn knuddeln m\u00f6chte. Seine Unerfahrenheit auf der B\u00fchne gereicht ihm in dem von Susanne Rechner und Manuela Spie\u00df wieder mit sicherem Besetzungsinstinkt ausgew\u00e4hlten und inszenierten St\u00fcck nicht zum Nachteil. Im Gegenteil: Der leichte Selbstzweifel, den man bei ihm sp\u00fcrt, passt genau zur Rolle des scheuen, seine Angst \u00fcberwinden wollenden Kr\u00fcmel. Dennoch agiert der F\u00fcnftkl\u00e4ssler souver\u00e4n und \u00fcberzeugt auch in Aussprache und K\u00f6rperausdruck. Georg Kirchner ist wie geschaffen f\u00fcr die Rolle des gro\u00dfen Bruders, die beiden harmonieren in jeder Szene wunderbar miteinander.<\/p>\n<p>Neben etlichen Kindern, Jugendlichen und Erwachsenen, die abwechselnd als Bekannte der Familie L\u00f6we, als Bewohner von Nangijala oder Soldaten des Unterdr\u00fcckers auftreten, haben einige bew\u00e4hrte Burgspiele-Mimen mehr oder weniger bedeutende Nebenrollen.<\/p>\n<p>Willy Hiebert spielt mit gewohnter Hingabe einen gro\u00dfv\u00e4terlichen Freund, der die Br\u00fcder L\u00f6wenherz besch\u00fctzt und st\u00e4rkt, Anja G\u00f6\u00dfling geh\u00f6rt die Rolle der Sofia, Chefin des Kirschtals, die versucht, mit ihren Brieftauben Kontakt zum Nachbartal zu halten. In Hubert (Alexander Maier) hat sie einen wackeren Helfer, ebenso in Jossi (Bj\u00f6rn Dinges), bis Kr\u00fcmel ihn als Verr\u00e4ter entlarvt.<br \/>\nDankbare Parts haben Donja Reichert und Robert Kirchner: Sie d\u00fcrfen als grausame Handlanger Tengils so richtig die Sau rauslassen. Der Schreckensherrscher hat dagegen keinen einzigen Satz zu sagen, macht aber dennoch m\u00e4chtig Eindruck. Jochen Knauff verk\u00f6rpert ihn gespenstisch bleich und in schwarzem Ledermantel \u00e4u\u00dferst bedrohlich.<\/p>\n<figure id=\"attachment_606\" aria-describedby=\"caption-attachment-606\" style=\"width: 516px\" class=\"wp-caption aligncenter\"><img loading=\"lazy\" decoding=\"async\" class=\"wp-image-606 \" src=\"https:\/\/burgspiele-test.net\/wp-content\/uploads\/2017\/12\/loewenherz-feuer-300x238.jpg\" alt=\"\" width=\"516\" height=\"409\" srcset=\"https:\/\/burgspiele-test.net\/wp-content\/uploads\/2017\/12\/loewenherz-feuer-300x238.jpg 300w, https:\/\/burgspiele-test.net\/wp-content\/uploads\/2017\/12\/loewenherz-feuer-340x270.jpg 340w, https:\/\/burgspiele-test.net\/wp-content\/uploads\/2017\/12\/loewenherz-feuer.jpg 510w\" sizes=\"auto, (max-width: 516px) 100vw, 516px\" \/><figcaption id=\"caption-attachment-606\" class=\"wp-caption-text\"><em> Tengil wird von Katlas Feueratem get\u00f6tet<\/em><\/figcaption><\/figure>\n<p>Als Held und Revolutionsf\u00fchrer Orwar, der &#8211; nachdem ihn Jonathan aus der Todeszelle befreit hat &#8211; die Talbewohner in eine eindrucksvoll inszenierte B\u00fchnenschlacht gegen den Tyrannen f\u00fchrt, agiert Oliver Kesberger.<\/p>\n<p>Neben den schlichten, aber im Gesamtbild sehr wirkungsvollen Kost\u00fcmen \u00fcberzeugt auch das B\u00fchnenbild aus Podesten und Treppchen. Es ist in Anbetracht der zahlreichen Schaupl\u00e4tze im St\u00fcck beziehungsweise Buch so einfach und neutral gehalten, dass es mit wenigen Handgriffen und Schiebeaktionen st\u00e4ndig neu zusammengesetzt werden kann. Einziges Manko: Der Vorhang schlie\u00dft sich deshalb gar zu oft und l\u00e4sst trotz sch\u00f6ner \u00dcberbr\u00fcckungsmusik oder eingespielter Zeitraffer die Spannung absinken.<\/p>\n<p>\u00dcberhaupt stellt sich die Frage, ob das Abenteuerbuch von Astrid Lindgren f\u00fcr die B\u00fchne nicht zu viele Fallstricke bereith\u00e4lt. Manche spannende Passagen und Handlungswendungen m\u00fcssen zwangsl\u00e4ufig so verk\u00fcrzt werden, dass sie &#8211; wenn man nicht genau aufgepasst hat &#8211; fast unlogisch oder banal wirken.<\/p>\n<p>Und dann ist da noch die unbeliebte Frage, was die Autorin mit der Geschichte eigentlich sagen will. Sie sollte unbedingt gestellt werden, denn nicht umsonst wurde Lindgren 1973, als &#8222;Die Br\u00fcder L\u00f6wenherz&#8220; erschien, vorgeworfen, sie verharmlose den Tod.<\/p>\n<p>Wer sich nur auf die Position zur\u00fcckzieht, hier werde eine anr\u00fchrende Geschichte \u00fcber Bruderliebe, Freiheit, Mut und Solidarit\u00e4t erz\u00e4hlt, macht es sich zu einfach.<\/p>\n<p>Am Ende des Kampfes gegen den Drachen Katla und am Ende des jenseitigen Lebens in Nangijala wartet ein zweiter Tod auf Jonathan. Deshalb \u00fcberzeugt er Kr\u00fcmel vom Sinn eines gemeinschaftlichen Selbstmordes, weil danach ein noch besseres Jenseits warte: das Land Nangilima. Die Br\u00fcder tun es und lassen den Leser\/Zuschauer mit dem Satz &#8222;Ich sehe das Licht&#8220; allein.<\/p>\n<p>Doch auch wenn die Burgspiele Altleiningen in ihrer Inszenierung dieses ethische Problem leider nicht deutlicher sichtbar machen und sich mehr auf die Abenteuerhandlung konzentrieren: Der jubelnde Premierenapplaus f\u00fcr die Ensembleleistung ist verdient. Und auf dem Nachhauseweg \u00fcber das St\u00fcck und seine m\u00f6glichen Botschaften nachzudenken, ist ja niemandem verwehrt.<\/p>\n<figure id=\"attachment_580\" aria-describedby=\"caption-attachment-580\" style=\"width: 515px\" class=\"wp-caption aligncenter\"><img loading=\"lazy\" decoding=\"async\" class=\"wp-image-580 \" src=\"https:\/\/burgspiele-test.net\/wp-content\/uploads\/2017\/12\/bettel-applaus-300x257.jpg\" alt=\"\" width=\"515\" height=\"441\" srcset=\"https:\/\/burgspiele-test.net\/wp-content\/uploads\/2017\/12\/bettel-applaus-300x257.jpg 300w, https:\/\/burgspiele-test.net\/wp-content\/uploads\/2017\/12\/bettel-applaus-315x270.jpg 315w, https:\/\/burgspiele-test.net\/wp-content\/uploads\/2017\/12\/bettel-applaus.jpg 510w\" sizes=\"auto, (max-width: 515px) 100vw, 515px\" \/><figcaption id=\"caption-attachment-580\" class=\"wp-caption-text\"><em>Verdienter Schlussapplaus<\/em><\/figcaption><\/figure>\n","protected":false},"excerpt":{"rendered":"<p>Ein Hauptdarsteller zum &#8222;Knuddeln&#8220; (Waltraud Werdelis) &nbsp; Quelle: Verlag: DIE RHEINPFALZ, Publikation: Unterhaardter Rundschau, Montag, 29. Juni 2009 &nbsp; ALTLEININGEN: Premiere des St\u00fccks &#8222;Die Br\u00fcder L\u00f6wenherz&#8220; bei den Burgspielen Altleiningen &#8211; Verdienter Jubel f\u00fcr Ensembleleistung &nbsp; Alexander Kr\u00f6hler hei\u00dft der&hellip; <\/p>\n","protected":false},"author":1,"featured_media":0,"parent":187,"menu_order":0,"comment_status":"closed","ping_status":"closed","template":"","meta":{"footnotes":""},"class_list":["post-1175","page","type-page","status-publish","hentry"],"_links":{"self":[{"href":"https:\/\/burgspiele-test.net\/index.php?rest_route=\/wp\/v2\/pages\/1175","targetHints":{"allow":["GET"]}}],"collection":[{"href":"https:\/\/burgspiele-test.net\/index.php?rest_route=\/wp\/v2\/pages"}],"about":[{"href":"https:\/\/burgspiele-test.net\/index.php?rest_route=\/wp\/v2\/types\/page"}],"author":[{"embeddable":true,"href":"https:\/\/burgspiele-test.net\/index.php?rest_route=\/wp\/v2\/users\/1"}],"replies":[{"embeddable":true,"href":"https:\/\/burgspiele-test.net\/index.php?rest_route=%2Fwp%2Fv2%2Fcomments&post=1175"}],"version-history":[{"count":8,"href":"https:\/\/burgspiele-test.net\/index.php?rest_route=\/wp\/v2\/pages\/1175\/revisions"}],"predecessor-version":[{"id":1208,"href":"https:\/\/burgspiele-test.net\/index.php?rest_route=\/wp\/v2\/pages\/1175\/revisions\/1208"}],"up":[{"embeddable":true,"href":"https:\/\/burgspiele-test.net\/index.php?rest_route=\/wp\/v2\/pages\/187"}],"wp:attachment":[{"href":"https:\/\/burgspiele-test.net\/index.php?rest_route=%2Fwp%2Fv2%2Fmedia&parent=1175"}],"curies":[{"name":"wp","href":"https:\/\/api.w.org\/{rel}","templated":true}]}}