{"id":1159,"date":"2018-02-10T15:17:35","date_gmt":"2018-02-10T15:17:35","guid":{"rendered":"http:\/\/burgspiele-altleiningen.net\/?page_id=1159"},"modified":"2018-02-10T15:20:38","modified_gmt":"2018-02-10T15:20:38","slug":"2005-viel-laerm-um-nichts","status":"publish","type":"page","link":"https:\/\/burgspiele-test.net\/?page_id=1159","title":{"rendered":"2005 &#8211; Viel L\u00e4rm um Nichts"},"content":{"rendered":"<div id=\"content\">\n<h3 class=\"style2\" style=\"text-align: center;\">&#8218;Viel L\u00e4rm um Nichts&#8216;<\/h3>\n<p class=\"style2\" style=\"text-align: center;\"><span class=\"style5 style9\"><em> (William Shakespeare)<\/em><br \/>\n<\/span><\/p>\n<p>Zum Inhalt:<\/p>\n<p>Siegreich, \u00fcberm\u00fctig und voller Lebensfreude kehren der Prinz Pedro von Arragon und seine Begleiter Benedikt und CIaudio aus einem Kampf zur\u00fcck und sind zu Besuch bei Leonato, dem Statthalter von Messina.<\/p>\n<p>Auch der Halbbruder von Don Pedro, der melancholische und verbitterte Don Juan ist bei der Gesellschaft. Claudio verliebt sich in Leonatos Tochter Hero. Auf einem Maskenfest wirbt Don Pedro f\u00fcr Claudio und gewinnt sowohl Heros als auch Leonatos Zustimmung.<\/p>\n<p>Benedikt, ein erkl\u00e4rter Feind der Ehe, zumindest was ihn selbst angeht, gibt sich als \u00fcberzeugter Junggeselle. Was allerdings seine Freunde nicht ruhen l\u00e4sst. Sie schmieden ein Komplott, Benedikt zum Ehemann zu bekehren.<\/p>\n<p>Da w\u00e4re ja die sch\u00f6ne Beatrice, Leonatos Nichte, und sie ist eine ebenso scharfsichtige und spitzz\u00fcngige Kritikerin der M\u00e4nner im allgemeinen wie des Herrn Benedikt im besonderen, dass man leicht meinen k\u00f6nnte, die beiden seien einander wahrhaft w\u00fcrdig.<\/p>\n<p>In vielen ironischen Wort-Scharm\u00fctzeln und schlagfertigem Gepl\u00e4nkel beweisen Beatrice und Benedikt das auch.<\/p>\n<p>So k\u00f6nnte die Kom\u00f6die um ein sanftes und ein streitendes Liebespaar ihren Verlauf ins Happy-End nehmen, w\u00fc\u00dfte nicht Shakespeare alles \u00fcber die dunklen Seiten der menschlichen Seelen, \u00fcber die Abgr\u00fcnde der Bitterkeiten, die das Herz nicht zur Ruhe kommen lassen.<\/p>\n<p>Don Juan, mit seinem Bruder dem Prinzen j\u00fcngst schwer zerworfen und gerade eben vers\u00f6hnt, ist der klassische Exponent dieser seelischen Dunkelheit, dieser melancholiebesessenen Sehnsucht nach Zerst\u00f6rung. Der Impuls, das heitere Gl\u00fcck zu zerst\u00f6ren, l\u00f6st beinahe eine Trag\u00f6die aus.<\/p>\n<p>Im Reich der Kom\u00f6die aber k\u00f6nnen dann doch die wachsamen Amtsm\u00e4nner Hundsbeer und Saumseel, die mit Fremdw\u00f6rtern auf dem kuriosesten Kriegsfu\u00df stehen, den Beweis f\u00fcr die Intrige und damit f\u00fcr die Unschuld der verfolgten Hero liefern.<\/p>\n<p>Und Benedikt erweist sich als so integerer Charakter, dass schlie\u00dflich unabh\u00e4ngig von allen kupplerischen R\u00e4nken sogar Beatrice zugeben muss, dass sie Benedikt liebt, wenn auch &#8222;nicht mehr als billig&#8220;.<\/p>\n<p>[huge_it_slider id=&#8220;11 &#8222;]<\/p>\n<\/div>\n","protected":false},"excerpt":{"rendered":"<p>&#8218;Viel L\u00e4rm um Nichts&#8216; (William Shakespeare) Zum Inhalt: Siegreich, \u00fcberm\u00fctig und voller Lebensfreude kehren der Prinz Pedro von Arragon und seine Begleiter Benedikt und CIaudio aus einem Kampf zur\u00fcck und sind zu Besuch bei Leonato, dem Statthalter von Messina. Auch&hellip; <\/p>\n","protected":false},"author":1,"featured_media":0,"parent":71,"menu_order":0,"comment_status":"closed","ping_status":"closed","template":"","meta":{"footnotes":""},"class_list":["post-1159","page","type-page","status-publish","hentry"],"_links":{"self":[{"href":"https:\/\/burgspiele-test.net\/index.php?rest_route=\/wp\/v2\/pages\/1159","targetHints":{"allow":["GET"]}}],"collection":[{"href":"https:\/\/burgspiele-test.net\/index.php?rest_route=\/wp\/v2\/pages"}],"about":[{"href":"https:\/\/burgspiele-test.net\/index.php?rest_route=\/wp\/v2\/types\/page"}],"author":[{"embeddable":true,"href":"https:\/\/burgspiele-test.net\/index.php?rest_route=\/wp\/v2\/users\/1"}],"replies":[{"embeddable":true,"href":"https:\/\/burgspiele-test.net\/index.php?rest_route=%2Fwp%2Fv2%2Fcomments&post=1159"}],"version-history":[{"count":2,"href":"https:\/\/burgspiele-test.net\/index.php?rest_route=\/wp\/v2\/pages\/1159\/revisions"}],"predecessor-version":[{"id":1164,"href":"https:\/\/burgspiele-test.net\/index.php?rest_route=\/wp\/v2\/pages\/1159\/revisions\/1164"}],"up":[{"embeddable":true,"href":"https:\/\/burgspiele-test.net\/index.php?rest_route=\/wp\/v2\/pages\/71"}],"wp:attachment":[{"href":"https:\/\/burgspiele-test.net\/index.php?rest_route=%2Fwp%2Fv2%2Fmedia&parent=1159"}],"curies":[{"name":"wp","href":"https:\/\/api.w.org\/{rel}","templated":true}]}}