{"id":1141,"date":"2018-02-10T14:56:31","date_gmt":"2018-02-10T14:56:31","guid":{"rendered":"http:\/\/burgspiele-altleiningen.net\/?page_id=1141"},"modified":"2018-02-10T15:15:30","modified_gmt":"2018-02-10T15:15:30","slug":"2006-elling","status":"publish","type":"page","link":"https:\/\/burgspiele-test.net\/?page_id=1141","title":{"rendered":"2006 &#8211; Elling"},"content":{"rendered":"<div id=\"content\">\n<h3 class=\"style2\" style=\"text-align: center;\">&#8218;Elling&#8216;<\/h3>\n<p class=\"style2\" style=\"text-align: center;\"><em><span class=\"style5 style9\">Schauspiel von Axel Hellstenius,<br \/>\n(unter Mitwirkung von Petter N\u00e6ss)<br \/>\nnach dem Roman &#8222;Blutsbr\u00fcder&#8220;<br \/>\nvon Ingvar Ambj\u00f8rnsen<br \/>\n\u00fcbersetzt aus dem Norwegischen von Gabriele Haefs <\/span><\/em><\/p>\n<\/div>\n<p>Zum Inhalt:<\/p>\n<p>Was ist eigentlich normal?<\/p>\n<p>Die beiden Helden, Elling und Kjell Barne geben uns darauf ihre ganz eigenen Antworten.<\/p>\n<p>Sie haben sich in Br\u00f8ynes &#8211; &#8222;einem Ort, wo sich Leute nach einer hektischen Zeit ein wenig erholen k\u00f6nnen&#8220; &#8211; kennen gelernt und angefreundet.<br \/>\nNun sollen sie sich gemeinsam wieder in der Normalit\u00e4t zurecht finden. Dazu hat ihnen die Stadt Oslo eine kleine Wohnung und den Sozialarbeiter Frank (gespielt von Alexander Maier) an die Seite gestellt.<\/p>\n<p>Doch die neu gewonnene Freiheit hat ihre T\u00fccken.<br \/>\nWozu braucht man eigentlich ein Telefon?<br \/>\nWoher nimmt man den Mut, unter Menschen zu gehen?<br \/>\nWie lernt man eine Frau kennen?<\/p>\n<p>Erst \u00e4ngstlich, dann mutig und schlie\u00dflich geradezu draufg\u00e4ngerisch erobern sich die beiden erwachsenen Kinder nach und nach die Welt.<\/p>\n<p>ELLING ist innerhalb k\u00fcrzester Zeit (Urauff\u00fchrung 1999) zu einem der meistgespielten St\u00fccke der Gegenwart geworden.<\/p>\n<div id=\"bottombanner\">\u00a0[huge_it_slider id=&#8220;10 &#8222;]<\/div>\n","protected":false},"excerpt":{"rendered":"<p>&#8218;Elling&#8216; Schauspiel von Axel Hellstenius, (unter Mitwirkung von Petter N\u00e6ss) nach dem Roman &#8222;Blutsbr\u00fcder&#8220; von Ingvar Ambj\u00f8rnsen \u00fcbersetzt aus dem Norwegischen von Gabriele Haefs Zum Inhalt: Was ist eigentlich normal? Die beiden Helden, Elling und Kjell Barne geben uns darauf&hellip; <\/p>\n","protected":false},"author":1,"featured_media":0,"parent":71,"menu_order":0,"comment_status":"closed","ping_status":"closed","template":"","meta":{"footnotes":""},"class_list":["post-1141","page","type-page","status-publish","hentry"],"_links":{"self":[{"href":"https:\/\/burgspiele-test.net\/index.php?rest_route=\/wp\/v2\/pages\/1141","targetHints":{"allow":["GET"]}}],"collection":[{"href":"https:\/\/burgspiele-test.net\/index.php?rest_route=\/wp\/v2\/pages"}],"about":[{"href":"https:\/\/burgspiele-test.net\/index.php?rest_route=\/wp\/v2\/types\/page"}],"author":[{"embeddable":true,"href":"https:\/\/burgspiele-test.net\/index.php?rest_route=\/wp\/v2\/users\/1"}],"replies":[{"embeddable":true,"href":"https:\/\/burgspiele-test.net\/index.php?rest_route=%2Fwp%2Fv2%2Fcomments&post=1141"}],"version-history":[{"count":2,"href":"https:\/\/burgspiele-test.net\/index.php?rest_route=\/wp\/v2\/pages\/1141\/revisions"}],"predecessor-version":[{"id":1156,"href":"https:\/\/burgspiele-test.net\/index.php?rest_route=\/wp\/v2\/pages\/1141\/revisions\/1156"}],"up":[{"embeddable":true,"href":"https:\/\/burgspiele-test.net\/index.php?rest_route=\/wp\/v2\/pages\/71"}],"wp:attachment":[{"href":"https:\/\/burgspiele-test.net\/index.php?rest_route=%2Fwp%2Fv2%2Fmedia&parent=1141"}],"curies":[{"name":"wp","href":"https:\/\/api.w.org\/{rel}","templated":true}]}}