{"id":1139,"date":"2018-02-10T14:56:42","date_gmt":"2018-02-10T14:56:42","guid":{"rendered":"http:\/\/burgspiele-altleiningen.net\/?page_id=1139"},"modified":"2018-02-10T15:11:51","modified_gmt":"2018-02-10T15:11:51","slug":"2001-ein-sommernachtstraum","status":"publish","type":"page","link":"https:\/\/burgspiele-test.net\/?page_id=1139","title":{"rendered":"2001 &#8211; Ein Sommernachtstraum"},"content":{"rendered":"<h6 style=\"text-align: center;\"><em><strong>\u201eEin Sommernachtstraum\u201c (William Shakespeare)<\/strong><\/em><\/h6>\n<p style=\"text-align: center;\"><em>Quelle: Die Rheinpfalz, Unterhaardter Rundschau, 12. Juni 2001<\/em><\/p>\n<h6 style=\"text-align: center;\">Fein geschliffen und am Detail gearbeitet<\/h6>\n<h6 style=\"text-align: center;\">Von unserer Mitarbeiterin Marren Felle<\/h6>\n<p>&nbsp;<\/p>\n<p><img loading=\"lazy\" decoding=\"async\" class=\"size-medium wp-image-479 alignleft\" src=\"https:\/\/burgspiele-test.net\/wp-content\/uploads\/2017\/12\/sommer-091-300x194.jpg\" alt=\"\" width=\"300\" height=\"194\" srcset=\"https:\/\/burgspiele-test.net\/wp-content\/uploads\/2017\/12\/sommer-091-300x194.jpg 300w, https:\/\/burgspiele-test.net\/wp-content\/uploads\/2017\/12\/sommer-091.jpg 369w\" sizes=\"auto, (max-width: 300px) 100vw, 300px\" \/>Der mutige Versuch der Altleininger Burgspiele, Shakespeares &#8222;Sommernachtstraum&#8220; auch in diesem Jahr zu spielen, ist gegl\u00fcckt. Das zeigte die Premiere am Samstagabend ohne jeden Zweifel.<\/p>\n<p><img loading=\"lazy\" decoding=\"async\" class=\"size-medium wp-image-482 alignright\" src=\"https:\/\/burgspiele-test.net\/wp-content\/uploads\/2017\/12\/sommer-105-300x226.jpg\" alt=\"\" width=\"300\" height=\"226\" srcset=\"https:\/\/burgspiele-test.net\/wp-content\/uploads\/2017\/12\/sommer-105-300x226.jpg 300w, https:\/\/burgspiele-test.net\/wp-content\/uploads\/2017\/12\/sommer-105.jpg 340w\" sizes=\"auto, (max-width: 300px) 100vw, 300px\" \/>Feinschliff und jede Menge Detailarbeit brachten fantastische Ergebnisse. Das Spiel von Ines Herold als Hermia wirkte vertiefter und Carla Swierzy &#8211; zum ersten Mal bei den Burgspielen dabei &#8211; war eine \u00fcberzeugende Helena. Burkhard Hildebrand gestaltete die Rolle des Demetrius wesentlich besser als im Vorjahr, war ein guter Gegenspieler zu Timo Hmielorz (Lysander), dessen Qualit\u00e4t schlicht beeindruckte.<\/p>\n<p><img loading=\"lazy\" decoding=\"async\" class=\"size-medium wp-image-466 alignleft\" src=\"https:\/\/burgspiele-test.net\/wp-content\/uploads\/2017\/12\/sommer-014-300x221.jpg\" alt=\"\" width=\"300\" height=\"221\" srcset=\"https:\/\/burgspiele-test.net\/wp-content\/uploads\/2017\/12\/sommer-014-300x221.jpg 300w, https:\/\/burgspiele-test.net\/wp-content\/uploads\/2017\/12\/sommer-014.jpg 340w\" sizes=\"auto, (max-width: 300px) 100vw, 300px\" \/>Peter Steidel, neu in der Rolle des Egeus, war von be\u00e4ngstigender Sturheit, Kaltherzigkeit und Gesetzestreue.<\/p>\n<p><img loading=\"lazy\" decoding=\"async\" class=\"size-medium wp-image-472 alignright\" src=\"https:\/\/burgspiele-test.net\/wp-content\/uploads\/2017\/12\/sommer-039-189x300.jpg\" alt=\"\" width=\"189\" height=\"300\" srcset=\"https:\/\/burgspiele-test.net\/wp-content\/uploads\/2017\/12\/sommer-039-189x300.jpg 189w, https:\/\/burgspiele-test.net\/wp-content\/uploads\/2017\/12\/sommer-039-170x270.jpg 170w, https:\/\/burgspiele-test.net\/wp-content\/uploads\/2017\/12\/sommer-039.jpg 227w\" sizes=\"auto, (max-width: 189px) 100vw, 189px\" \/>In diesem Jahr gab Carsten G\u00f6\u00dfling dem Theseus und dem Elfenk\u00f6nig Oberon fantastisches Leben, zeigte mit seinem &#8222;Diener&#8220; Puck (Susanne Rechner) kumpelhaftes Ganoven-Niveau.<\/p>\n<p>&nbsp;<\/p>\n<p>Rechner, von unglaublicher Gelenkigkeit in ihrem fabelhaften Spiel, bot auch einen hoch erhabenen Haushofmeister Philostrates.<\/p>\n<p>&nbsp;<\/p>\n<p><img loading=\"lazy\" decoding=\"async\" class=\"size-medium wp-image-471 alignleft\" src=\"https:\/\/burgspiele-test.net\/wp-content\/uploads\/2017\/12\/sommer-037-300x236.jpg\" alt=\"\" width=\"300\" height=\"236\" srcset=\"https:\/\/burgspiele-test.net\/wp-content\/uploads\/2017\/12\/sommer-037-300x236.jpg 300w, https:\/\/burgspiele-test.net\/wp-content\/uploads\/2017\/12\/sommer-037.jpg 340w\" sizes=\"auto, (max-width: 300px) 100vw, 300px\" \/>Ebenfalls zwei Rollen verk\u00f6rperte Heidrun Kirchner: als Elfenk\u00f6nigin Titania und als Amazonenk\u00f6nigin Hippolyta, wobei sie besonders in der er\u00f6ffnenden Fechtszene mit Theseus bezauberte.<\/p>\n<p>&nbsp;<\/p>\n<p><img loading=\"lazy\" decoding=\"async\" class=\"size-medium wp-image-469 alignright\" src=\"https:\/\/burgspiele-test.net\/wp-content\/uploads\/2017\/12\/sommer-035-300x206.jpg\" alt=\"\" width=\"300\" height=\"206\" srcset=\"https:\/\/burgspiele-test.net\/wp-content\/uploads\/2017\/12\/sommer-035-300x206.jpg 300w, https:\/\/burgspiele-test.net\/wp-content\/uploads\/2017\/12\/sommer-035.jpg 340w\" sizes=\"auto, (max-width: 300px) 100vw, 300px\" \/>Nat\u00fcrlich waren auch die zweite oder gar dritte Generation der Burgspieler wieder begeisterte Elfen und Gnome. Franziska beendete ihren letzten Auftritt mit einem elegant in den Raum gepusteten Handkuss.<\/p>\n<p>&nbsp;<\/p>\n<p><img loading=\"lazy\" decoding=\"async\" class=\"size-medium wp-image-478 alignleft\" src=\"https:\/\/burgspiele-test.net\/wp-content\/uploads\/2017\/12\/sommer-088-228x300.jpg\" alt=\"\" width=\"228\" height=\"300\" srcset=\"https:\/\/burgspiele-test.net\/wp-content\/uploads\/2017\/12\/sommer-088-228x300.jpg 228w, https:\/\/burgspiele-test.net\/wp-content\/uploads\/2017\/12\/sommer-088-206x270.jpg 206w, https:\/\/burgspiele-test.net\/wp-content\/uploads\/2017\/12\/sommer-088.jpg 255w\" sizes=\"auto, (max-width: 228px) 100vw, 228px\" \/>Erbsenbl\u00fcte, Spinnweb, Motte und Senfsamen lebten auf &#8230;<\/p>\n<p>&nbsp;<\/p>\n<p>&nbsp;<\/p>\n<p><img loading=\"lazy\" decoding=\"async\" class=\"size-medium wp-image-474 alignright\" src=\"https:\/\/burgspiele-test.net\/wp-content\/uploads\/2017\/12\/sommer-068-252x300.jpg\" alt=\"\" width=\"252\" height=\"300\" srcset=\"https:\/\/burgspiele-test.net\/wp-content\/uploads\/2017\/12\/sommer-068-252x300.jpg 252w, https:\/\/burgspiele-test.net\/wp-content\/uploads\/2017\/12\/sommer-068-227x270.jpg 227w, https:\/\/burgspiele-test.net\/wp-content\/uploads\/2017\/12\/sommer-068.jpg 340w\" sizes=\"auto, (max-width: 252px) 100vw, 252px\" \/>&#8230; als ihre K\u00f6nigin ihr Herz f\u00fcr den Esel (Martin Steinmetz, verschmitzt und bereit zum \u00c4u\u00dfersten) entdeckte.<\/p>\n<p>&nbsp;<\/p>\n<p>&nbsp;<\/p>\n<p>&nbsp;<\/p>\n<p><img loading=\"lazy\" decoding=\"async\" class=\"size-medium wp-image-483 alignleft\" src=\"https:\/\/burgspiele-test.net\/wp-content\/uploads\/2017\/12\/sommer-112-300x202.jpg\" alt=\"\" width=\"300\" height=\"202\" srcset=\"https:\/\/burgspiele-test.net\/wp-content\/uploads\/2017\/12\/sommer-112-300x202.jpg 300w, https:\/\/burgspiele-test.net\/wp-content\/uploads\/2017\/12\/sommer-112.jpg 312w\" sizes=\"auto, (max-width: 300px) 100vw, 300px\" \/>Die Handwerker &#8211; schon willig, aber der Wille allein bringt&#8217;s halt nicht immer &#8211; taten brav, was der Zimmermann Peter Squenz (Gernot Schubert), des logischen Denkens m\u00e4chtig, ihnen auftrug. Am Ende des sommern\u00e4chtlichen Traums vertrieb er den drei Hochzeitspaaren mit seinen &#8222;Meisters&#8220; Niklas Zettel (Martin Steinmetz), Frank Flaut (Markus Jotter), Tom Schnauz (Robert Kirchner), Matz Schlucker (Heinrich Schumann) und Schnock (bei der Premiere von Thomas Herold geboten) die Zeit bis zum Schlafengehen mit herrlich bl\u00f6dem Spiel.<\/p>\n<p><img loading=\"lazy\" decoding=\"async\" class=\"size-medium wp-image-484 alignright\" src=\"https:\/\/burgspiele-test.net\/wp-content\/uploads\/2017\/12\/sommer-115-300x196.jpg\" alt=\"\" width=\"300\" height=\"196\" srcset=\"https:\/\/burgspiele-test.net\/wp-content\/uploads\/2017\/12\/sommer-115-300x196.jpg 300w, https:\/\/burgspiele-test.net\/wp-content\/uploads\/2017\/12\/sommer-115.jpg 340w\" sizes=\"auto, (max-width: 300px) 100vw, 300px\" \/>Am Ende der Premiere gab es eine \u00dcberraschung f\u00fcr Gerlinde Rechner, die nun schon 40 Jahre auf der B\u00fchne steht. Carsten G\u00f6\u00dfling fand die rechten Worte und \u00fcberreichte ihr einen wunderbaren Strau\u00df.<\/p>\n","protected":false},"excerpt":{"rendered":"<p>\u201eEin Sommernachtstraum\u201c (William Shakespeare) Quelle: Die Rheinpfalz, Unterhaardter Rundschau, 12. Juni 2001 Fein geschliffen und am Detail gearbeitet Von unserer Mitarbeiterin Marren Felle &nbsp; Der mutige Versuch der Altleininger Burgspiele, Shakespeares &#8222;Sommernachtstraum&#8220; auch in diesem Jahr zu spielen, ist gegl\u00fcckt.&hellip; <\/p>\n","protected":false},"author":3,"featured_media":0,"parent":187,"menu_order":0,"comment_status":"closed","ping_status":"closed","template":"","meta":{"footnotes":""},"class_list":["post-1139","page","type-page","status-publish","hentry"],"_links":{"self":[{"href":"https:\/\/burgspiele-test.net\/index.php?rest_route=\/wp\/v2\/pages\/1139","targetHints":{"allow":["GET"]}}],"collection":[{"href":"https:\/\/burgspiele-test.net\/index.php?rest_route=\/wp\/v2\/pages"}],"about":[{"href":"https:\/\/burgspiele-test.net\/index.php?rest_route=\/wp\/v2\/types\/page"}],"author":[{"embeddable":true,"href":"https:\/\/burgspiele-test.net\/index.php?rest_route=\/wp\/v2\/users\/3"}],"replies":[{"embeddable":true,"href":"https:\/\/burgspiele-test.net\/index.php?rest_route=%2Fwp%2Fv2%2Fcomments&post=1139"}],"version-history":[{"count":5,"href":"https:\/\/burgspiele-test.net\/index.php?rest_route=\/wp\/v2\/pages\/1139\/revisions"}],"predecessor-version":[{"id":1152,"href":"https:\/\/burgspiele-test.net\/index.php?rest_route=\/wp\/v2\/pages\/1139\/revisions\/1152"}],"up":[{"embeddable":true,"href":"https:\/\/burgspiele-test.net\/index.php?rest_route=\/wp\/v2\/pages\/187"}],"wp:attachment":[{"href":"https:\/\/burgspiele-test.net\/index.php?rest_route=%2Fwp%2Fv2%2Fmedia&parent=1139"}],"curies":[{"name":"wp","href":"https:\/\/api.w.org\/{rel}","templated":true}]}}