{"id":1130,"date":"2018-02-10T14:46:28","date_gmt":"2018-02-10T14:46:28","guid":{"rendered":"http:\/\/burgspiele-altleiningen.net\/?page_id=1130"},"modified":"2023-01-15T11:11:39","modified_gmt":"2023-01-15T11:11:39","slug":"2010-die-acht-frauen","status":"publish","type":"page","link":"https:\/\/burgspiele-test.net\/?page_id=1130","title":{"rendered":"2010 &#8211; Die acht Frauen"},"content":{"rendered":"<h6 style=\"text-align: center;\">&#8222;Die acht Frauen&#8220; (Susanne Back)<\/h6>\n<p style=\"text-align: center;\"><em>Quelle: Verlag: DIE RHEINPFALZ, Publikation: Unterhaardter Rundschau, Dienstag, 22. Juni 2010<\/em><\/p>\n<h6 style=\"text-align: center;\">ALTLEININGEN:<br \/>\nWer hat den Papa ermordet?<br \/>\nGelungene Premiere der Kriminalkom\u00f6die &#8222;Die acht Frauen&#8220; bei den Altleininger Burgspielen<\/h6>\n<p>Was tun acht v\u00f6llig von der Au\u00dfenwelt abgeschnittene Frauen, die in ihrer Villa eines Morgens die Leiche des Hausherrn entdecken? Sie wissen, dass die M\u00f6rderin eine von ihnen sein muss und begeben sich auf Spurensuche.<\/p>\n<p>So geschehen in Altleiningen, wo die Burgspiele am Samstagabend mit der vergn\u00fcglichen Kriminalkom\u00f6die &#8222;Die acht Frauen&#8220; Premiere feierten.Anl\u00e4sslich ihres 30. Geburtstags haben die Burgspieler insofern ein besonderes St\u00fcck gew\u00e4hlt, als es &#8211; in der Theaterliteratur eher selten &#8211; f\u00fcr ein rein weibliches Ensemble konzipiert ist.<\/p>\n<p>Die Kriminalkom\u00f6die &#8222;Die acht Frauen&#8220; von Robert Thomas spiegelt die weiblichen Archetypen schlechthin: Da ist die Femme fatale, die jugendlich Naive, die schrullige Alte, die G\u00fctige, die alte Jungfer. Solcherlei Charaktere in einer bestimmten Konfliktsituation aufeinander treffen zu lassen, ist an sich nichts Besonderes. Was das St\u00fcck des Franzosen Thomas auszeichnet, sind die vielen unerwarteten Br\u00fcche und Wendungen, die die Handlung in immer schnellerem Tempo vorantreiben. Die erfahrenen Regisseurinnen Susanne Rechner und Manuela Spie\u00df haben in der Altleininger Inszenierung jedem einzelnen Darsteller zu einer individuellen &#8222;Duftnote&#8220; verholfen und acht fein gezeichnete Charaktere herausgearbeitet. Jede der Damen besitzt ihren ganz eigenen Charme, und die vortrefflich ausgearbeitete Maske sowie Kost\u00fcme, die von Rita Daiker und Marlies Minnebusch ma\u00dfgeschneidert wurden, unterst\u00fctzen die Darstellerinnen zus\u00e4tzlich.<\/p>\n<p>Beste Voraussetzungen also, das Publikum mitzunehmen auf eine nicht immer ernst gemeinte Reise in die 1950er Jahre und in eine famili\u00e4re Gesellschaft, deren \u00fcber Jahre hinweg fein s\u00e4uberlich konstruierte Strukturen aufplatzen wie rissiges Mauerwerk. Ort des Geschehens ist die abgelegene Villa des Fabrikanten Marcel, wo sich kurz vor Weihnachten die weiblichen Familienmitglieder treffen, um gemeinsam die Feiertage zu verbringen. Als der Hausherr und einzige Mann weit und breit mit einem Messer im R\u00fccken tot aufgefunden wird, ist schnell klar, dass nur eine der anwesenden Damen die M\u00f6rderin sein kann. Aber wer?<\/p>\n<p>Zu Beginn der spannenden Kom\u00f6die traut man keiner einen derartigen Mord zu, am Ende, wenn viele Masken gefallen sind, jeder einzelnen. Sie haben Marcel betrogen und belogen, hatten eine hei\u00dfe Aff\u00e4re mit ihm oder waren heimlich in ihn verliebt, Motive gibt es reichlich.<\/p>\n<p>Da w\u00e4re zun\u00e4chst Gaby, die Ehefrau des Get\u00f6teten und das Zentrum der Familie, die von Susanne Rechner zun\u00e4chst mit unterk\u00fchlter Distanz gespielt wird, bevor heftige Gef\u00fchlsausbr\u00fcche beweisen, wie wichtig ihr das Festhalten am gesellschaftlichen Aufstieg ist.<\/p>\n<p>Die besonnene Tochter Suzanne (Manuela Spie\u00df), kaum richtig erwachsen, entt\u00e4uscht ihren Vater durch eine allzu fr\u00fche Schwangerschaft.<\/p>\n<p>Ihre j\u00fcngere Schwester Catherine, ein ungest\u00fcmer Wildfang, den Franziska Schmitt mit jugendlicher Leichtigkeit mimt, liest leidenschaftlich gerne Krimis und \u00fcbernimmt bald die Rolle der Detektivin, um herauszubekommen, wer ihren geliebten Papa ermordet hat.<\/p>\n<figure id=\"attachment_620\" aria-describedby=\"caption-attachment-620\" style=\"width: 465px\" class=\"wp-caption aligncenter\"><img loading=\"lazy\" decoding=\"async\" class=\"wp-image-620 \" src=\"https:\/\/burgspiele-test.net\/wp-content\/uploads\/2017\/12\/8frauen-schwestern-300x223.jpg\" alt=\"\" width=\"465\" height=\"346\" srcset=\"https:\/\/burgspiele-test.net\/wp-content\/uploads\/2017\/12\/8frauen-schwestern-300x223.jpg 300w, https:\/\/burgspiele-test.net\/wp-content\/uploads\/2017\/12\/8frauen-schwestern-363x270.jpg 363w, https:\/\/burgspiele-test.net\/wp-content\/uploads\/2017\/12\/8frauen-schwestern.jpg 425w\" sizes=\"auto, (max-width: 465px) 100vw, 465px\" \/><figcaption id=\"caption-attachment-620\" class=\"wp-caption-text\"><em>Die beiden Schwestern Catherine (Franziska Schmitt) und Suzanne (Manuela Spie\u00df)<\/em><\/figcaption><\/figure>\n<p>Hat Gro\u00dfmama etwas damit zu tun, die auf ihren Aktien hockt wie eine Glucke? Ute Schmitt sorgt mit ihrer t\u00fctteligen Art, am Stock \u00fcber die B\u00fchne zu tippeln, immer wieder f\u00fcr Lacher.<\/p>\n<figure id=\"attachment_618\" aria-describedby=\"caption-attachment-618\" style=\"width: 325px\" class=\"wp-caption aligncenter\"><img loading=\"lazy\" decoding=\"async\" class=\"wp-image-618 \" src=\"https:\/\/burgspiele-test.net\/wp-content\/uploads\/2017\/12\/8frauen-oma-172x300.jpg\" alt=\"\" width=\"325\" height=\"567\" srcset=\"https:\/\/burgspiele-test.net\/wp-content\/uploads\/2017\/12\/8frauen-oma-172x300.jpg 172w, https:\/\/burgspiele-test.net\/wp-content\/uploads\/2017\/12\/8frauen-oma-154x270.jpg 154w, https:\/\/burgspiele-test.net\/wp-content\/uploads\/2017\/12\/8frauen-oma.jpg 250w\" sizes=\"auto, (max-width: 325px) 100vw, 325px\" \/><figcaption id=\"caption-attachment-618\" class=\"wp-caption-text\"><em>Ute Schmitt in der Rolle der Gro\u00dfmutter<\/em><\/figcaption><\/figure>\n<p>Eine der skurrilsten Figuren im Hause ist Augustine, die altbackene Schwester Gabys, kurzatmig und hypochondrisch, eine &#8222;trockene Frucht&#8220;. Anja G\u00f6\u00dfling spielt die verschrobene graue Maus, die heimlich Liebesromane liest, herrlich schmallippig und mit sichtlicher Freude.<\/p>\n<figure id=\"attachment_613\" aria-describedby=\"caption-attachment-613\" style=\"width: 377px\" class=\"wp-caption aligncenter\"><img loading=\"lazy\" decoding=\"async\" class=\"wp-image-613 \" src=\"https:\/\/burgspiele-test.net\/wp-content\/uploads\/2017\/12\/8frauen-augustine-226x300.jpg\" alt=\"\" width=\"377\" height=\"500\" srcset=\"https:\/\/burgspiele-test.net\/wp-content\/uploads\/2017\/12\/8frauen-augustine-226x300.jpg 226w, https:\/\/burgspiele-test.net\/wp-content\/uploads\/2017\/12\/8frauen-augustine-203x270.jpg 203w, https:\/\/burgspiele-test.net\/wp-content\/uploads\/2017\/12\/8frauen-augustine.jpg 500w\" sizes=\"auto, (max-width: 377px) 100vw, 377px\" \/><figcaption id=\"caption-attachment-613\" class=\"wp-caption-text\"><em> Anja G\u00f6ssling (vorne links) spielt die hypochondrische Augustine<\/em><\/figcaption><\/figure>\n<p>Auch die K\u00f6chin Madame Chanel (Kyra Schilling) sowie das aufreizende neue Hausm\u00e4dchen Louise (Antje Kluzik) bringen immer neuen Schwung in die gegenseitigen Verd\u00e4chtigungen.<\/p>\n<table border=\"0\">\n<tbody>\n<tr>\n<td>\n<p><figure id=\"attachment_617\" aria-describedby=\"caption-attachment-617\" style=\"width: 287px\" class=\"wp-caption alignnone\"><img loading=\"lazy\" decoding=\"async\" class=\"wp-image-617 \" src=\"https:\/\/burgspiele-test.net\/wp-content\/uploads\/2017\/12\/8frauen-madame-chanel-200x300.jpg\" alt=\"\" width=\"287\" height=\"431\" srcset=\"https:\/\/burgspiele-test.net\/wp-content\/uploads\/2017\/12\/8frauen-madame-chanel-200x300.jpg 200w, https:\/\/burgspiele-test.net\/wp-content\/uploads\/2017\/12\/8frauen-madame-chanel-180x270.jpg 180w, https:\/\/burgspiele-test.net\/wp-content\/uploads\/2017\/12\/8frauen-madame-chanel.jpg 340w\" sizes=\"auto, (max-width: 287px) 100vw, 287px\" \/><figcaption id=\"caption-attachment-617\" class=\"wp-caption-text\"><em>Die K\u00f6chin Madame Chanel (Kyra Schilling) und &#8230;<\/em><\/figcaption><\/figure><\/td>\n<td>\n<p><figure id=\"attachment_616\" aria-describedby=\"caption-attachment-616\" style=\"width: 285px\" class=\"wp-caption alignnone\"><img loading=\"lazy\" decoding=\"async\" class=\"wp-image-616 \" src=\"https:\/\/burgspiele-test.net\/wp-content\/uploads\/2017\/12\/8frauen-louise-200x300.jpg\" alt=\"\" width=\"285\" height=\"428\" srcset=\"https:\/\/burgspiele-test.net\/wp-content\/uploads\/2017\/12\/8frauen-louise-200x300.jpg 200w, https:\/\/burgspiele-test.net\/wp-content\/uploads\/2017\/12\/8frauen-louise-180x270.jpg 180w, https:\/\/burgspiele-test.net\/wp-content\/uploads\/2017\/12\/8frauen-louise.jpg 340w\" sizes=\"auto, (max-width: 285px) 100vw, 285px\" \/><figcaption id=\"caption-attachment-616\" class=\"wp-caption-text\"><em> &#8230; das Hausm\u00e4dchen Louise (alias Antje Kluzik)<\/em><\/figcaption><\/figure><\/td>\n<\/tr>\n<\/tbody>\n<\/table>\n<p>Und als schlie\u00dflich noch Pierrette (Donja Reichert), Marcels mond\u00e4ne Schwester mit undurchsichtiger Vergangenheit aufkreuzt, wird die Luft immer d\u00fcnner.<\/p>\n<figure id=\"attachment_615\" aria-describedby=\"caption-attachment-615\" style=\"width: 324px\" class=\"wp-caption aligncenter\"><img loading=\"lazy\" decoding=\"async\" class=\"wp-image-615 \" src=\"https:\/\/burgspiele-test.net\/wp-content\/uploads\/2017\/12\/8frauen-gaby-pierette-211x300.jpg\" alt=\"\" width=\"324\" height=\"461\" srcset=\"https:\/\/burgspiele-test.net\/wp-content\/uploads\/2017\/12\/8frauen-gaby-pierette-211x300.jpg 211w, https:\/\/burgspiele-test.net\/wp-content\/uploads\/2017\/12\/8frauen-gaby-pierette-190x270.jpg 190w, https:\/\/burgspiele-test.net\/wp-content\/uploads\/2017\/12\/8frauen-gaby-pierette.jpg 500w\" sizes=\"auto, (max-width: 324px) 100vw, 324px\" \/><figcaption id=\"caption-attachment-615\" class=\"wp-caption-text\"><em>Gaby (Susanne Rechner) und Pierrette (Donja Reichert)<\/em><\/figcaption><\/figure>\n<p>Dass die gesamte Inszenierung trotz allem Tiefsinn zuweilen augenzwinkernd parodistische Z\u00fcge aufweist, beweisen auch die musikalisch untermalten Ringk\u00e4mpfe, die sich einige der Streith\u00e4hne liefern. Sogar einzelne Requisiten im vom Artur Daiker aufw\u00e4ndig gestalteten B\u00fchnenbild fallen hier und da wie die Lebensl\u00fcge einiger Familienmitglieder in sich zusammen.<\/p>\n<p><img loading=\"lazy\" decoding=\"async\" class=\"alignnone wp-image-3242 size-medium\" src=\"https:\/\/burgspiele-test.net\/wp-content\/uploads\/2023\/01\/cropped-katharinaknie16-1038x491-1-300x142.jpg\" alt=\"\" width=\"300\" height=\"142\" srcset=\"https:\/\/burgspiele-test.net\/wp-content\/uploads\/2023\/01\/cropped-katharinaknie16-1038x491-1-300x142.jpg 300w, https:\/\/burgspiele-test.net\/wp-content\/uploads\/2023\/01\/cropped-katharinaknie16-1038x491-1-1024x484.jpg 1024w, https:\/\/burgspiele-test.net\/wp-content\/uploads\/2023\/01\/cropped-katharinaknie16-1038x491-1-768x363.jpg 768w, https:\/\/burgspiele-test.net\/wp-content\/uploads\/2023\/01\/cropped-katharinaknie16-1038x491-1.jpg 1038w\" sizes=\"auto, (max-width: 300px) 100vw, 300px\" \/><\/p>\n<p>Nach der \u00fcberraschenden Aufl\u00f6sung des spannenden Krimi-R\u00e4tsels werden die Altleininger Akteure zurecht mit reichlich Applaus gefeiert.<\/p>\n<figure id=\"attachment_619\" aria-describedby=\"caption-attachment-619\" style=\"width: 573px\" class=\"wp-caption aligncenter\"><img loading=\"lazy\" decoding=\"async\" class=\"wp-image-619 \" src=\"https:\/\/burgspiele-test.net\/wp-content\/uploads\/2017\/12\/8frauen-schlussbild-300x208.jpg\" alt=\"\" width=\"573\" height=\"397\" srcset=\"https:\/\/burgspiele-test.net\/wp-content\/uploads\/2017\/12\/8frauen-schlussbild-300x208.jpg 300w, https:\/\/burgspiele-test.net\/wp-content\/uploads\/2017\/12\/8frauen-schlussbild-389x270.jpg 389w, https:\/\/burgspiele-test.net\/wp-content\/uploads\/2017\/12\/8frauen-schlussbild.jpg 700w\" sizes=\"auto, (max-width: 573px) 100vw, 573px\" \/><figcaption id=\"caption-attachment-619\" class=\"wp-caption-text\"><em>Schlussbild, frei nach Loriot: &#8222;Das Bild hing schief &#8230;<\/em>&#8222;<\/figcaption><\/figure>\n","protected":false},"excerpt":{"rendered":"<p>&#8222;Die acht Frauen&#8220; (Susanne Back) Quelle: Verlag: DIE RHEINPFALZ, Publikation: Unterhaardter Rundschau, Dienstag, 22. Juni 2010 ALTLEININGEN: Wer hat den Papa ermordet? Gelungene Premiere der Kriminalkom\u00f6die &#8222;Die acht Frauen&#8220; bei den Altleininger Burgspielen Was tun acht v\u00f6llig von der Au\u00dfenwelt&hellip; <\/p>\n","protected":false},"author":1,"featured_media":0,"parent":187,"menu_order":0,"comment_status":"closed","ping_status":"closed","template":"","meta":{"footnotes":""},"class_list":["post-1130","page","type-page","status-publish","hentry"],"_links":{"self":[{"href":"https:\/\/burgspiele-test.net\/index.php?rest_route=\/wp\/v2\/pages\/1130","targetHints":{"allow":["GET"]}}],"collection":[{"href":"https:\/\/burgspiele-test.net\/index.php?rest_route=\/wp\/v2\/pages"}],"about":[{"href":"https:\/\/burgspiele-test.net\/index.php?rest_route=\/wp\/v2\/types\/page"}],"author":[{"embeddable":true,"href":"https:\/\/burgspiele-test.net\/index.php?rest_route=\/wp\/v2\/users\/1"}],"replies":[{"embeddable":true,"href":"https:\/\/burgspiele-test.net\/index.php?rest_route=%2Fwp%2Fv2%2Fcomments&post=1130"}],"version-history":[{"count":15,"href":"https:\/\/burgspiele-test.net\/index.php?rest_route=\/wp\/v2\/pages\/1130\/revisions"}],"predecessor-version":[{"id":3252,"href":"https:\/\/burgspiele-test.net\/index.php?rest_route=\/wp\/v2\/pages\/1130\/revisions\/3252"}],"up":[{"embeddable":true,"href":"https:\/\/burgspiele-test.net\/index.php?rest_route=\/wp\/v2\/pages\/187"}],"wp:attachment":[{"href":"https:\/\/burgspiele-test.net\/index.php?rest_route=%2Fwp%2Fv2%2Fmedia&parent=1130"}],"curies":[{"name":"wp","href":"https:\/\/api.w.org\/{rel}","templated":true}]}}