{"id":1119,"date":"2018-02-10T14:38:50","date_gmt":"2018-02-10T14:38:50","guid":{"rendered":"http:\/\/burgspiele-altleiningen.net\/?page_id=1119"},"modified":"2018-02-10T14:41:56","modified_gmt":"2018-02-10T14:41:56","slug":"2008-wie-das-leben-so-stiehlt","status":"publish","type":"page","link":"https:\/\/burgspiele-test.net\/?page_id=1119","title":{"rendered":"2008 &#8211; Wie das Leben so stiehlt"},"content":{"rendered":"<h3 style=\"text-align: center;\">&#8218;Wie das Leben so stiehlt&#8216;<\/h3>\n<p style=\"text-align: center;\"><em><span class=\"style8\">(Brave Diebe) <\/span><\/em><br \/>\n<em> <span class=\"style8\">Flotte Kriminalkom\u00f6die von Jack Popplewell in 3 Akten<\/span><\/em><\/p>\n<p>Zum Inhalt:<\/p>\n<p>David, der Sohn von Lady Warren, lebt mit seinem Diener Wilkinson in einem vornehmen Penthouse in der Londoner City und verbringt seine Tage mit seiner Verlobten Helen Chandler und s\u00fc\u00dfem Nichtstun.<\/p>\n<p>Georg Kirchner als David Warren<\/p>\n<p>links: Kim G\u00f6ssling als Penelope Peabody<\/p>\n<p>rechts: Kerstin Eisel in der Rolle der Verlobten Helen Chandler<\/p>\n<p>Eines Nachts ertappt er die Einbrecherin Penny in seiner Wohnung auf frischer Tat.<\/p>\n<p>Sie setzt ihm als erstes ob seines M\u00fc\u00dfigganges den Kopf zurecht, um ihm diesen anschlie\u00dfend nach allen Regeln der Kunst zu verdrehen.<\/p>\n<p>Wie das Leben eben so stiehlt&#8230;..<\/p>\n<p>[huge_it_slider id=&#8220;8 &#8222;]<\/p>\n","protected":false},"excerpt":{"rendered":"<p>&#8218;Wie das Leben so stiehlt&#8216; (Brave Diebe) Flotte Kriminalkom\u00f6die von Jack Popplewell in 3 Akten Zum Inhalt: David, der Sohn von Lady Warren, lebt mit seinem Diener Wilkinson in einem vornehmen Penthouse in der Londoner City und verbringt seine Tage&hellip; <\/p>\n","protected":false},"author":1,"featured_media":0,"parent":71,"menu_order":0,"comment_status":"closed","ping_status":"closed","template":"","meta":{"footnotes":""},"class_list":["post-1119","page","type-page","status-publish","hentry"],"_links":{"self":[{"href":"https:\/\/burgspiele-test.net\/index.php?rest_route=\/wp\/v2\/pages\/1119","targetHints":{"allow":["GET"]}}],"collection":[{"href":"https:\/\/burgspiele-test.net\/index.php?rest_route=\/wp\/v2\/pages"}],"about":[{"href":"https:\/\/burgspiele-test.net\/index.php?rest_route=\/wp\/v2\/types\/page"}],"author":[{"embeddable":true,"href":"https:\/\/burgspiele-test.net\/index.php?rest_route=\/wp\/v2\/users\/1"}],"replies":[{"embeddable":true,"href":"https:\/\/burgspiele-test.net\/index.php?rest_route=%2Fwp%2Fv2%2Fcomments&post=1119"}],"version-history":[{"count":2,"href":"https:\/\/burgspiele-test.net\/index.php?rest_route=\/wp\/v2\/pages\/1119\/revisions"}],"predecessor-version":[{"id":1124,"href":"https:\/\/burgspiele-test.net\/index.php?rest_route=\/wp\/v2\/pages\/1119\/revisions\/1124"}],"up":[{"embeddable":true,"href":"https:\/\/burgspiele-test.net\/index.php?rest_route=\/wp\/v2\/pages\/71"}],"wp:attachment":[{"href":"https:\/\/burgspiele-test.net\/index.php?rest_route=%2Fwp%2Fv2%2Fmedia&parent=1119"}],"curies":[{"name":"wp","href":"https:\/\/api.w.org\/{rel}","templated":true}]}}