{"id":1104,"date":"2018-02-10T14:30:08","date_gmt":"2018-02-10T14:30:08","guid":{"rendered":"http:\/\/burgspiele-altleiningen.net\/?page_id=1104"},"modified":"2018-02-10T14:35:37","modified_gmt":"2018-02-10T14:35:37","slug":"2009-brueder-loewenherz","status":"publish","type":"page","link":"https:\/\/burgspiele-test.net\/?page_id=1104","title":{"rendered":"2009 &#8211; Br\u00fcder L\u00f6wenherz"},"content":{"rendered":"<h3 style=\"text-align: center;\">&#8218;Br\u00fcder L\u00f6wenherz&#8216;<\/h3>\n<p style=\"text-align: center;\">(<span class=\"style8\"><em>Nach einem Buch von Astrid Lindgren)<\/em> <\/span><\/p>\n<p>&nbsp;<\/p>\n<p>Zum Inhalt:<\/p>\n<p>Jonathan und Karl, genannt Kr\u00fcmel, sind Br\u00fcder und enge Vertraute. Jonathan k\u00fcmmert sich liebevoll um seinen kleinen Bruder, der unheilbar krank das Bett h\u00fcten muss und gro\u00dfe Angst vor dem Sterben hat.<\/p>\n<p>Bei einem folgenschweren Unfall setzt Jonathan sein Leben f\u00fcr die Rettung Kr\u00fcmels ein und stirbt. Kr\u00fcmel ist pl\u00f6tzlich alleine doch voller Hoffnung, denn er glaubt an ein Wiedersehen in Nangijala, dem Land, von dem ihm Jonathan immer erz\u00e4hlt hat. Als Kr\u00fcmel stirbt, findet er sich im Kirschtal in Nangijala wieder. Er trifft tats\u00e4chlich Jonathan und lernt neue Freunde kennen. Aber irgendein dunkles Geheimnis gibt es und er muss lernen, was es hei\u00dft, f\u00fcr seine \u00dcberzeugung einzustehen und die eigene Angst zu \u00fcberwinden.<\/p>\n<p>Er nutzt die Chance, sein eigenes \u201eL\u00f6wenherz\u201c zu entdecken und gemeinsam mit Jonathan ein gro\u00dfes Abenteuer zu bestehen.<\/p>\n<p>[huge_it_slider id=&#8220;7 &#8222;]<\/p>\n","protected":false},"excerpt":{"rendered":"<p>&#8218;Br\u00fcder L\u00f6wenherz&#8216; (Nach einem Buch von Astrid Lindgren) &nbsp; Zum Inhalt: Jonathan und Karl, genannt Kr\u00fcmel, sind Br\u00fcder und enge Vertraute. Jonathan k\u00fcmmert sich liebevoll um seinen kleinen Bruder, der unheilbar krank das Bett h\u00fcten muss und gro\u00dfe Angst vor&hellip; <\/p>\n","protected":false},"author":1,"featured_media":0,"parent":71,"menu_order":0,"comment_status":"closed","ping_status":"closed","template":"","meta":{"footnotes":""},"class_list":["post-1104","page","type-page","status-publish","hentry"],"_links":{"self":[{"href":"https:\/\/burgspiele-test.net\/index.php?rest_route=\/wp\/v2\/pages\/1104","targetHints":{"allow":["GET"]}}],"collection":[{"href":"https:\/\/burgspiele-test.net\/index.php?rest_route=\/wp\/v2\/pages"}],"about":[{"href":"https:\/\/burgspiele-test.net\/index.php?rest_route=\/wp\/v2\/types\/page"}],"author":[{"embeddable":true,"href":"https:\/\/burgspiele-test.net\/index.php?rest_route=\/wp\/v2\/users\/1"}],"replies":[{"embeddable":true,"href":"https:\/\/burgspiele-test.net\/index.php?rest_route=%2Fwp%2Fv2%2Fcomments&post=1104"}],"version-history":[{"count":2,"href":"https:\/\/burgspiele-test.net\/index.php?rest_route=\/wp\/v2\/pages\/1104\/revisions"}],"predecessor-version":[{"id":1118,"href":"https:\/\/burgspiele-test.net\/index.php?rest_route=\/wp\/v2\/pages\/1104\/revisions\/1118"}],"up":[{"embeddable":true,"href":"https:\/\/burgspiele-test.net\/index.php?rest_route=\/wp\/v2\/pages\/71"}],"wp:attachment":[{"href":"https:\/\/burgspiele-test.net\/index.php?rest_route=%2Fwp%2Fv2%2Fmedia&parent=1104"}],"curies":[{"name":"wp","href":"https:\/\/api.w.org\/{rel}","templated":true}]}}