{"id":1094,"date":"2018-02-10T14:23:55","date_gmt":"2018-02-10T14:23:55","guid":{"rendered":"http:\/\/burgspiele-altleiningen.net\/?page_id=1094"},"modified":"2018-02-10T14:29:02","modified_gmt":"2018-02-10T14:29:02","slug":"2010-die-8-frauen","status":"publish","type":"page","link":"https:\/\/burgspiele-test.net\/?page_id=1094","title":{"rendered":"2010 &#8211; Die acht Frauen"},"content":{"rendered":"<h3 style=\"text-align: center;\">&#8218;Die acht Frauen&#8216;<\/h3>\n<p style=\"text-align: center;\"><em><span class=\"style7\">von Robert Thomas <\/span><\/em><br \/>\n<em> <span class=\"style7\">(erschienen im Verlag Ahn &amp; Simrock) <\/span><\/em><\/p>\n<p>&nbsp;<\/p>\n<p>Zum Inhalt:<\/p>\n<p>Frankreich in den 50er Jahren des letzten Jahrhunderts:<\/p>\n<p>Zum Weihnachtsfest versammelt sich auf einem herrschaftlichen Landsitz in der Provinz die Familie eines wohlhabenden Fabrikanten.<\/p>\n<p>Als der Hausherr am Morgen ermordet aufgefunden wird, ist schnell klar, dass nur eine der anwesenden acht Frauen die M\u00f6rderin gewesen sein kann. Da jede der Damen ihr pers\u00f6nliches Geheimnis vor den anderen bewahren will, macht sich auch jede verd\u00e4chtig.<\/p>\n<p>Ein spannendes Vergn\u00fcgen zum Mitraten erwartet Sie!<\/p>\n<p>Freuen Sie sich auf eine Kriminalkom\u00f6die, die mit einem Augenzwinkern einen Blick hinter br\u00f6ckelnde Fassaden gew\u00e4hrt.<\/p>\n<p>[huge_it_slider id=&#8220;6 &#8222;]<\/p>\n","protected":false},"excerpt":{"rendered":"<p>&#8218;Die acht Frauen&#8216; von Robert Thomas (erschienen im Verlag Ahn &amp; Simrock) &nbsp; Zum Inhalt: Frankreich in den 50er Jahren des letzten Jahrhunderts: Zum Weihnachtsfest versammelt sich auf einem herrschaftlichen Landsitz in der Provinz die Familie eines wohlhabenden Fabrikanten. Als&hellip; <\/p>\n","protected":false},"author":1,"featured_media":0,"parent":71,"menu_order":0,"comment_status":"closed","ping_status":"closed","template":"","meta":{"footnotes":""},"class_list":["post-1094","page","type-page","status-publish","hentry"],"_links":{"self":[{"href":"https:\/\/burgspiele-test.net\/index.php?rest_route=\/wp\/v2\/pages\/1094","targetHints":{"allow":["GET"]}}],"collection":[{"href":"https:\/\/burgspiele-test.net\/index.php?rest_route=\/wp\/v2\/pages"}],"about":[{"href":"https:\/\/burgspiele-test.net\/index.php?rest_route=\/wp\/v2\/types\/page"}],"author":[{"embeddable":true,"href":"https:\/\/burgspiele-test.net\/index.php?rest_route=\/wp\/v2\/users\/1"}],"replies":[{"embeddable":true,"href":"https:\/\/burgspiele-test.net\/index.php?rest_route=%2Fwp%2Fv2%2Fcomments&post=1094"}],"version-history":[{"count":3,"href":"https:\/\/burgspiele-test.net\/index.php?rest_route=\/wp\/v2\/pages\/1094\/revisions"}],"predecessor-version":[{"id":1103,"href":"https:\/\/burgspiele-test.net\/index.php?rest_route=\/wp\/v2\/pages\/1094\/revisions\/1103"}],"up":[{"embeddable":true,"href":"https:\/\/burgspiele-test.net\/index.php?rest_route=\/wp\/v2\/pages\/71"}],"wp:attachment":[{"href":"https:\/\/burgspiele-test.net\/index.php?rest_route=%2Fwp%2Fv2%2Fmedia&parent=1094"}],"curies":[{"name":"wp","href":"https:\/\/api.w.org\/{rel}","templated":true}]}}