{"id":1068,"date":"2018-02-10T14:11:10","date_gmt":"2018-02-10T14:11:10","guid":{"rendered":"http:\/\/burgspiele-altleiningen.net\/?page_id=1068"},"modified":"2018-02-10T14:22:42","modified_gmt":"2018-02-10T14:22:42","slug":"2011-was-ihr-wollt","status":"publish","type":"page","link":"https:\/\/burgspiele-test.net\/?page_id=1068","title":{"rendered":"2011 &#8211; Was Ihr wollt"},"content":{"rendered":"<h6 style=\"text-align: center;\">&#8218;Was ihr wollt&#8216;<\/h6>\n<p style=\"text-align: center;\"><span class=\"style8\"><em>(William Shakespeare)<\/em> <\/span><\/p>\n<p>&nbsp;<\/p>\n<p>Im Sommer 2011 zeigten wir Ihnen &#8222;Was ihr wollt&#8220;: eine der beliebtesten, aber auch vielschichtigsten Kom\u00f6dien William Shakespeares.<\/p>\n<p>Verspielt und mit zahlreichen Wendungen zeigt sie drei Menschen, die einander in unerf\u00fcllbarer Liebe ergeben sind, woraus nur das \u00fcberraschende Auftauchen eines totgeglaubten vierten zum gl\u00fccklichen Ende f\u00fchrt.<\/p>\n<p>Daneben drei Menschen, die durch einen vierten so in Rage gebracht werden, dass sie wiederum ihn durch eine Intrige schier in den Wahnsinn treiben.<\/p>\n<p>Nicht zu vergessen den klugen Narren, der das Geschehen kommentiert:<br \/>\n&#8222;Narren verhalten sich zu Ehem\u00e4nnern wie Sardellen zu Heringen: Der Ehemann ist der gr\u00f6\u00dfte von beiden.&#8220;<\/p>\n<p>&nbsp;<\/p>\n<p>[huge_it_slider id=&#8220;5 &#8222;]<\/p>\n","protected":false},"excerpt":{"rendered":"<p>&#8218;Was ihr wollt&#8216; (William Shakespeare) &nbsp; Im Sommer 2011 zeigten wir Ihnen &#8222;Was ihr wollt&#8220;: eine der beliebtesten, aber auch vielschichtigsten Kom\u00f6dien William Shakespeares. Verspielt und mit zahlreichen Wendungen zeigt sie drei Menschen, die einander in unerf\u00fcllbarer Liebe ergeben sind,&hellip; <\/p>\n","protected":false},"author":1,"featured_media":0,"parent":71,"menu_order":0,"comment_status":"closed","ping_status":"closed","template":"","meta":{"footnotes":""},"class_list":["post-1068","page","type-page","status-publish","hentry"],"_links":{"self":[{"href":"https:\/\/burgspiele-test.net\/index.php?rest_route=\/wp\/v2\/pages\/1068","targetHints":{"allow":["GET"]}}],"collection":[{"href":"https:\/\/burgspiele-test.net\/index.php?rest_route=\/wp\/v2\/pages"}],"about":[{"href":"https:\/\/burgspiele-test.net\/index.php?rest_route=\/wp\/v2\/types\/page"}],"author":[{"embeddable":true,"href":"https:\/\/burgspiele-test.net\/index.php?rest_route=\/wp\/v2\/users\/1"}],"replies":[{"embeddable":true,"href":"https:\/\/burgspiele-test.net\/index.php?rest_route=%2Fwp%2Fv2%2Fcomments&post=1068"}],"version-history":[{"count":3,"href":"https:\/\/burgspiele-test.net\/index.php?rest_route=\/wp\/v2\/pages\/1068\/revisions"}],"predecessor-version":[{"id":1093,"href":"https:\/\/burgspiele-test.net\/index.php?rest_route=\/wp\/v2\/pages\/1068\/revisions\/1093"}],"up":[{"embeddable":true,"href":"https:\/\/burgspiele-test.net\/index.php?rest_route=\/wp\/v2\/pages\/71"}],"wp:attachment":[{"href":"https:\/\/burgspiele-test.net\/index.php?rest_route=%2Fwp%2Fv2%2Fmedia&parent=1068"}],"curies":[{"name":"wp","href":"https:\/\/api.w.org\/{rel}","templated":true}]}}