{"id":1050,"date":"2018-02-10T13:59:31","date_gmt":"2018-02-10T13:59:31","guid":{"rendered":"http:\/\/burgspiele-altleiningen.net\/?page_id=1050"},"modified":"2018-02-10T13:59:31","modified_gmt":"2018-02-10T13:59:31","slug":"2000-vor-den-erfolg-haben-die-goetter-beton-fels-und-schutt-gesetzt","status":"publish","type":"page","link":"https:\/\/burgspiele-test.net\/?page_id=1050","title":{"rendered":"2000 &#8211; Vor den Erfolg haben die G\u00f6tter Beton, Fels und Schutt gesetzt"},"content":{"rendered":"<h6 style=\"text-align: center;\"><b><span style=\"font-family: 'Arial','sans-serif';\"><em>Vor den Erfolg haben die G\u00f6tter Beton, Fels und Schutt gesetzt<\/em> <\/span><\/b><\/h6>\n<p style=\"text-align: center;\"><em><span style=\"font-size: 13.5pt; font-family: 'Arial', 'sans-serif';\">Rheinpfalz vom 17.06.2000<\/span><\/em><\/p>\n<h6 style=\"text-align: center;\"><span style=\"font-family: 'Arial','sans-serif';\">ALTLEININGEN:<\/span><span style=\"font-family: 'Arial','sans-serif';\"> Manches ist anders, vieles ist ganz neu &#8211; Jede Inszenierung kostet rund 20.000 Mark <\/span><\/h6>\n<p><span style=\"font-family: 'Arial','sans-serif';\">\u00a0<\/span><\/p>\n<p><span style=\"font-family: 'Arial','sans-serif';\">Auch in der Jubil\u00e4umssaison der Altleininger Burgspiele, die mit dem &#8220;Sommernachtstraum&#8220; einen echten Klassiker auf dem Programm haben, werden zu zw\u00f6lf Auff\u00fchrungen erneut knapp 3000 Besucher erwartet. F\u00fcr mehr ist kein Platz. Das alte Problem des knappen Kartenkontingents ist das neue geblieben.<\/span><\/p>\n<p><span style=\"font-family: 'Arial','sans-serif';\">In diesem Jahr ist aber auch vieles anders als fr\u00fcher, manches sogar ganz neu. Zum Beispiel der Theaterraum in der alten Ehrenhalle: Er hat in fast zweij\u00e4hriger Arbeit ein ganz anderes Gesicht erhalten. Das meiste wurde in Eigenarbeit von den Mitgliedern der Schauspieltruppe selbst geleistet. Nach dem Motto &#8220;Aus Alt mach Neu&#8220; wurde gewerkelt, gemauert, gebuddelt, geschwei\u00dft, gepflastert, gehobelt, gefliest, gemalt, gestrichen, gebaut. Vor den Erfolg haben die G\u00f6tter bekanntlich den Schwei\u00df gesetzt. <\/span><\/p>\n<p><span style=\"font-family: 'Arial','sans-serif';\">Das war auch in Altleiningen nicht anders. Es tauchten n\u00e4mlich auch unvorhergesehene Schwierigkeiten auf: Zun\u00e4chst wurde das gesamte Werkzeug, in einem Stahlschrank eingeschlossen, zur Beute von Einbrechern! Dann scheiterte ein Bagger an der meterdicken Betondecke. Schlie\u00dflich kam Bauschutt aus den 60er Jahren zum Vorschein. Sandsteine und Felsen waren hinderlich, letztlich aber f\u00fcr die Aktiven nicht un\u00fcberwindbar. Die Arbeiten reichten vom Keller bis zur neuen Empore. Im Zuschauerraum wurde der Boden tiefer gelegt, die Sitzreihen steigen nun leicht an, ohne Stufen. Die B\u00fchne wurde vergr\u00f6\u00dfert, auch eine Souffleuse hat nun ihr &#8220;K\u00e4stchen&#8220; (Foto); dadurch entfielen einige Sitzreihen, das Platzangebot (220 Sitze) blieb aber erhalten, weil eine elegante Trib\u00fcne eingezogen wurde. Es gibt einen behindertengerechten direkten Zugang. Fenster und Tore wurden erneuert. Marmor-Restplatten vom Burgumbau fanden Verwendung. Sogar eine Fu\u00dfbodenheizung ist installiert worden. Die Licht- und Tontechnik ist auf neuestem Stand. 1000 Meter Kabel wurden neu eingezogen. Notbeleuchtung und Fluchtg\u00e4nge entsprechen endg\u00fcltig den Vorschriften. <\/span><\/p>\n<p><span style=\"font-family: 'Arial','sans-serif';\">Nun ist alle M\u00fchsal vor\u00fcber, die Proben sind beendet &#8211; die Kost\u00fcme wie alle Jahre selbst gen\u00e4ht, das B\u00fchnenbild gebastelt &#8211; die Stunden vor der Premiere lassen die Spannung bei den \u00fcber 20 Mitwirkenden auf der B\u00fchne und den vielen anderen hinter den Kulissen auf den Siedepunkt steigen. Ein bisschen hat das Schauspielern auch mit Geld zu tun, obwohl die Burgspieler allesamt unentgeltlich mitwirken. Ihr Lohn: Zwei Freikarten und ein Getr\u00e4nk. <\/span><\/p>\n<p><span style=\"font-family: 'Arial','sans-serif';\">Vielleicht, wenn am Ende noch etwas \u00fcbrig bleibt, eine gemeinsame Fahrt zu einer anderen Freilichtb\u00fchne. Man will halt mal sehen, wie&#8217;s die anderen machen. <\/span><\/p>\n<p><span style=\"font-family: 'Arial','sans-serif';\">Auf rund 20.000 Mark wird die Inszenierung einer Spielzeit kalkuliert. Ein relativ bescheidener Betrag &#8211; dank des ehrenamtlichen Engagements. Die Eintrittsgelder decken die Kosten gerade mal ab. Im Jahr der gewaltigen Neuinvestitionen sind einzelne Mitwirkende auch selbst mit zinslosen Krediten eingesprungen, viele kleine und einige gr\u00f6\u00dfere Spenden waren als hilfreiche Unterst\u00fctzung willkommen. <\/span><\/p>\n<p><span style=\"font-family: 'Arial','sans-serif';\">Die Ortsgemeinde Altleiningen hat 70 alte St\u00fchle gestiftet, in Handarbeit wurden sie neu bezogen &#8211; nat\u00fcrlich von einigen der Vereinsmitglieder.<\/span><\/p>\n","protected":false},"excerpt":{"rendered":"<p>Vor den Erfolg haben die G\u00f6tter Beton, Fels und Schutt gesetzt Rheinpfalz vom 17.06.2000 ALTLEININGEN: Manches ist anders, vieles ist ganz neu &#8211; Jede Inszenierung kostet rund 20.000 Mark \u00a0 Auch in der Jubil\u00e4umssaison der Altleininger Burgspiele, die mit dem&hellip; <\/p>\n","protected":false},"author":3,"featured_media":0,"parent":187,"menu_order":0,"comment_status":"closed","ping_status":"closed","template":"","meta":{"footnotes":""},"class_list":["post-1050","page","type-page","status-publish","hentry"],"_links":{"self":[{"href":"https:\/\/burgspiele-test.net\/index.php?rest_route=\/wp\/v2\/pages\/1050","targetHints":{"allow":["GET"]}}],"collection":[{"href":"https:\/\/burgspiele-test.net\/index.php?rest_route=\/wp\/v2\/pages"}],"about":[{"href":"https:\/\/burgspiele-test.net\/index.php?rest_route=\/wp\/v2\/types\/page"}],"author":[{"embeddable":true,"href":"https:\/\/burgspiele-test.net\/index.php?rest_route=\/wp\/v2\/users\/3"}],"replies":[{"embeddable":true,"href":"https:\/\/burgspiele-test.net\/index.php?rest_route=%2Fwp%2Fv2%2Fcomments&post=1050"}],"version-history":[{"count":2,"href":"https:\/\/burgspiele-test.net\/index.php?rest_route=\/wp\/v2\/pages\/1050\/revisions"}],"predecessor-version":[{"id":1053,"href":"https:\/\/burgspiele-test.net\/index.php?rest_route=\/wp\/v2\/pages\/1050\/revisions\/1053"}],"up":[{"embeddable":true,"href":"https:\/\/burgspiele-test.net\/index.php?rest_route=\/wp\/v2\/pages\/187"}],"wp:attachment":[{"href":"https:\/\/burgspiele-test.net\/index.php?rest_route=%2Fwp%2Fv2%2Fmedia&parent=1050"}],"curies":[{"name":"wp","href":"https:\/\/api.w.org\/{rel}","templated":true}]}}