{"id":1045,"date":"2018-02-10T13:57:02","date_gmt":"2018-02-10T13:57:02","guid":{"rendered":"http:\/\/burgspiele-altleiningen.net\/?page_id=1045"},"modified":"2018-02-23T20:27:10","modified_gmt":"2018-02-23T20:27:10","slug":"2012-kennen-sie-die-milchstrasse","status":"publish","type":"page","link":"https:\/\/burgspiele-test.net\/?page_id=1045","title":{"rendered":"2012 &#8211; Kennen Sie die Milchstra\u00dfe"},"content":{"rendered":"<h3 style=\"text-align: center;\">&#8222;Kennen Sie die Milchstra\u00dfe&#8220;<\/h3>\n<p style=\"text-align: center;\"><em>(Eine Integrations-Kom\u00f6die von Karl Wittlinger)<\/em><\/p>\n<p>&nbsp;<\/p>\n<p>Samuel Kiefer hat nur einen Wunsch: er m\u00f6chte endlich dazugeh\u00f6ren, ein Leben wie alle anderen f\u00fchren, eine Heimat haben. Aber starrsinnige Beh\u00f6rden, verschiedene Missverst\u00e4ndnisse und sein eigener, hoher moralischer Anspruch verhindern dies immer wieder.<br \/>\n<img loading=\"lazy\" decoding=\"async\" class=\"alignnone size-medium wp-image-645\" src=\"https:\/\/burgspiele-test.net\/wp-content\/uploads\/2017\/12\/milchstrasse-eingang-215x300.jpg\" alt=\"\" width=\"215\" height=\"300\" srcset=\"https:\/\/burgspiele-test.net\/wp-content\/uploads\/2017\/12\/milchstrasse-eingang-215x300.jpg 215w, https:\/\/burgspiele-test.net\/wp-content\/uploads\/2017\/12\/milchstrasse-eingang-194x270.jpg 194w, https:\/\/burgspiele-test.net\/wp-content\/uploads\/2017\/12\/milchstrasse-eingang.jpg 500w\" sizes=\"auto, (max-width: 215px) 100vw, 215px\" \/> <\/p>\n<p>Mit kindlich-naivem Optimismus gelingt es ihm, durch alle Widrigkeiten zu man\u00f6vrieren und schlie\u00dflich seinen \u201eHeimatstern\u201c zu finden. <img loading=\"lazy\" decoding=\"async\" class=\"alignnone size-medium wp-image-642\" src=\"https:\/\/burgspiele-test.net\/wp-content\/uploads\/2017\/12\/milchstrasse-clowns-300x182.jpg\" alt=\"\" width=\"300\" height=\"182\" srcset=\"https:\/\/burgspiele-test.net\/wp-content\/uploads\/2017\/12\/milchstrasse-clowns-300x182.jpg 300w, https:\/\/burgspiele-test.net\/wp-content\/uploads\/2017\/12\/milchstrasse-clowns-444x270.jpg 444w, https:\/\/burgspiele-test.net\/wp-content\/uploads\/2017\/12\/milchstrasse-clowns.jpg 750w\" sizes=\"auto, (max-width: 300px) 100vw, 300px\" \/> <\/p>\n<p>Karl Wittlinger schrieb diese Kom\u00f6die Ende der 1950 Jahre und schuf damit eines der damals meistgespielten St\u00fccke auf deutschen B\u00fchnen. <img loading=\"lazy\" decoding=\"async\" class=\"alignnone size-medium wp-image-658\" src=\"https:\/\/burgspiele-test.net\/wp-content\/uploads\/2017\/12\/milchstrasse-amt-199x300.jpg\" alt=\"\" width=\"199\" height=\"300\" srcset=\"https:\/\/burgspiele-test.net\/wp-content\/uploads\/2017\/12\/milchstrasse-amt-199x300.jpg 199w, https:\/\/burgspiele-test.net\/wp-content\/uploads\/2017\/12\/milchstrasse-amt-180x270.jpg 180w, https:\/\/burgspiele-test.net\/wp-content\/uploads\/2017\/12\/milchstrasse-amt.jpg 500w\" sizes=\"auto, (max-width: 199px) 100vw, 199px\" \/><\/p>\n","protected":false},"excerpt":{"rendered":"<p>&#8222;Kennen Sie die Milchstra\u00dfe&#8220; (Eine Integrations-Kom\u00f6die von Karl Wittlinger) &nbsp; Samuel Kiefer hat nur einen Wunsch: er m\u00f6chte endlich dazugeh\u00f6ren, ein Leben wie alle anderen f\u00fchren, eine Heimat haben. Aber starrsinnige Beh\u00f6rden, verschiedene Missverst\u00e4ndnisse und sein eigener, hoher moralischer Anspruch&hellip; <\/p>\n","protected":false},"author":1,"featured_media":0,"parent":71,"menu_order":0,"comment_status":"closed","ping_status":"closed","template":"","meta":{"footnotes":""},"class_list":["post-1045","page","type-page","status-publish","hentry"],"_links":{"self":[{"href":"https:\/\/burgspiele-test.net\/index.php?rest_route=\/wp\/v2\/pages\/1045","targetHints":{"allow":["GET"]}}],"collection":[{"href":"https:\/\/burgspiele-test.net\/index.php?rest_route=\/wp\/v2\/pages"}],"about":[{"href":"https:\/\/burgspiele-test.net\/index.php?rest_route=\/wp\/v2\/types\/page"}],"author":[{"embeddable":true,"href":"https:\/\/burgspiele-test.net\/index.php?rest_route=\/wp\/v2\/users\/1"}],"replies":[{"embeddable":true,"href":"https:\/\/burgspiele-test.net\/index.php?rest_route=%2Fwp%2Fv2%2Fcomments&post=1045"}],"version-history":[{"count":12,"href":"https:\/\/burgspiele-test.net\/index.php?rest_route=\/wp\/v2\/pages\/1045\/revisions"}],"predecessor-version":[{"id":1470,"href":"https:\/\/burgspiele-test.net\/index.php?rest_route=\/wp\/v2\/pages\/1045\/revisions\/1470"}],"up":[{"embeddable":true,"href":"https:\/\/burgspiele-test.net\/index.php?rest_route=\/wp\/v2\/pages\/71"}],"wp:attachment":[{"href":"https:\/\/burgspiele-test.net\/index.php?rest_route=%2Fwp%2Fv2%2Fmedia&parent=1045"}],"curies":[{"name":"wp","href":"https:\/\/api.w.org\/{rel}","templated":true}]}}