{"id":1026,"date":"2018-02-10T13:46:18","date_gmt":"2018-02-10T13:46:18","guid":{"rendered":"http:\/\/burgspiele-altleiningen.net\/?page_id=1026"},"modified":"2018-02-10T13:48:42","modified_gmt":"2018-02-10T13:48:42","slug":"2000-liselott-von-der-pfalz-im-doppelpack","status":"publish","type":"page","link":"https:\/\/burgspiele-test.net\/?page_id=1026","title":{"rendered":"2000 &#8211; &#8222;Liselott von der Pfalz&#8220; im Doppelpack"},"content":{"rendered":"<p>&nbsp;<\/p>\n<h6 style=\"text-align: center;\"><em><b><span style=\"font-family: 'Arial', 'sans-serif';\">&#8222;Liselott von der Pfalz&#8220; <\/span><\/b><\/em><b><span style=\"font-family: 'Arial','sans-serif';\"><em>im Doppelpack<\/em> <\/span><\/b><\/h6>\n<p style=\"text-align: center;\"><em><span style=\"font-size: 13.5pt; font-family: 'Arial', 'sans-serif';\">Rheinpfalz vom 10.06.2000<\/span><\/em><b><\/b><\/p>\n<h6 style=\"text-align: center;\"><em><span style=\"font-family: 'Arial', 'sans-serif';\">ALTLEININGEN:<\/span><\/em><span style=\"font-family: 'Arial','sans-serif';\"><em> Mutter und Tochter \u00fcbernehmen Regieaufgaben<\/em> <\/span><\/h6>\n<p>&nbsp;<\/p>\n<p><span style=\"font-family: 'Arial','sans-serif';\">Eigentlich sollte das erste St\u00fcck, das vor 20 Jahren auf der Altleininger Burg aufgef\u00fchrt wurde, ein einmaliges Experiment bleiben, nur f\u00fcrs Jubil\u00e4um der Gemeinde Altleiningen. Doch der \u00fcberw\u00e4ltigende Erfolg erzwang die Fortf\u00fchrung der Spiele. <\/span><\/p>\n<p><span style=\"font-family: 'Arial','sans-serif';\">Blutige Laien waren es damals, die auf der B\u00fchne standen, verst\u00e4rkt durch drei Freunde von der Mannheimer Freilichtb\u00fchne. Im zweiten Jahr bestand das Ensemble nur noch aus Einheimischen; sie legten sich mit Begeisterung und Engagement ins Zeug, die positive Publikumsresonanz steigerte sich weiter. <\/span><\/p>\n<p><span style=\"font-family: 'Arial','sans-serif';\">Von 1980 bis 1983 war Willy Rechner f\u00fcr die Regie verantwortlich; sein fr\u00fcher Tod war wie ein Keulenschlag. Die bange Frage: Geht&#8217;s jetzt \u00fcberhaupt weiter? Die Gruppe wollte weiter machen. F\u00fcr 1984 hatte der v\u00e4terliche Freund das St\u00fcck (&#8220;Liebe macht erfinderisch&#8220;) bereits ausgesucht, das B\u00fchnenbild konzipiert. Susanne und Gerlinde Rechner, Tochter und Ehefrau, \u00fcbernahmen die Regie. <\/span><\/p>\n<p><span style=\"font-family: 'Arial','sans-serif';\">Im darauf folgenden Jahr wurde der Begr\u00fcnder der Burgspiele mit dem schon fr\u00fcher geschriebenen St\u00fcck &#8220;Narretei zu Leiningen&#8220; posthum geehrt. Der Autor dieser Posse wurde zwar als Pedro Parellio angegeben, doch Eingeweihten wurde bald bekannt, dass der alte Theaterhase Rechner sich angew\u00f6hnt hatte, einige seiner St\u00fccke unter diesem Pseudonym zu schreiben. Der Siegeszug der Spiele war nicht mehr aufzuhalten, die Begeisterung hielt an. 1986 stand &#8220;Liselott von der Pfalz&#8220; auf dem Programm, eine sehr aufwendige Inszenierung, das bisher erfolgreichste St\u00fcck. Es wurde zwei Jahre hintereinander gespielt. <\/span><\/p>\n<p><span style=\"font-family: 'Arial','sans-serif';\">Carsten G\u00f6\u00dfling, 1. Vorsitzender der Burgspiele, wuchs in neue Rollen hinein und \u00fcbernahm auch Regieaufgaben. Nach 1998 (&#8220;Die kluge N\u00e4rrin&#8220;) sind er und Susanne Rechner auch dieses Jahr f\u00fcr die Inszenierung verantwortlich; au\u00dferdem hat er die Begleitmusik komponiert. (tpr)<\/span><\/p>\n","protected":false},"excerpt":{"rendered":"<p>&nbsp; &#8222;Liselott von der Pfalz&#8220; im Doppelpack Rheinpfalz vom 10.06.2000 ALTLEININGEN: Mutter und Tochter \u00fcbernehmen Regieaufgaben &nbsp; Eigentlich sollte das erste St\u00fcck, das vor 20 Jahren auf der Altleininger Burg aufgef\u00fchrt wurde, ein einmaliges Experiment bleiben, nur f\u00fcrs Jubil\u00e4um der&hellip; <\/p>\n","protected":false},"author":3,"featured_media":0,"parent":187,"menu_order":0,"comment_status":"closed","ping_status":"closed","template":"","meta":{"footnotes":""},"class_list":["post-1026","page","type-page","status-publish","hentry"],"_links":{"self":[{"href":"https:\/\/burgspiele-test.net\/index.php?rest_route=\/wp\/v2\/pages\/1026","targetHints":{"allow":["GET"]}}],"collection":[{"href":"https:\/\/burgspiele-test.net\/index.php?rest_route=\/wp\/v2\/pages"}],"about":[{"href":"https:\/\/burgspiele-test.net\/index.php?rest_route=\/wp\/v2\/types\/page"}],"author":[{"embeddable":true,"href":"https:\/\/burgspiele-test.net\/index.php?rest_route=\/wp\/v2\/users\/3"}],"replies":[{"embeddable":true,"href":"https:\/\/burgspiele-test.net\/index.php?rest_route=%2Fwp%2Fv2%2Fcomments&post=1026"}],"version-history":[{"count":3,"href":"https:\/\/burgspiele-test.net\/index.php?rest_route=\/wp\/v2\/pages\/1026\/revisions"}],"predecessor-version":[{"id":1040,"href":"https:\/\/burgspiele-test.net\/index.php?rest_route=\/wp\/v2\/pages\/1026\/revisions\/1040"}],"up":[{"embeddable":true,"href":"https:\/\/burgspiele-test.net\/index.php?rest_route=\/wp\/v2\/pages\/187"}],"wp:attachment":[{"href":"https:\/\/burgspiele-test.net\/index.php?rest_route=%2Fwp%2Fv2%2Fmedia&parent=1026"}],"curies":[{"name":"wp","href":"https:\/\/api.w.org\/{rel}","templated":true}]}}